{"id":9966596119626,"date":"2025-10-12T09:08:58","date_gmt":"2025-10-12T09:08:58","guid":{"rendered":"https:\/\/annika.jewelry\/?page_id=9966596119626"},"modified":"2025-11-12T11:42:30","modified_gmt":"2025-11-12T11:42:30","slug":"elementor-page-9966596119626","status":"publish","type":"page","link":"https:\/\/annika.jewelry\/pl\/elementor-page-9966596119626\/","title":{"rendered":"PRIVACY POLICY"},"content":{"rendered":"<div data-elementor-type=\"wp-page\" data-elementor-id=\"9966596119626\" class=\"elementor elementor-9966596119626\" data-elementor-post-type=\"page\">\n\t\t\t\t<div class=\"elementor-element elementor-element-18759d0 e-flex e-con-boxed e-con e-parent\" data-id=\"18759d0\" data-element_type=\"container\" data-e-type=\"container\">\n\t\t\t\t\t<div class=\"e-con-inner\">\n\t\t\t\t<div class=\"elementor-element elementor-element-04bf7b8 elementor-widget elementor-widget-text-editor\" data-id=\"04bf7b8\" data-element_type=\"widget\" data-e-type=\"widget\" data-widget_type=\"text-editor.default\">\n\t\t\t\t<div class=\"elementor-widget-container\">\n\t\t\t\t\t\t\t\t\t<h6>HEY THERE! YOUR PRIVACY MATTERS TO US<\/h6><p>At Annika, and we care about keeping your personal information safe. This policy explains what data we collect and how we use it when you visit our website or shop with us.<\/p><h6>\u00a0<\/h6><h6>WHAT INFORMATION WE GATHER<\/h6><p>When you&#8217;re just browsing our site:<\/p><ul><li>Basic device info to help our site work properly<\/li><li>Which pages you visit and how long you stay<\/li><li>How you found our site<\/li><li>Cookie preferences to remember your settings<\/li><\/ul><p>When you shop with us:<\/p><ul><li>Your name and where to send your beautiful jewelry<\/li><li>Payment details (don&#8217;t worry &#8211; these are processed securely and we don&#8217;t store your full card info)<\/li><li>What you&#8217;ve purchased (so we can help with any questions later)<\/li><li>How you prefer us to stay in touch<\/li><\/ul><p>When you reach out to us:<\/p><ul><li>Your name and email<\/li><li>Whatever details you share in your message<\/li><\/ul><h6>\u00a0<\/h6><h6>HOW WE USE YOUR INFORMATION<\/h6><p>Here&#8217;s what we do with the information you share:<\/p><ul><li>Get your gorgeous jewelry delivered to the right place<\/li><li>Answer your questions and provide support<\/li><li>Keep you updated about your order<\/li><li>Make our website and products even better<\/li><li>Let you know about things you might like (only if you say it&#8217;s okay)<\/li><li>Make sure we&#8217;re following the law<\/li><li>Keep our transactions secure<\/li><\/ul><h6>\u00a0<\/h6><h6>THE LEGAL STUFF (BUT SIMPLIFIED)<\/h6><p>Under EU privacy law, we have legitimate reasons to use your data:<\/p><ul><li>To fulfill your orders and our agreement with you<\/li><li>To run our business effectively<\/li><li>To comply with legal requirements<\/li><li>When you&#8217;ve specifically said it&#8217;s okay (like for newsletters)<\/li><\/ul><h6>\u00a0<\/h6><h6>COOKIES (THE DIGITAL KIND, NOT THE TASTY ONES)<\/h6><p>Our website uses cookies to work properly and give you a better shopping experience. You can always manage your cookie settings through our Cookie Consent Manager on our website.<\/p><h6>\u00a0<\/h6><h6>WHO WE SHARE YOUR DATA WITH<\/h6><p>We only share your information with trusted partners who help us serve you better:<\/p><ul><li>Payment processors (so your transactions go through smoothly)<\/li><li>Shipping companies (to deliver your jewelry)<\/li><li>Email providers (to send order confirmations)<\/li><li>Analytics tools (to improve your shopping experience)<\/li><\/ul><p>Don&#8217;t worry &#8211; we NEVER sell your personal information to third parties.<\/p><h6>\u00a0<\/h6><h6>KEEPING YOUR DATA SAFE<\/h6><p>We take security seriously and use up-to-date technology to protect your information. While no online system is 100% secure, we use industry-standard measures to guard your data against unauthorized access.<\/p><h6>\u00a0<\/h6><h6>HOW LONG WE KEEP YOUR INFORMATION<\/h6><p>We only keep your data for as long as we need it to:<\/p><ul><li>Provide our services to you<\/li><li>Meet our legal obligations<\/li><li>Resolve any issues that might come up<\/li><li>Improve your experience with us<\/li><\/ul><h6>\u00a0<\/h6><h6>YOUR RIGHTS (YOU HAVE MANY!)<\/h6><p>As an EU resident, you&#8217;re in control of your data. You can:<\/p><ul><li>See what information we have about you<\/li><li>Update anything that&#8217;s not correct<\/li><li>Ask us to delete your data (in most cases)<\/li><li>Object to certain types of processing<\/li><li>Get a copy of your data in a usable format<\/li><li>Opt out of marketing messages anytime<\/li><\/ul><p>Just email us at\u00a0<a href=\"mailto:info@annika.jewelry\" target=\"_blank\" rel=\"noopener\">info@annika.jewelry<\/a>\u00a0to exercise any of these rights.<\/p><h6>\u00a0<\/h6><h6>INTERNATIONAL DATA CONSIDERATIONS<\/h6><p>While we&#8217;re based in the EU, some of our service providers might be located elsewhere. When your data travels internationally, we make sure it stays protected according to EU standards.<\/p><h6>\u00a0<\/h6><h6>UPDATES TO THIS POLICY<\/h6><p>We might update this policy occasionally as our services evolve or laws change. We&#8217;ll post any updates here with a new date stamp. For major changes, we&#8217;ll send you an email if we have your contact details.<\/p><h6>\u00a0<\/h6><h6>GET IN TOUCH<\/h6><p>Have questions about your privacy? We&#8217;re here to help! Just reach out to:<\/p><p>Email:\u00a0<a href=\"mailto:info@annika.jewelry\" target=\"_blank\" rel=\"noopener\">info@annika.jewelry<\/a><br \/>Address: \u017dvaig\u017ed\u017ei\u0173 g. 4, Radiki\u0173 k., LT-54347 Kauno r., Lithuania<\/p><p>\u00a0<\/p><p>\u00a9 2025 Annika Retail. All Rights Reserved.<\/p><hr data-start=\"2298\" data-end=\"2301\" \/><p data-start=\"343\" data-end=\"400\">\u00a0<\/p>\t\t\t\t\t\t\t\t<\/div>\n\t\t\t\t<\/div>\n\t\t\t\t\t<\/div>\n\t\t\t\t<\/div>\n\t\t\t\t<\/div>","protected":false},"excerpt":{"rendered":"<p>HEY THERE! YOUR PRIVACY MATTERS TO US At Annika, and we care about keeping your personal information safe. This policy explains what data we collect and how we use it when you visit our website or shop with us. \u00a0 WHAT INFORMATION WE GATHER When you&#8217;re just browsing our site: Basic device info to help our site work properly Which pages you visit and how long you stay How you found our site Cookie preferences to remember your settings When you shop with us: Your name and where to send your beautiful jewelry Payment details (don&#8217;t worry &#8211; these are processed securely and we don&#8217;t store your full card info) What you&#8217;ve purchased (so we can help with any questions later) How you prefer us to stay in touch When you reach out to us: Your name and email Whatever details you share in your message \u00a0 HOW WE USE YOUR INFORMATION Here&#8217;s what we do with the information you share: Get your gorgeous jewelry delivered to the right place Answer your questions and provide support Keep you updated about your order Make our website and products even better Let you know about things you might like (only if you say it&#8217;s okay) Make sure we&#8217;re following the law Keep our transactions secure \u00a0 THE LEGAL STUFF (BUT SIMPLIFIED) Under EU privacy law, we have legitimate reasons to use your data: To fulfill your orders and our agreement with you To run our business effectively To comply with legal requirements When you&#8217;ve specifically said it&#8217;s okay (like for newsletters) \u00a0 COOKIES (THE DIGITAL KIND, NOT THE TASTY ONES) Our website uses cookies to work properly and give you a better shopping experience. You can always manage your cookie settings through our Cookie Consent Manager on our website. \u00a0 WHO WE SHARE YOUR DATA WITH We only share your information with trusted partners who help us serve you better: Payment processors (so your transactions go through smoothly) Shipping companies (to deliver your jewelry) Email providers (to send order confirmations) Analytics tools (to improve your shopping experience) Don&#8217;t worry &#8211; we NEVER sell your personal information to third parties. \u00a0 KEEPING YOUR DATA SAFE We take security seriously and use up-to-date technology to protect your information. While no online system is 100% secure, we use industry-standard measures to guard your data against unauthorized access. \u00a0 HOW LONG WE KEEP YOUR INFORMATION We only keep your data for as long as we need it to: Provide our services to you Meet our legal obligations Resolve any issues that might come up Improve your experience with us \u00a0 YOUR RIGHTS (YOU HAVE MANY!) As an EU resident, you&#8217;re in control of your data. You can: See what information we have about you Update anything that&#8217;s not correct Ask us to delete your data (in most cases) Object to certain types of processing Get a copy of your data in a usable format Opt out of marketing messages anytime Just email us at\u00a0info@annika.jewelry\u00a0to exercise any of these rights. \u00a0 INTERNATIONAL DATA CONSIDERATIONS While we&#8217;re based in the EU, some of our service providers might be located elsewhere. When your data travels internationally, we make sure it stays protected according to EU standards. \u00a0 UPDATES TO THIS POLICY We might update this policy occasionally as our services evolve or laws change. We&#8217;ll post any updates here with a new date stamp. For major changes, we&#8217;ll send you an email if we have your contact details. \u00a0 GET IN TOUCH Have questions about your privacy? We&#8217;re here to help! Just reach out to: Email:\u00a0info@annika.jewelryAddress: \u017dvaig\u017ed\u017ei\u0173 g. 4, Radiki\u0173 k., LT-54347 Kauno r., Lithuania \u00a0 \u00a9 2025 Annika Retail. All Rights Reserved. \u00a0<\/p>","protected":false},"author":8,"featured_media":0,"parent":0,"menu_order":0,"comment_status":"closed","ping_status":"closed","template":"","meta":{"_glsr_average":0,"_glsr_ranking":0,"_glsr_reviews":0,"footnotes":""},"class_list":["post-9966596119626","page","type-page","status-publish","hentry","post-no-thumbnail"],"_links":{"self":[{"href":"https:\/\/annika.jewelry\/pl\/wp-json\/wp\/v2\/pages\/9966596119626","targetHints":{"allow":["GET"]}}],"collection":[{"href":"https:\/\/annika.jewelry\/pl\/wp-json\/wp\/v2\/pages"}],"about":[{"href":"https:\/\/annika.jewelry\/pl\/wp-json\/wp\/v2\/types\/page"}],"author":[{"embeddable":true,"href":"https:\/\/annika.jewelry\/pl\/wp-json\/wp\/v2\/users\/8"}],"replies":[{"embeddable":true,"href":"https:\/\/annika.jewelry\/pl\/wp-json\/wp\/v2\/comments?post=9966596119626"}],"version-history":[{"count":20,"href":"https:\/\/annika.jewelry\/pl\/wp-json\/wp\/v2\/pages\/9966596119626\/revisions"}],"predecessor-version":[{"id":9966596124002,"href":"https:\/\/annika.jewelry\/pl\/wp-json\/wp\/v2\/pages\/9966596119626\/revisions\/9966596124002"}],"wp:attachment":[{"href":"https:\/\/annika.jewelry\/pl\/wp-json\/wp\/v2\/media?parent=9966596119626"}],"curies":[{"name":"wp","href":"https:\/\/api.w.org\/{rel}","templated":true}]}}