{"id":9966596119419,"date":"2025-10-11T15:18:06","date_gmt":"2025-10-11T15:18:06","guid":{"rendered":"https:\/\/annika.jewelry\/?page_id=9966596119419"},"modified":"2025-12-24T21:30:46","modified_gmt":"2025-12-24T21:30:46","slug":"magazine","status":"publish","type":"page","link":"https:\/\/annika.jewelry\/pl\/magazine\/","title":{"rendered":"Magazine"},"content":{"rendered":"<div data-elementor-type=\"wp-page\" data-elementor-id=\"9966596119419\" class=\"elementor elementor-9966596119419\" data-elementor-post-type=\"page\">\n\t\t\t\t<div class=\"elementor-element elementor-element-9bfb8f9 e-con-full e-flex e-con e-parent\" data-id=\"9bfb8f9\" data-element_type=\"container\" data-e-type=\"container\">\n\t\t<div class=\"elementor-element elementor-element-9d21602 e-flex e-con-boxed e-con e-child\" data-id=\"9d21602\" data-element_type=\"container\" data-e-type=\"container\">\n\t\t\t\t\t<div class=\"e-con-inner\">\n\t\t\t\t<div class=\"elementor-element elementor-element-3592c00 elementor-widget elementor-widget-heading\" data-id=\"3592c00\" data-element_type=\"widget\" data-e-type=\"widget\" data-widget_type=\"heading.default\">\n\t\t\t\t<div class=\"elementor-widget-container\">\n\t\t\t\t\t<h2 class=\"elementor-heading-title elementor-size-default\">Magazine<\/h2>\t\t\t\t<\/div>\n\t\t\t\t<\/div>\n\t\t\t\t<div class=\"elementor-element elementor-element-9fa23f9 elementor-widget__width-initial elementor-widget elementor-widget-text-editor\" data-id=\"9fa23f9\" data-element_type=\"widget\" data-e-type=\"widget\" data-widget_type=\"text-editor.default\">\n\t\t\t\t<div class=\"elementor-widget-container\">\n\t\t\t\t\t\t\t\t\t<p>From magazine covers to curated playlists \u2014 a glimpse into ANNIKA\u2019s evolving universe of beauty, rhythm, and identity.<\/p>\t\t\t\t\t\t\t\t<\/div>\n\t\t\t\t<\/div>\n\t\t\t\t\t<\/div>\n\t\t\t\t<\/div>\n\t\t\t\t<\/div>\n\t\t<div class=\"elementor-element elementor-element-c8bfe15 e-grid e-con-full e-con e-parent\" data-id=\"c8bfe15\" data-element_type=\"container\" data-e-type=\"container\">\n\t\t\t\t<div class=\"elementor-element elementor-element-5d15706 minimog-box-animation-move-up minimog-animation-zoom-in elementor-widget elementor-widget-tm-image-box\" data-id=\"5d15706\" data-element_type=\"widget\" data-e-type=\"widget\" data-widget_type=\"tm-image-box.default\">\n\t\t\t\t<div class=\"elementor-widget-container\">\n\t\t\t\t\t\t\t<a class=\"tm-image-box minimog-box tm-image-box--image-top tm-image-box--style-1 link-secret\" href=\"https:\/\/annika.jewelry\/beatrich-x-annika-cover-story-in-zmones-magazine\/\">\t\t<div class=\"tm-image-box__wrap\">\n\n\t\t\t\t\t\t\t<div class=\"tm-image-box__image\">\n\t\t\t\t\t<m-image class=\"minimog-lazy-image minimog-image\" style=\"--lazy-image-width: 1365px;--lazy-image-height: 150.03663003663%;\" data-image-loading><img loading=\"lazy\" decoding=\"async\" src=\"https:\/\/annika.jewelry\/wp-content\/uploads\/2025\/10\/2025-06-11-Beatrich-Zmones18890020.jpg.webp\" width=\"1365\" height=\"2048\" alt=\"2025-06-11-Beatrich-Zmones18890020.jpg\" class=\"attachment-full size-full\" title=\"\"><\/m-image>\t\t\t\t\t\t\t\t\t<\/div>\n\t\t\t\n\t\t\t<div class=\"tm-image-box__content\">\n\t\t\t\t<div class=\"tm-image-box__title-wrapper\"><h3 class=\"tm-image-box__title\"><span class=\"tm-image-box__title-text\">BEATRICH X ANNIKA: COVER STORY IN \u017dMON\u0116S MAGAZINE<\/span><\/h3><\/div>\n\t\t\t\t\t\t<div class=\"tm-image-box__description\">\n\t\t\tSinger Beatrich graces the cover of the latest \u017dMON\u0116S magazine \u2014 radiant, bold, and unapologetically herself. In every shot, she wears ANNIKA jewelry \u2014 pieces chosen to reflect her strength, softness, and unmistakable presence.\t\t<\/div>\n\t\t\n\t\t\t\t\t\t<div class=\"tm-button-wrapper\">\n\t\t\t<div class=\"tm-button style-bottom-thick-line tm-button-nm\">\n\t\t\t<div class=\"button-content-wrapper\">\n\t\t\t\t\n\t\t\t\t\t\t\t\t\t<span class=\"button-text\">Read More \u2192<\/span>\n\n\t\t\t\t\t\t\t\t\t\n\t\t\t\t\t\t\t<\/div>\n\t\t\t<\/div>\t\t<\/div>\n\t\t\t\t\t<\/div>\n\n\t\t<\/div>\n\t\t<\/a>\t\t\t\t\t\t<\/div>\n\t\t\t\t<\/div>\n\t\t\t\t<div class=\"elementor-element elementor-element-affa0ad minimog-box-animation-move-up minimog-animation-zoom-in elementor-widget elementor-widget-tm-image-box\" data-id=\"affa0ad\" data-element_type=\"widget\" data-e-type=\"widget\" data-widget_type=\"tm-image-box.default\">\n\t\t\t\t<div class=\"elementor-widget-container\">\n\t\t\t\t\t\t\t<a class=\"tm-image-box minimog-box tm-image-box--image-top tm-image-box--style-1 link-secret\" href=\"https:\/\/annika.jewelry\/hoop-earrings-guide\/\">\t\t<div class=\"tm-image-box__wrap\">\n\n\t\t\t\t\t\t\t<div class=\"tm-image-box__image\">\n\t\t\t\t\t<m-image class=\"minimog-lazy-image minimog-image\" style=\"--lazy-image-width: 1080px;--lazy-image-height: 177.77777777778%;\" data-image-loading><img loading=\"lazy\" decoding=\"async\" src=\"https:\/\/annika.jewelry\/wp-content\/uploads\/2025\/10\/Untitled_design_22.png.webp\" width=\"1080\" height=\"1920\" alt=\"Untitleddesign22.png\" class=\"attachment-full size-full\" title=\"\"><\/m-image>\t\t\t\t\t\t\t\t\t<\/div>\n\t\t\t\n\t\t\t<div class=\"tm-image-box__content\">\n\t\t\t\t<div class=\"tm-image-box__title-wrapper\"><h3 class=\"tm-image-box__title\"><span class=\"tm-image-box__title-text\">HOOP EARRINGS GUIDE<\/span><\/h3><\/div>\n\t\t\t\t\t\t<div class=\"tm-image-box__description\">\n\t\t\tYour first pair of hoop earrings should be simple and versatile - perfect for wearing from morning to evening. But for your next pair, why not try something bolder?\t\t<\/div>\n\t\t\n\t\t\t\t\t\t<div class=\"tm-button-wrapper\">\n\t\t\t<div class=\"tm-button style-bottom-thick-line tm-button-nm\">\n\t\t\t<div class=\"button-content-wrapper\">\n\t\t\t\t\n\t\t\t\t\t\t\t\t\t<span class=\"button-text\">Read More \u2192<\/span>\n\n\t\t\t\t\t\t\t\t\t\n\t\t\t\t\t\t\t<\/div>\n\t\t\t<\/div>\t\t<\/div>\n\t\t\t\t\t<\/div>\n\n\t\t<\/div>\n\t\t<\/a>\t\t\t\t\t\t<\/div>\n\t\t\t\t<\/div>\n\t\t\t\t<div class=\"elementor-element elementor-element-406e472 minimog-box-animation-move-up minimog-animation-zoom-in elementor-widget elementor-widget-tm-image-box\" data-id=\"406e472\" data-element_type=\"widget\" data-e-type=\"widget\" data-widget_type=\"tm-image-box.default\">\n\t\t\t\t<div class=\"elementor-widget-container\">\n\t\t\t\t\t\t\t<a class=\"tm-image-box minimog-box tm-image-box--image-top tm-image-box--style-1 link-secret\" href=\"https:\/\/open.spotify.com\/playlist\/47XAq3ILlFQMy3Alhv6loJ?si=VVPBZnHRRkCEGEVh4Cx-zA&#038;nd=1&#038;dlsi=c9e40702d1994b0f\" target=\"_blank\" rel=\"noopener\">\t\t<div class=\"tm-image-box__wrap\">\n\n\t\t\t\t\t\t\t<div class=\"tm-image-box__image\">\n\t\t\t\t\t<m-image class=\"minimog-lazy-image minimog-image\" style=\"--lazy-image-width: 564px;--lazy-image-height: 141.48936170213%;\" data-image-loading><img loading=\"lazy\" decoding=\"async\" src=\"https:\/\/annika.jewelry\/wp-content\/uploads\/2025\/10\/01_LOVE_2.png.webp\" width=\"564\" height=\"798\" alt=\"01LOVE2.png\" class=\"attachment-full size-full\" title=\"\"><\/m-image>\t\t\t\t\t\t\t\t\t<\/div>\n\t\t\t\n\t\t\t<div class=\"tm-image-box__content\">\n\t\t\t\t<div class=\"tm-image-box__title-wrapper\"><h3 class=\"tm-image-box__title\"><span class=\"tm-image-box__title-text\">ANNIKA LISTEN: 03 DREAMER<\/span><\/h3><\/div>\n\t\t\t\t\t\t<div class=\"tm-image-box__description\">\n\t\t\tANNIKA's third playlist: a fusion of electronic, soul, and experimental soundscapes. Enjoy!\t\t<\/div>\n\t\t\n\t\t\t\t\t\t<div class=\"tm-button-wrapper\">\n\t\t\t<div class=\"tm-button style-bottom-thick-line tm-button-nm\">\n\t\t\t<div class=\"button-content-wrapper\">\n\t\t\t\t\n\t\t\t\t\t\t\t\t\t<span class=\"button-text\">Listen \u2192<\/span>\n\n\t\t\t\t\t\t\t\t\t\n\t\t\t\t\t\t\t<\/div>\n\t\t\t<\/div>\t\t<\/div>\n\t\t\t\t\t<\/div>\n\n\t\t<\/div>\n\t\t<\/a>\t\t\t\t\t\t<\/div>\n\t\t\t\t<\/div>\n\t\t\t\t<div class=\"elementor-element elementor-element-1cfcb61 minimog-box-animation-move-up minimog-animation-zoom-in elementor-widget elementor-widget-tm-image-box\" data-id=\"1cfcb61\" data-element_type=\"widget\" data-e-type=\"widget\" data-widget_type=\"tm-image-box.default\">\n\t\t\t\t<div class=\"elementor-widget-container\">\n\t\t\t\t\t\t\t<a class=\"tm-image-box minimog-box tm-image-box--image-top tm-image-box--style-1 link-secret\" href=\"https:\/\/annika.jewelry\/jewelry-care\/\">\t\t<div class=\"tm-image-box__wrap\">\n\n\t\t\t\t\t\t\t<div class=\"tm-image-box__image\">\n\t\t\t\t\t<m-image class=\"minimog-lazy-image minimog-image\" style=\"--lazy-image-width: 1600px;--lazy-image-height: 150.3125%;\" data-image-loading><img loading=\"lazy\" decoding=\"async\" src=\"https:\/\/annika.jewelry\/wp-content\/uploads\/2025\/10\/anika-lookbook-0147-scaled.jpg.webp\" width=\"1600\" height=\"2405\" alt=\"anika-lookbook-0147-scaled.jpg\" class=\"attachment-full size-full\" title=\"\"><\/m-image>\t\t\t\t\t\t\t\t\t<\/div>\n\t\t\t\n\t\t\t<div class=\"tm-image-box__content\">\n\t\t\t\t<div class=\"tm-image-box__title-wrapper\"><h3 class=\"tm-image-box__title\"><span class=\"tm-image-box__title-text\">JEWELRY CARE<\/span><\/h3><\/div>\n\t\t\t\t\t\t<div class=\"tm-image-box__description\">\n\t\t\tProper care is essential to keep your jewelry beautiful and lasting a lifetime. Whether it\u2019s 925 sterling silver, stainless steel, or pieces adorned with diamonds, each material requires attention to maintain its brilliance.\t\t<\/div>\n\t\t\n\t\t\t\t\t\t<div class=\"tm-button-wrapper\">\n\t\t\t<div class=\"tm-button style-bottom-thick-line tm-button-nm\">\n\t\t\t<div class=\"button-content-wrapper\">\n\t\t\t\t\n\t\t\t\t\t\t\t\t\t<span class=\"button-text\">Read More \u2192<\/span>\n\n\t\t\t\t\t\t\t\t\t\n\t\t\t\t\t\t\t<\/div>\n\t\t\t<\/div>\t\t<\/div>\n\t\t\t\t\t<\/div>\n\n\t\t<\/div>\n\t\t<\/a>\t\t\t\t\t\t<\/div>\n\t\t\t\t<\/div>\n\t\t\t\t<\/div>\n\t\t<div class=\"elementor-element elementor-element-62f4f0c e-flex e-con-boxed e-con e-parent\" data-id=\"62f4f0c\" data-element_type=\"container\" data-e-type=\"container\">\n\t\t\t\t\t<div class=\"e-con-inner\">\n\t\t\t\t<div class=\"elementor-element elementor-element-63f1129 elementor-widget elementor-widget-spacer\" data-id=\"63f1129\" data-element_type=\"widget\" data-e-type=\"widget\" data-widget_type=\"spacer.default\">\n\t\t\t\t<div class=\"elementor-widget-container\">\n\t\t\t\t\t\t\t<div class=\"elementor-spacer\">\n\t\t\t<div class=\"elementor-spacer-inner\"><\/div>\n\t\t<\/div>\n\t\t\t\t\t\t<\/div>\n\t\t\t\t<\/div>\n\t\t\t\t\t<\/div>\n\t\t\t\t<\/div>\n\t\t<div class=\"elementor-element elementor-element-feced08 e-flex e-con-boxed e-con e-parent\" data-id=\"feced08\" data-element_type=\"container\" data-e-type=\"container\" data-settings=\"{&quot;background_background&quot;:&quot;classic&quot;}\">\n\t\t\t\t\t<div class=\"e-con-inner\">\n\t\t\t\t<div class=\"elementor-element elementor-element-5fa2313 minimog-animation-zoom-in elementor-widget__width-initial elementor-widget elementor-widget-tm-image-box\" data-id=\"5fa2313\" data-element_type=\"widget\" data-e-type=\"widget\" data-widget_type=\"tm-image-box.default\">\n\t\t\t\t<div class=\"elementor-widget-container\">\n\t\t\t\t\t\t\t<a class=\"tm-image-box minimog-box tm-image-box--image- tm-image-box--style-1 link-secret\" href=\"https:\/\/minimog.thememove.com\/robust\/shop\" target=\"_blank\" rel=\"noopener\">\t\t<div class=\"tm-image-box__wrap\">\n\n\t\t\t\n\t\t\t<div class=\"tm-image-box__content\">\n\t\t\t\t<div class=\"tm-image-box__title-wrapper\"><h3 class=\"tm-image-box__title\"><span class=\"tm-image-box__title-text\">ENJOY 15% OFF YOUR FIRST ORDER<\/span><\/h3><\/div>\n\t\t\t\t\t\t<div class=\"tm-image-box__description\">\n\t\t\tSign up now to get 15% off your first purchase, plus VIP access to exclusive ANNIKA.LT updates and offers.\t\t<\/div>\n\t\t\n\t\t\t\t\t\t\t<\/div>\n\n\t\t<\/div>\n\t\t<\/a>\t\t\t\t\t\t<\/div>\n\t\t\t\t<\/div>\n\t\t\t\t\t<\/div>\n\t\t\t\t<\/div>\n\t\t<div class=\"elementor-element elementor-element-686d38d e-flex e-con-boxed e-con e-parent\" data-id=\"686d38d\" data-element_type=\"container\" data-e-type=\"container\">\n\t\t\t\t\t<div class=\"e-con-inner\">\n\t\t\t\t<div class=\"elementor-element elementor-element-4818db9 elementor-widget elementor-widget-spacer\" data-id=\"4818db9\" data-element_type=\"widget\" data-e-type=\"widget\" data-widget_type=\"spacer.default\">\n\t\t\t\t<div class=\"elementor-widget-container\">\n\t\t\t\t\t\t\t<div class=\"elementor-spacer\">\n\t\t\t<div class=\"elementor-spacer-inner\"><\/div>\n\t\t<\/div>\n\t\t\t\t\t\t<\/div>\n\t\t\t\t<\/div>\n\t\t\t\t\t<\/div>\n\t\t\t\t<\/div>\n\t\t<div class=\"elementor-element elementor-element-5a590ac e-grid e-con-full e-con e-parent\" data-id=\"5a590ac\" data-element_type=\"container\" data-e-type=\"container\">\n\t\t\t\t<div class=\"elementor-element elementor-element-7fe391a minimog-box-animation-move-up minimog-animation-zoom-in elementor-widget elementor-widget-tm-image-box\" data-id=\"7fe391a\" data-element_type=\"widget\" data-e-type=\"widget\" data-widget_type=\"tm-image-box.default\">\n\t\t\t\t<div class=\"elementor-widget-container\">\n\t\t\t\t\t\t\t<a class=\"tm-image-box minimog-box tm-image-box--image-top tm-image-box--style-1 link-secret\" href=\"https:\/\/open.spotify.com\/playlist\/4xyY4V2egq1M7ms8INt1EM?si=x2ylttKqRIeIJ-SBhfoi8Q&#038;nd=1&#038;dlsi=e5eb0380925d46a0\" target=\"_blank\" rel=\"noopener\">\t\t<div class=\"tm-image-box__wrap\">\n\n\t\t\t\t\t\t\t<div class=\"tm-image-box__image\">\n\t\t\t\t\t<m-image class=\"minimog-lazy-image minimog-image\" style=\"--lazy-image-width: 940px;--lazy-image-height: 150.31914893617%;\" data-image-loading><img loading=\"lazy\" decoding=\"async\" src=\"https:\/\/annika.jewelry\/wp-content\/uploads\/2025\/10\/ZURNALO_DYDIS_1_cb74a550-2281-4f38-a5a4-7c37fd48dd1a.png.webp\" width=\"940\" height=\"1413\" alt=\"ZURNALODYDIS1cb74a550-2281-4f38-a5a4-7c37fd48dd1a.png\" class=\"attachment-full size-full\" title=\"\"><\/m-image>\t\t\t\t\t\t\t\t\t<\/div>\n\t\t\t\n\t\t\t<div class=\"tm-image-box__content\">\n\t\t\t\t<div class=\"tm-image-box__title-wrapper\"><h3 class=\"tm-image-box__title\"><span class=\"tm-image-box__title-text\">ANNIKA LISTEN: 02 KESSINI<\/span><\/h3><\/div>\n\t\t\t\t\t\t<div class=\"tm-image-box__description\">\n\t\t\tA touch of spring vibes with ANNIKA\u2019s friend, KESSINI.\t\t<\/div>\n\t\t\n\t\t\t\t\t\t<div class=\"tm-button-wrapper\">\n\t\t\t<div class=\"tm-button style-bottom-thick-line tm-button-nm\">\n\t\t\t<div class=\"button-content-wrapper\">\n\t\t\t\t\n\t\t\t\t\t\t\t\t\t<span class=\"button-text\">listen \u2192<\/span>\n\n\t\t\t\t\t\t\t\t\t\n\t\t\t\t\t\t\t<\/div>\n\t\t\t<\/div>\t\t<\/div>\n\t\t\t\t\t<\/div>\n\n\t\t<\/div>\n\t\t<\/a>\t\t\t\t\t\t<\/div>\n\t\t\t\t<\/div>\n\t\t\t\t<div class=\"elementor-element elementor-element-c110b22 minimog-box-animation-move-up minimog-animation-zoom-in elementor-widget elementor-widget-tm-image-box\" data-id=\"c110b22\" data-element_type=\"widget\" data-e-type=\"widget\" data-widget_type=\"tm-image-box.default\">\n\t\t\t\t<div class=\"elementor-widget-container\">\n\t\t\t\t\t\t\t<a class=\"tm-image-box minimog-box tm-image-box--image-top tm-image-box--style-1 link-secret\" href=\"https:\/\/annika.jewelry\/elementor-page-9966596119597\/\">\t\t<div class=\"tm-image-box__wrap\">\n\n\t\t\t\t\t\t\t<div class=\"tm-image-box__image\">\n\t\t\t\t\t<m-image class=\"minimog-lazy-image minimog-image\" style=\"--lazy-image-width: 990px;--lazy-image-height: 125.05050505051%;\" data-image-loading><img loading=\"lazy\" decoding=\"async\" src=\"https:\/\/annika.jewelry\/wp-content\/uploads\/2025\/10\/Untitled-design-5.png.webp\" width=\"990\" height=\"1238\" alt=\"Untitled-design-5.png\" class=\"attachment-full size-full\" title=\"\"><\/m-image>\t\t\t\t\t\t\t\t\t<\/div>\n\t\t\t\n\t\t\t<div class=\"tm-image-box__content\">\n\t\t\t\t<div class=\"tm-image-box__title-wrapper\"><h3 class=\"tm-image-box__title\"><span class=\"tm-image-box__title-text\">RING SIZE CHART<\/span><\/h3><\/div>\n\t\t\t\t\t\t<div class=\"tm-image-box__description\">\n\t\t\tWhen buying a ring online or selecting one for someone else, it\u2019s important to know the most accurate ring size. Below, you\u2019ll find a conversion chart from various regional sizes to ANNIKA\u2019s standards.\t\t<\/div>\n\t\t\n\t\t\t\t\t\t<div class=\"tm-button-wrapper\">\n\t\t\t<div class=\"tm-button style-bottom-thick-line tm-button-nm\">\n\t\t\t<div class=\"button-content-wrapper\">\n\t\t\t\t\n\t\t\t\t\t\t\t\t\t<span class=\"button-text\">Read More \u2192<\/span>\n\n\t\t\t\t\t\t\t\t\t\n\t\t\t\t\t\t\t<\/div>\n\t\t\t<\/div>\t\t<\/div>\n\t\t\t\t\t<\/div>\n\n\t\t<\/div>\n\t\t<\/a>\t\t\t\t\t\t<\/div>\n\t\t\t\t<\/div>\n\t\t\t\t<div class=\"elementor-element elementor-element-5f7b2ad minimog-box-animation-move-up minimog-animation-zoom-in elementor-widget elementor-widget-tm-image-box\" data-id=\"5f7b2ad\" data-element_type=\"widget\" data-e-type=\"widget\" data-widget_type=\"tm-image-box.default\">\n\t\t\t\t<div class=\"elementor-widget-container\">\n\t\t\t\t\t\t\t<a class=\"tm-image-box minimog-box tm-image-box--image-top tm-image-box--style-1 link-secret\" href=\"https:\/\/open.spotify.com\/playlist\/4HSg5K86hNie8zAia77K0f?si=dR7nXJ1AQfi3BvYBGik9rg&#038;nd=1&#038;dlsi=949a221bb9d54d91\" target=\"_blank\" rel=\"noopener\">\t\t<div class=\"tm-image-box__wrap\">\n\n\t\t\t\t\t\t\t<div class=\"tm-image-box__image\">\n\t\t\t\t\t<m-image class=\"minimog-lazy-image minimog-image\" style=\"--lazy-image-width: 564px;--lazy-image-height: 141.48936170213%;\" data-image-loading><img loading=\"lazy\" decoding=\"async\" src=\"https:\/\/annika.jewelry\/wp-content\/uploads\/2025\/10\/01_LOVE.png.webp\" width=\"564\" height=\"798\" alt=\"01LOVE.png\" class=\"attachment-full size-full\" title=\"\"><\/m-image>\t\t\t\t\t\t\t\t\t<\/div>\n\t\t\t\n\t\t\t<div class=\"tm-image-box__content\">\n\t\t\t\t<div class=\"tm-image-box__title-wrapper\"><h3 class=\"tm-image-box__title\"><span class=\"tm-image-box__title-text\">ANNIKA LISTEN: 01 LOVE<\/span><\/h3><\/div>\n\t\t\t\t\t\t<div class=\"tm-image-box__description\">\n\t\t\tA playlist created for February, the month of love, yet timeless for every day! Let\u2019s celebrate love across all seasons and embrace experiences that truly transform.\t\t<\/div>\n\t\t\n\t\t\t\t\t\t<div class=\"tm-button-wrapper\">\n\t\t\t<div class=\"tm-button style-bottom-thick-line tm-button-sm\">\n\t\t\t<div class=\"button-content-wrapper\">\n\t\t\t\t\n\t\t\t\t\t\t\t\t\t<span class=\"button-text\">listen \u2192<\/span>\n\n\t\t\t\t\t\t\t\t\t\n\t\t\t\t\t\t\t<\/div>\n\t\t\t<\/div>\t\t<\/div>\n\t\t\t\t\t<\/div>\n\n\t\t<\/div>\n\t\t<\/a>\t\t\t\t\t\t<\/div>\n\t\t\t\t<\/div>\n\t\t\t\t<\/div>\n\t\t<div class=\"elementor-element elementor-element-691d823 e-flex e-con-boxed e-con e-parent\" data-id=\"691d823\" data-element_type=\"container\" data-e-type=\"container\">\n\t\t\t\t\t<div class=\"e-con-inner\">\n\t\t\t\t<div class=\"elementor-element elementor-element-024711e elementor-widget elementor-widget-spacer\" data-id=\"024711e\" data-element_type=\"widget\" data-e-type=\"widget\" data-widget_type=\"spacer.default\">\n\t\t\t\t<div class=\"elementor-widget-container\">\n\t\t\t\t\t\t\t<div class=\"elementor-spacer\">\n\t\t\t<div class=\"elementor-spacer-inner\"><\/div>\n\t\t<\/div>\n\t\t\t\t\t\t<\/div>\n\t\t\t\t<\/div>\n\t\t\t\t\t<\/div>\n\t\t\t\t<\/div>\n\t\t\t\t<\/div>","protected":false},"excerpt":{"rendered":"<p>Magazine From magazine covers to curated playlists \u2014 a glimpse into ANNIKA\u2019s evolving universe of beauty, rhythm, and identity. BEATRICH X ANNIKA: COVER STORY IN \u017dMON\u0116S MAGAZINE Singer Beatrich graces the cover of the latest \u017dMON\u0116S magazine \u2014 radiant, bold, and unapologetically herself. In every shot, she wears ANNIKA jewelry \u2014 pieces chosen to reflect her strength, softness, and unmistakable presence. Read More \u2192 HOOP EARRINGS GUIDE Your first pair of hoop earrings should be simple and versatile &#8211; perfect for wearing from morning to evening. But for your next pair, why not try something bolder? Read More \u2192 ANNIKA LISTEN: 03 DREAMER ANNIKA&#8217;s third playlist: a fusion of electronic, soul, and experimental soundscapes. Enjoy! Listen \u2192 JEWELRY CARE Proper care is essential to keep your jewelry beautiful and lasting a lifetime. Whether it\u2019s 925 sterling silver, stainless steel, or pieces adorned with diamonds, each material requires attention to maintain its brilliance. Read More \u2192 ENJOY 15% OFF YOUR FIRST ORDER Sign up now to get 15% off your first purchase, plus VIP access to exclusive ANNIKA.LT updates and offers. ANNIKA LISTEN: 02 KESSINI A touch of spring vibes with ANNIKA\u2019s friend, KESSINI. listen \u2192 RING SIZE CHART When buying a ring online or selecting one for someone else, it\u2019s important to know the most accurate ring size. Below, you\u2019ll find a conversion chart from various regional sizes to ANNIKA\u2019s standards. Read More \u2192 ANNIKA LISTEN: 01 LOVE A playlist created for February, the month of love, yet timeless for every day! Let\u2019s celebrate love across all seasons and embrace experiences that truly transform. listen \u2192<\/p>","protected":false},"author":8,"featured_media":0,"parent":0,"menu_order":0,"comment_status":"closed","ping_status":"closed","template":"","meta":{"_glsr_average":0,"_glsr_ranking":0,"_glsr_reviews":0,"footnotes":""},"class_list":["post-9966596119419","page","type-page","status-publish","hentry","post-no-thumbnail"],"_links":{"self":[{"href":"https:\/\/annika.jewelry\/pl\/wp-json\/wp\/v2\/pages\/9966596119419","targetHints":{"allow":["GET"]}}],"collection":[{"href":"https:\/\/annika.jewelry\/pl\/wp-json\/wp\/v2\/pages"}],"about":[{"href":"https:\/\/annika.jewelry\/pl\/wp-json\/wp\/v2\/types\/page"}],"author":[{"embeddable":true,"href":"https:\/\/annika.jewelry\/pl\/wp-json\/wp\/v2\/users\/8"}],"replies":[{"embeddable":true,"href":"https:\/\/annika.jewelry\/pl\/wp-json\/wp\/v2\/comments?post=9966596119419"}],"version-history":[{"count":175,"href":"https:\/\/annika.jewelry\/pl\/wp-json\/wp\/v2\/pages\/9966596119419\/revisions"}],"predecessor-version":[{"id":9966596124028,"href":"https:\/\/annika.jewelry\/pl\/wp-json\/wp\/v2\/pages\/9966596119419\/revisions\/9966596124028"}],"wp:attachment":[{"href":"https:\/\/annika.jewelry\/pl\/wp-json\/wp\/v2\/media?parent=9966596119419"}],"curies":[{"name":"wp","href":"https:\/\/api.w.org\/{rel}","templated":true}]}}