{"id":9966596124295,"date":"2025-11-19T12:08:57","date_gmt":"2025-11-19T12:08:57","guid":{"rendered":"https:\/\/annika.jewelry\/?post_type=product&#038;p=9966596124295"},"modified":"2026-03-17T07:46:35","modified_gmt":"2026-03-17T07:46:35","slug":"cubic-zirconia-hoop-earrings-stella","status":"publish","type":"product","link":"https:\/\/annika.jewelry\/lt\/p\/cubic-zirconia-hoop-earrings-stella\/","title":{"rendered":"AUSKARAI STELLA"},"content":{"rendered":"<p>Stella \u2013 hoop stiliaus auskarai su \u017e\u0117rin\u010diais cirkoniais, kuriuose \u0161viesa i\u0161ry\u0161kina form\u0105. Tvarkinga cirkoni\u0173 juosta suteikia \u0161var\u0173, ry\u0161k\u0173 akcent\u0105, bet i\u0161lieka subtili. Pagaminti i\u0161 925 sidabro, skirti patogiam ir ilgam ne\u0161iojimui.\nGalimi 7 mm, 9 mm, 11 mm ir 13 mm dyd\u017eiai. Rinkis vien\u0105 por\u0105 kasdieniam spindesiui arba derink skirtingus dyd\u017eius ir kurk savit\u0105, i\u0161baigt\u0105 \u012fvaizd\u012f. Tai modelis, prie kurio norisi sugr\u012f\u017eti v\u0117l ir v\u0117l.<\/p>","protected":false},"excerpt":{"rendered":"<p>925 sidabro auskarai su spindin\u010diais cirkoniais. \u0160varus siluetas ir lengvas \u017evilgesys, kuris papildo kasdien\u012f \u012fvaizd\u012f. Galimi 7 mm, 9 mm, 11 mm ir 13 mm dyd\u017eiai \u2013 ne\u0161iok po vien\u0105 arba derink tarpusavyje.<\/p>","protected":false},"featured_media":9966596125535,"comment_status":"open","ping_status":"closed","template":"","meta":{"_glsr_average":5,"_glsr_ranking":3.6363636363636,"_glsr_reviews":1},"product_brand":[],"product_cat":[875,48,866,301,851,1009],"product_tag":[],"class_list":{"0":"post-9966596124295","1":"product","2":"type-product","3":"status-publish","4":"has-post-thumbnail","6":"product_cat-all-jewelry","7":"product_cat-bestsellers","8":"product_cat-earring-sets","9":"product_cat-earrings","10":"product_cat-everyday-jewelry","11":"product_cat-gifts-under-40-eur","13":"first","14":"instock","15":"taxable","16":"shipping-taxable","17":"purchasable","18":"product-type-variable"},"_links":{"self":[{"href":"https:\/\/annika.jewelry\/lt\/wp-json\/wp\/v2\/product\/9966596124295","targetHints":{"allow":["GET"]}}],"collection":[{"href":"https:\/\/annika.jewelry\/lt\/wp-json\/wp\/v2\/product"}],"about":[{"href":"https:\/\/annika.jewelry\/lt\/wp-json\/wp\/v2\/types\/product"}],"replies":[{"embeddable":true,"href":"https:\/\/annika.jewelry\/lt\/wp-json\/wp\/v2\/comments?post=9966596124295"}],"version-history":[{"count":3,"href":"https:\/\/annika.jewelry\/lt\/wp-json\/wp\/v2\/product\/9966596124295\/revisions"}],"predecessor-version":[{"id":9966596126408,"href":"https:\/\/annika.jewelry\/lt\/wp-json\/wp\/v2\/product\/9966596124295\/revisions\/9966596126408"}],"wp:featuredmedia":[{"embeddable":true,"href":"https:\/\/annika.jewelry\/lt\/wp-json\/wp\/v2\/media\/9966596125535"}],"wp:attachment":[{"href":"https:\/\/annika.jewelry\/lt\/wp-json\/wp\/v2\/media?parent=9966596124295"}],"wp:term":[{"taxonomy":"product_brand","embeddable":true,"href":"https:\/\/annika.jewelry\/lt\/wp-json\/wp\/v2\/product_brand?post=9966596124295"},{"taxonomy":"product_cat","embeddable":true,"href":"https:\/\/annika.jewelry\/lt\/wp-json\/wp\/v2\/product_cat?post=9966596124295"},{"taxonomy":"product_tag","embeddable":true,"href":"https:\/\/annika.jewelry\/lt\/wp-json\/wp\/v2\/product_tag?post=9966596124295"}],"curies":[{"name":"wp","href":"https:\/\/api.w.org\/{rel}","templated":true}]}}