{"id":9966596124148,"date":"2025-11-15T16:57:09","date_gmt":"2025-11-15T16:57:09","guid":{"rendered":"https:\/\/annika.jewelry\/?post_type=product&#038;p=9966596124148"},"modified":"2026-04-10T12:01:21","modified_gmt":"2026-04-10T12:01:21","slug":"silver-crystal-stud-earring-pin-110","status":"publish","type":"product","link":"https:\/\/annika.jewelry\/lt\/p\/silver-crystal-stud-earring-pin-110\/","title":{"rendered":"AUSKARAS PIN NO.110"},"content":{"rendered":"<p>Pin No.110 \u2013 sidabrinis stud stiliaus auskaras su marquise formos cirkonio akmenimis, sujungtais \u012f kar\u016bn\u0105 primenan\u010di\u0105 kompozicij\u0105. Akmenys subtiliai pagauna \u0161vies\u0105 i\u0161 skirting\u0173 kamp\u0173 ir kuria ry\u0161kesn\u012f spindesio akcent\u0105 ma\u017eoje formoje. Pagamintas i\u0161 925 sidabro, su saugiu u\u017esegimu.\nParduodamas po vien\u0105, tod\u0117l lengvai \u012fsilieja \u012f skirtingus aus\u0173 derinius ir leid\u017eia kurti asimetrij\u0105. Tinka antram ar tre\u010diam prad\u016brimui kaip \u0161viesos detal\u0117 arba ne\u0161iojamas vienas \u2013 kaip subtilus, bet charakteringas akcentas.\nMa\u017eas dyd\u017eiu, bet pastebimas savo spindesiu.<\/p>","protected":false},"excerpt":{"rendered":"<p>Marquise formos cirkonio akmen\u0173 stud stiliaus auskaras 925 sidabre. Parduodamas po vien\u0105 \u2013 sukurtas derinti ir kurti savit\u0105 aus\u0173 kompozicij\u0105.<\/p>","protected":false},"featured_media":9966596124519,"comment_status":"open","ping_status":"closed","template":"","meta":{"_glsr_average":0,"_glsr_ranking":0,"_glsr_reviews":0},"product_brand":[],"product_cat":[875,301,1009,852,1012],"product_tag":[],"class_list":{"0":"post-9966596124148","1":"product","2":"type-product","3":"status-publish","4":"has-post-thumbnail","6":"product_cat-all-jewelry","7":"product_cat-earrings","8":"product_cat-gifts-under-40-eur","9":"product_cat-kids-jewelry","10":"product_cat-piercings","12":"first","13":"instock","14":"taxable","15":"shipping-taxable","16":"purchasable","17":"product-type-simple"},"_links":{"self":[{"href":"https:\/\/annika.jewelry\/lt\/wp-json\/wp\/v2\/product\/9966596124148","targetHints":{"allow":["GET"]}}],"collection":[{"href":"https:\/\/annika.jewelry\/lt\/wp-json\/wp\/v2\/product"}],"about":[{"href":"https:\/\/annika.jewelry\/lt\/wp-json\/wp\/v2\/types\/product"}],"replies":[{"embeddable":true,"href":"https:\/\/annika.jewelry\/lt\/wp-json\/wp\/v2\/comments?post=9966596124148"}],"version-history":[{"count":3,"href":"https:\/\/annika.jewelry\/lt\/wp-json\/wp\/v2\/product\/9966596124148\/revisions"}],"predecessor-version":[{"id":9966596126562,"href":"https:\/\/annika.jewelry\/lt\/wp-json\/wp\/v2\/product\/9966596124148\/revisions\/9966596126562"}],"wp:featuredmedia":[{"embeddable":true,"href":"https:\/\/annika.jewelry\/lt\/wp-json\/wp\/v2\/media\/9966596124519"}],"wp:attachment":[{"href":"https:\/\/annika.jewelry\/lt\/wp-json\/wp\/v2\/media?parent=9966596124148"}],"wp:term":[{"taxonomy":"product_brand","embeddable":true,"href":"https:\/\/annika.jewelry\/lt\/wp-json\/wp\/v2\/product_brand?post=9966596124148"},{"taxonomy":"product_cat","embeddable":true,"href":"https:\/\/annika.jewelry\/lt\/wp-json\/wp\/v2\/product_cat?post=9966596124148"},{"taxonomy":"product_tag","embeddable":true,"href":"https:\/\/annika.jewelry\/lt\/wp-json\/wp\/v2\/product_tag?post=9966596124148"}],"curies":[{"name":"wp","href":"https:\/\/api.w.org\/{rel}","templated":true}]}}