{"id":9966596124145,"date":"2025-11-15T16:49:21","date_gmt":"2025-11-15T16:49:21","guid":{"rendered":"https:\/\/annika.jewelry\/?post_type=product&#038;p=9966596124145"},"modified":"2026-03-27T09:45:17","modified_gmt":"2026-03-27T09:45:17","slug":"pin-no-109-single-earring","status":"publish","type":"product","link":"https:\/\/annika.jewelry\/lt\/p\/pin-no-109-single-earring\/","title":{"rendered":"AUSKARAS PIN NO.109"},"content":{"rendered":"<p>Pin No.109 \u2013 stud stiliaus auskaras su trij\u0173 cirkonio akmen\u0173 kompozicija, sukurian\u010dia koncentruot\u0105 spindes\u012f ma\u017eoje formoje. Akmenys glaud\u017eiai i\u0161d\u0117styti vienas \u0161alia kito, tod\u0117l gra\u017eiai pagauna \u0161vies\u0105 i\u0161 skirting\u0173 kamp\u0173. Pagamintas i\u0161 925 sidabro su 18K aukso padengimu, suteikian\u010diu \u0161ilt\u0105 atspalv\u012f. Itin lengvas \u2013 vos 0,6 g, su saugiu sraigtiniu u\u017esegimu.\nParduodamas po vien\u0105, tod\u0117l gali derinti ir kurti asimetri\u0161kas aus\u0173 kompozicijas. Tinka antram ar tre\u010diam prad\u016brimui kaip subtili detal\u0117 arba ne\u0161iojamas vienas \u2013 kaip ma\u017eas, bet ry\u0161kus spindesio akcentas.\nNedidelis auskaras, paliekantis stipr\u0173 \u012fsp\u016bd\u012f.<\/p>","protected":false},"excerpt":{"rendered":"<p>Trij\u0173 cirkonio akmen\u0173 kompozicijos stud stiliaus auskaras 925 sidabre su 18K aukso padengimu. Parduodamas po vien\u0105 \u2013 skirtas derinti ir kurti savit\u0105 aus\u0173 kompozicij\u0105.<\/p>","protected":false},"featured_media":9966596124520,"comment_status":"open","ping_status":"closed","template":"","meta":{"_glsr_average":0,"_glsr_ranking":0,"_glsr_reviews":0},"product_brand":[],"product_cat":[875,48,301,851,1009,852,1012],"product_tag":[],"class_list":{"0":"post-9966596124145","1":"product","2":"type-product","3":"status-publish","4":"has-post-thumbnail","6":"product_cat-all-jewelry","7":"product_cat-bestsellers","8":"product_cat-earrings","9":"product_cat-everyday-jewelry","10":"product_cat-gifts-under-40-eur","11":"product_cat-kids-jewelry","12":"product_cat-piercings","14":"first","15":"instock","16":"taxable","17":"shipping-taxable","18":"purchasable","19":"product-type-simple"},"_links":{"self":[{"href":"https:\/\/annika.jewelry\/lt\/wp-json\/wp\/v2\/product\/9966596124145","targetHints":{"allow":["GET"]}}],"collection":[{"href":"https:\/\/annika.jewelry\/lt\/wp-json\/wp\/v2\/product"}],"about":[{"href":"https:\/\/annika.jewelry\/lt\/wp-json\/wp\/v2\/types\/product"}],"replies":[{"embeddable":true,"href":"https:\/\/annika.jewelry\/lt\/wp-json\/wp\/v2\/comments?post=9966596124145"}],"version-history":[{"count":2,"href":"https:\/\/annika.jewelry\/lt\/wp-json\/wp\/v2\/product\/9966596124145\/revisions"}],"predecessor-version":[{"id":9966596126424,"href":"https:\/\/annika.jewelry\/lt\/wp-json\/wp\/v2\/product\/9966596124145\/revisions\/9966596126424"}],"wp:featuredmedia":[{"embeddable":true,"href":"https:\/\/annika.jewelry\/lt\/wp-json\/wp\/v2\/media\/9966596124520"}],"wp:attachment":[{"href":"https:\/\/annika.jewelry\/lt\/wp-json\/wp\/v2\/media?parent=9966596124145"}],"wp:term":[{"taxonomy":"product_brand","embeddable":true,"href":"https:\/\/annika.jewelry\/lt\/wp-json\/wp\/v2\/product_brand?post=9966596124145"},{"taxonomy":"product_cat","embeddable":true,"href":"https:\/\/annika.jewelry\/lt\/wp-json\/wp\/v2\/product_cat?post=9966596124145"},{"taxonomy":"product_tag","embeddable":true,"href":"https:\/\/annika.jewelry\/lt\/wp-json\/wp\/v2\/product_tag?post=9966596124145"}],"curies":[{"name":"wp","href":"https:\/\/api.w.org\/{rel}","templated":true}]}}