{"id":9966596124139,"date":"2025-11-15T16:38:30","date_gmt":"2025-11-15T16:38:30","guid":{"rendered":"https:\/\/annika.jewelry\/?post_type=product&#038;p=9966596124139"},"modified":"2026-04-07T06:51:53","modified_gmt":"2026-04-07T06:51:53","slug":"silver-cluster-stud-earring-pin-107","status":"publish","type":"product","link":"https:\/\/annika.jewelry\/lt\/p\/silver-cluster-stud-earring-pin-107\/","title":{"rendered":"AUSKARAS PIN NO.107"},"content":{"rendered":"<p>Pin No.107 \u2013 sidabrinis stud stiliaus auskaras su smulki\u0173 poliruot\u0173 rutuliuk\u0173 kompozicija, i\u0161d\u0117styta geometriniu, kor\u012f primenan\u010diu ra\u0161tu. Karoliuk\u0173 dizainas suteikia tekst\u016bros ir vizualaus \u012fdomumo, i\u0161laikant subtil\u0173, moteri\u0161k\u0105 charakter\u012f. Pagamintas i\u0161 925 sidabro, su saugiu u\u017esegimu. Lengvas \u2013 vos 1,5 g.\nParduodamas po vien\u0105, tod\u0117l gali derinti ir kurti asimetri\u0161kas aus\u0173 kompozicijas. Gra\u017eiai dera su lenktos formos Pin No.108 arba su hoop stiliaus bei minimalistiniais stud auskarais kuriant apgalvot\u0105 aus\u0173 derin\u012f.\nSubtilus, detal\u0117mis i\u0161siskiriantis akcentas, atsiskleid\u017eiantis i\u0161 arti.<\/p>","protected":false},"excerpt":{"rendered":"<p>Smulki\u0173 karoliuk\u0173 kompozicijos stud stiliaus auskaras 925 sidabre. Parduodamas po vien\u0105 \u2013 lengvai \u012fsiliejantis \u012f tavo aus\u0173 derinius.<\/p>","protected":false},"featured_media":9966596125302,"comment_status":"closed","ping_status":"closed","template":"","meta":{"_glsr_average":0,"_glsr_ranking":0,"_glsr_reviews":0},"product_brand":[],"product_cat":[875,301,851,1009,852,1012],"product_tag":[],"class_list":{"0":"post-9966596124139","1":"product","2":"type-product","3":"status-publish","4":"has-post-thumbnail","6":"product_cat-all-jewelry","7":"product_cat-earrings","8":"product_cat-everyday-jewelry","9":"product_cat-gifts-under-40-eur","10":"product_cat-kids-jewelry","11":"product_cat-piercings","13":"first","14":"instock","15":"taxable","16":"shipping-taxable","17":"purchasable","18":"product-type-simple"},"_links":{"self":[{"href":"https:\/\/annika.jewelry\/lt\/wp-json\/wp\/v2\/product\/9966596124139","targetHints":{"allow":["GET"]}}],"collection":[{"href":"https:\/\/annika.jewelry\/lt\/wp-json\/wp\/v2\/product"}],"about":[{"href":"https:\/\/annika.jewelry\/lt\/wp-json\/wp\/v2\/types\/product"}],"replies":[{"embeddable":true,"href":"https:\/\/annika.jewelry\/lt\/wp-json\/wp\/v2\/comments?post=9966596124139"}],"version-history":[{"count":2,"href":"https:\/\/annika.jewelry\/lt\/wp-json\/wp\/v2\/product\/9966596124139\/revisions"}],"predecessor-version":[{"id":9966596126569,"href":"https:\/\/annika.jewelry\/lt\/wp-json\/wp\/v2\/product\/9966596124139\/revisions\/9966596126569"}],"wp:featuredmedia":[{"embeddable":true,"href":"https:\/\/annika.jewelry\/lt\/wp-json\/wp\/v2\/media\/9966596125302"}],"wp:attachment":[{"href":"https:\/\/annika.jewelry\/lt\/wp-json\/wp\/v2\/media?parent=9966596124139"}],"wp:term":[{"taxonomy":"product_brand","embeddable":true,"href":"https:\/\/annika.jewelry\/lt\/wp-json\/wp\/v2\/product_brand?post=9966596124139"},{"taxonomy":"product_cat","embeddable":true,"href":"https:\/\/annika.jewelry\/lt\/wp-json\/wp\/v2\/product_cat?post=9966596124139"},{"taxonomy":"product_tag","embeddable":true,"href":"https:\/\/annika.jewelry\/lt\/wp-json\/wp\/v2\/product_tag?post=9966596124139"}],"curies":[{"name":"wp","href":"https:\/\/api.w.org\/{rel}","templated":true}]}}