{"id":9966596124131,"date":"2025-11-15T16:23:15","date_gmt":"2025-11-15T16:23:15","guid":{"rendered":"https:\/\/annika.jewelry\/?post_type=product&#038;p=9966596124131"},"modified":"2026-04-07T06:51:53","modified_gmt":"2026-04-07T06:51:53","slug":"silver-triple-crystal-stud-earring-pin-104","status":"publish","type":"product","link":"https:\/\/annika.jewelry\/lt\/p\/silver-triple-crystal-stud-earring-pin-104\/","title":{"rendered":"AUSKARAS PIN NO.104"},"content":{"rendered":"<p>Pin No.104 \u2013 sidabrinis stud stiliaus auskaras su trimis marquise formos cirkonio akmenimis, i\u0161d\u0117stytais eleganti\u0161ka v\u0117duokl\u0117s forma. Akmen\u0173 kompozicija gra\u017eiai pagauna \u0161vies\u0105 ir sukuria koncentruot\u0105 spindes\u012f subtiliame dizaine. Pagamintas i\u0161 925 sidabro, su saugiu sraigtiniu u\u017esegimu. Itin lengvas \u2013 vos 0,72 g.\nParduodamas po vien\u0105, tod\u0117l gali derinti ir kurti savitas aus\u0173 kompozicijas. Tinka antram ar tre\u010diam prad\u016brimui \u0161alia hoop stiliaus auskar\u0173 arba ne\u0161iojamas vienas \u2013 subtiliam kasdieniam spindesiui.\nMa\u017eas, lengvas akcentas, suteikiantis tiek \u0161viesos, kiek reikia.<\/p>","protected":false},"excerpt":{"rendered":"<p>Trys marquise formos cirkonio akmenys 925 sidabre. Parduodamas po vien\u0105 \u2013 subtilus spindesio akcentas tavo aus\u0173 kompozicijai.<\/p>","protected":false},"featured_media":9966596126576,"comment_status":"closed","ping_status":"closed","template":"","meta":{"_glsr_average":0,"_glsr_ranking":0,"_glsr_reviews":0},"product_brand":[],"product_cat":[875,301,851,1009,852,1012],"product_tag":[],"class_list":{"0":"post-9966596124131","1":"product","2":"type-product","3":"status-publish","4":"has-post-thumbnail","6":"product_cat-all-jewelry","7":"product_cat-earrings","8":"product_cat-everyday-jewelry","9":"product_cat-gifts-under-40-eur","10":"product_cat-kids-jewelry","11":"product_cat-piercings","13":"first","14":"instock","15":"taxable","16":"shipping-taxable","17":"purchasable","18":"product-type-simple"},"_links":{"self":[{"href":"https:\/\/annika.jewelry\/lt\/wp-json\/wp\/v2\/product\/9966596124131","targetHints":{"allow":["GET"]}}],"collection":[{"href":"https:\/\/annika.jewelry\/lt\/wp-json\/wp\/v2\/product"}],"about":[{"href":"https:\/\/annika.jewelry\/lt\/wp-json\/wp\/v2\/types\/product"}],"replies":[{"embeddable":true,"href":"https:\/\/annika.jewelry\/lt\/wp-json\/wp\/v2\/comments?post=9966596124131"}],"version-history":[{"count":3,"href":"https:\/\/annika.jewelry\/lt\/wp-json\/wp\/v2\/product\/9966596124131\/revisions"}],"predecessor-version":[{"id":9966596126578,"href":"https:\/\/annika.jewelry\/lt\/wp-json\/wp\/v2\/product\/9966596124131\/revisions\/9966596126578"}],"wp:featuredmedia":[{"embeddable":true,"href":"https:\/\/annika.jewelry\/lt\/wp-json\/wp\/v2\/media\/9966596126576"}],"wp:attachment":[{"href":"https:\/\/annika.jewelry\/lt\/wp-json\/wp\/v2\/media?parent=9966596124131"}],"wp:term":[{"taxonomy":"product_brand","embeddable":true,"href":"https:\/\/annika.jewelry\/lt\/wp-json\/wp\/v2\/product_brand?post=9966596124131"},{"taxonomy":"product_cat","embeddable":true,"href":"https:\/\/annika.jewelry\/lt\/wp-json\/wp\/v2\/product_cat?post=9966596124131"},{"taxonomy":"product_tag","embeddable":true,"href":"https:\/\/annika.jewelry\/lt\/wp-json\/wp\/v2\/product_tag?post=9966596124131"}],"curies":[{"name":"wp","href":"https:\/\/api.w.org\/{rel}","templated":true}]}}