{"id":9966596124128,"date":"2025-11-15T16:15:57","date_gmt":"2025-11-15T16:15:57","guid":{"rendered":"https:\/\/annika.jewelry\/?post_type=product&#038;p=9966596124128"},"modified":"2026-04-10T09:15:26","modified_gmt":"2026-04-10T09:15:26","slug":"silver-drop-crystal-earring-pin-103","status":"publish","type":"product","link":"https:\/\/annika.jewelry\/lt\/p\/silver-drop-crystal-earring-pin-103\/","title":{"rendered":"AUSKARAS PIN NO.103"},"content":{"rendered":"<p>Pin No.103 \u2013 sidabrinis stud stiliaus auskaras su trimis apvaliais cirkonio akmenimis ir kaban\u010diu la\u0161o formos pakabuku. Stabil\u016bs akmenys ir judantis la\u0161elis kuria lengv\u0105 judes\u012f bei \u0161viesos \u017eaism\u0105. Pagamintas i\u0161 925 sidabro, su saugiu sraigtiniu u\u017esegimu. Itin lengvas \u2013 vos 0,72 g.\nParduodamas po vien\u0105, tod\u0117l gali derinti ir kurti savitas aus\u0173 kompozicijas. Puikiai tinka antram prad\u016brimui \u0161alia hoop stiliaus auskar\u0173, suteikdamas subtilaus spindesio ir judesio.\nSubtilus akcentas, \u012fne\u0161antis lengvumo ir \u0161viesos, bet neperkraunantis \u012fvaizd\u017eio.<\/p>","protected":false},"excerpt":{"rendered":"<p>Stud stiliaus auskaras su cirkonio akmeniu ir kaban\u010diu la\u0161o formos pakabuku 925 sidabre. Parduodamas po vien\u0105 \u2013 suteikia lengvo judesio ir subtilaus spindesio tavo aus\u0173 kompozicijai.<\/p>","protected":false},"featured_media":9966596124524,"comment_status":"open","ping_status":"closed","template":"","meta":{"_glsr_average":0,"_glsr_ranking":0,"_glsr_reviews":0},"product_brand":[],"product_cat":[875,301,851,1009,852,1012],"product_tag":[],"class_list":{"0":"post-9966596124128","1":"product","2":"type-product","3":"status-publish","4":"has-post-thumbnail","6":"product_cat-all-jewelry","7":"product_cat-earrings","8":"product_cat-everyday-jewelry","9":"product_cat-gifts-under-40-eur","10":"product_cat-kids-jewelry","11":"product_cat-piercings","13":"first","14":"outofstock","15":"taxable","16":"shipping-taxable","17":"purchasable","18":"product-type-simple"},"_links":{"self":[{"href":"https:\/\/annika.jewelry\/lt\/wp-json\/wp\/v2\/product\/9966596124128","targetHints":{"allow":["GET"]}}],"collection":[{"href":"https:\/\/annika.jewelry\/lt\/wp-json\/wp\/v2\/product"}],"about":[{"href":"https:\/\/annika.jewelry\/lt\/wp-json\/wp\/v2\/types\/product"}],"replies":[{"embeddable":true,"href":"https:\/\/annika.jewelry\/lt\/wp-json\/wp\/v2\/comments?post=9966596124128"}],"version-history":[{"count":3,"href":"https:\/\/annika.jewelry\/lt\/wp-json\/wp\/v2\/product\/9966596124128\/revisions"}],"predecessor-version":[{"id":9966596126577,"href":"https:\/\/annika.jewelry\/lt\/wp-json\/wp\/v2\/product\/9966596124128\/revisions\/9966596126577"}],"wp:featuredmedia":[{"embeddable":true,"href":"https:\/\/annika.jewelry\/lt\/wp-json\/wp\/v2\/media\/9966596124524"}],"wp:attachment":[{"href":"https:\/\/annika.jewelry\/lt\/wp-json\/wp\/v2\/media?parent=9966596124128"}],"wp:term":[{"taxonomy":"product_brand","embeddable":true,"href":"https:\/\/annika.jewelry\/lt\/wp-json\/wp\/v2\/product_brand?post=9966596124128"},{"taxonomy":"product_cat","embeddable":true,"href":"https:\/\/annika.jewelry\/lt\/wp-json\/wp\/v2\/product_cat?post=9966596124128"},{"taxonomy":"product_tag","embeddable":true,"href":"https:\/\/annika.jewelry\/lt\/wp-json\/wp\/v2\/product_tag?post=9966596124128"}],"curies":[{"name":"wp","href":"https:\/\/api.w.org\/{rel}","templated":true}]}}