{"id":9966596124121,"date":"2025-11-14T11:42:07","date_gmt":"2025-11-14T11:42:07","guid":{"rendered":"https:\/\/annika.jewelry\/?post_type=product&#038;p=9966596124121"},"modified":"2026-04-07T06:51:53","modified_gmt":"2026-04-07T06:51:53","slug":"silver-double-crystal-stud-earring-pin-102","status":"publish","type":"product","link":"https:\/\/annika.jewelry\/lt\/p\/silver-double-crystal-stud-earring-pin-102\/","title":{"rendered":"AUSKARAS PIN NO.102"},"content":{"rendered":"<p>Pin No.102 \u2013 sidabrinis stud stiliaus auskaras su dviem cirkonio akmenimis. Didesnis akmuo derinamas su ma\u017eesniu, sukuriant subtiliai asimetri\u0161k\u0105 dizain\u0105. Pagamintas i\u0161 925 sidabro, su saugiu u\u017esegimu.\nParduodamas po vien\u0105, tod\u0117l gali derinti, mai\u0161yti ir kurti savo aus\u0173 kompozicij\u0105. Puikiai tinka antram prad\u016brimui \u0161alia hoop stiliaus auskar\u0173 arba ne\u0161iojamas vienas \u2013 kasdieniam, laikui nepavald\u017eiam spindesiui.\nSubtilus, moteri\u0161kas akcentas, suteikiantis \u0161viesos tiek, kiek reikia \u2013 ne per daug, bet pastebimai.<\/p>","protected":false},"excerpt":{"rendered":"<p>Du skirtingo dyd\u017eio cirkonio akmenys 925 sidabre, kuriantys lengv\u0105 \u0161viesos \u017eaism\u0105. Parduodamas po vien\u0105 \u2013 ma\u017eas, bet i\u0161rai\u0161kingas akcentas tavo aus\u0173 kompozicijai.<\/p>","protected":false},"featured_media":9966596124525,"comment_status":"open","ping_status":"closed","template":"","meta":{"_glsr_average":0,"_glsr_ranking":0,"_glsr_reviews":0},"product_brand":[],"product_cat":[875,301,851,1009,852,1012],"product_tag":[],"class_list":{"0":"post-9966596124121","1":"product","2":"type-product","3":"status-publish","4":"has-post-thumbnail","6":"product_cat-all-jewelry","7":"product_cat-earrings","8":"product_cat-everyday-jewelry","9":"product_cat-gifts-under-40-eur","10":"product_cat-kids-jewelry","11":"product_cat-piercings","13":"first","14":"instock","15":"taxable","16":"shipping-taxable","17":"purchasable","18":"product-type-simple"},"_links":{"self":[{"href":"https:\/\/annika.jewelry\/lt\/wp-json\/wp\/v2\/product\/9966596124121","targetHints":{"allow":["GET"]}}],"collection":[{"href":"https:\/\/annika.jewelry\/lt\/wp-json\/wp\/v2\/product"}],"about":[{"href":"https:\/\/annika.jewelry\/lt\/wp-json\/wp\/v2\/types\/product"}],"replies":[{"embeddable":true,"href":"https:\/\/annika.jewelry\/lt\/wp-json\/wp\/v2\/comments?post=9966596124121"}],"version-history":[{"count":2,"href":"https:\/\/annika.jewelry\/lt\/wp-json\/wp\/v2\/product\/9966596124121\/revisions"}],"predecessor-version":[{"id":9966596126580,"href":"https:\/\/annika.jewelry\/lt\/wp-json\/wp\/v2\/product\/9966596124121\/revisions\/9966596126580"}],"wp:featuredmedia":[{"embeddable":true,"href":"https:\/\/annika.jewelry\/lt\/wp-json\/wp\/v2\/media\/9966596124525"}],"wp:attachment":[{"href":"https:\/\/annika.jewelry\/lt\/wp-json\/wp\/v2\/media?parent=9966596124121"}],"wp:term":[{"taxonomy":"product_brand","embeddable":true,"href":"https:\/\/annika.jewelry\/lt\/wp-json\/wp\/v2\/product_brand?post=9966596124121"},{"taxonomy":"product_cat","embeddable":true,"href":"https:\/\/annika.jewelry\/lt\/wp-json\/wp\/v2\/product_cat?post=9966596124121"},{"taxonomy":"product_tag","embeddable":true,"href":"https:\/\/annika.jewelry\/lt\/wp-json\/wp\/v2\/product_tag?post=9966596124121"}],"curies":[{"name":"wp","href":"https:\/\/api.w.org\/{rel}","templated":true}]}}