{"id":9966596124118,"date":"2025-11-14T11:35:44","date_gmt":"2025-11-14T11:35:44","guid":{"rendered":"https:\/\/annika.jewelry\/?post_type=product&#038;p=9966596124118"},"modified":"2026-03-27T10:29:38","modified_gmt":"2026-03-27T10:29:38","slug":"silver-fan-crystal-stud-earring-pin-101","status":"publish","type":"product","link":"https:\/\/annika.jewelry\/lt\/p\/silver-fan-crystal-stud-earring-pin-101\/","title":{"rendered":"AUSKARAS PIN NO.101"},"content":{"rendered":"<p>Pin No.101 \u2013 sidabrinis stud stiliaus auskaras su trimis siaur\u0117jan\u010diais baguette formos cirkonio akmenimis, i\u0161d\u0117stytais eleganti\u0161ka v\u0117duokl\u0117s forma, ir apvaliu akmeniu apa\u010dioje. Art deco \u012fkv\u0117ptas dizainas kuria kar\u016bn\u0105 primenant\u012f siluet\u0105, gra\u017eiai pagaunant\u012f \u0161vies\u0105. Pagamintas i\u0161 925 sidabro, su saugiu sraigtiniu u\u017esegimu. Lengvas \u2013 vos 1,17 g.\nParduodamas po vien\u0105, tod\u0117l gali derinti ir kurti savitas aus\u0173 kompozicijas. Puikiai tinka antram prad\u016brimui \u0161alia hoop stiliaus auskar\u0173, suteikdamas subtilaus, vinta\u017eo nuotaikos spindesio.\nSubtilus, bet charakteringas akcentas su lengvu senojo Holivudo \u012fkv\u0117pimu.<\/p>","protected":false},"excerpt":{"rendered":"<p>V\u0117duokl\u0117s formos stud stiliaus auskaras su baguette formos cirkonio akmenimis 925 sidabre. Parduodamas po vien\u0105 \u2013 grafi\u0161kas spindesio akcentas tavo aus\u0173 kompozicijai.<\/p>","protected":false},"featured_media":9966596124526,"comment_status":"open","ping_status":"closed","template":"","meta":{"_glsr_average":0,"_glsr_ranking":0,"_glsr_reviews":0},"product_brand":[],"product_cat":[875,301,851,1009,852,1012],"product_tag":[],"class_list":{"0":"post-9966596124118","1":"product","2":"type-product","3":"status-publish","4":"has-post-thumbnail","6":"product_cat-all-jewelry","7":"product_cat-earrings","8":"product_cat-everyday-jewelry","9":"product_cat-gifts-under-40-eur","10":"product_cat-kids-jewelry","11":"product_cat-piercings","13":"first","14":"instock","15":"taxable","16":"shipping-taxable","17":"purchasable","18":"product-type-simple"},"_links":{"self":[{"href":"https:\/\/annika.jewelry\/lt\/wp-json\/wp\/v2\/product\/9966596124118","targetHints":{"allow":["GET"]}}],"collection":[{"href":"https:\/\/annika.jewelry\/lt\/wp-json\/wp\/v2\/product"}],"about":[{"href":"https:\/\/annika.jewelry\/lt\/wp-json\/wp\/v2\/types\/product"}],"replies":[{"embeddable":true,"href":"https:\/\/annika.jewelry\/lt\/wp-json\/wp\/v2\/comments?post=9966596124118"}],"version-history":[{"count":3,"href":"https:\/\/annika.jewelry\/lt\/wp-json\/wp\/v2\/product\/9966596124118\/revisions"}],"predecessor-version":[{"id":9966596126582,"href":"https:\/\/annika.jewelry\/lt\/wp-json\/wp\/v2\/product\/9966596124118\/revisions\/9966596126582"}],"wp:featuredmedia":[{"embeddable":true,"href":"https:\/\/annika.jewelry\/lt\/wp-json\/wp\/v2\/media\/9966596124526"}],"wp:attachment":[{"href":"https:\/\/annika.jewelry\/lt\/wp-json\/wp\/v2\/media?parent=9966596124118"}],"wp:term":[{"taxonomy":"product_brand","embeddable":true,"href":"https:\/\/annika.jewelry\/lt\/wp-json\/wp\/v2\/product_brand?post=9966596124118"},{"taxonomy":"product_cat","embeddable":true,"href":"https:\/\/annika.jewelry\/lt\/wp-json\/wp\/v2\/product_cat?post=9966596124118"},{"taxonomy":"product_tag","embeddable":true,"href":"https:\/\/annika.jewelry\/lt\/wp-json\/wp\/v2\/product_tag?post=9966596124118"}],"curies":[{"name":"wp","href":"https:\/\/api.w.org\/{rel}","templated":true}]}}