{"id":9966596124115,"date":"2025-11-14T11:28:19","date_gmt":"2025-11-14T11:28:19","guid":{"rendered":"https:\/\/annika.jewelry\/?post_type=product&#038;p=9966596124115"},"modified":"2026-03-01T12:41:13","modified_gmt":"2026-03-01T12:41:13","slug":"silver-marquise-cluster-stud-earring-pin-100","status":"publish","type":"product","link":"https:\/\/annika.jewelry\/lt\/p\/silver-marquise-cluster-stud-earring-pin-100\/","title":{"rendered":"AUSKARAS PIN NO.100"},"content":{"rendered":"<p>Pin No.100 \u2013 sidabrinis stud stiliaus auskaras su trimis marquise \u0161lifavimo cirkonio akmenimis, sud\u0117liotais \u012f subtili\u0105, \u017eiedlapius primenan\u010di\u0105 kompozicij\u0105. Vienas akmuo kyla auk\u0161tyn, o du i\u0161siskleid\u017eia \u017eemiau, sukurdami lengv\u0105 formos ir \u0161viesos balans\u0105. Pagamintas i\u0161 925 sidabro, su saugiu sraigtiniu u\u017esegimu. Itin lengvas \u2013 vos 0,92 g.\nParduodamas po vien\u0105, tod\u0117l lengvai \u012fsilieja \u012f skirtingus aus\u0173 derinius. Tinka antram prad\u016brimui \u0161alia hoop stiliaus auskar\u0173 arba ne\u0161iojamas vienas \u2013 subtiliam kasdieniam spindesiui.\nMa\u017eas, bet i\u0161rai\u0161kingas \u0161viesos akcentas.<\/p>","protected":false},"excerpt":{"rendered":"<p>Trys marquise formos cirkonio akmenys 925 sidabre. Parduodamas po vien\u0105 \u2013 subtili, i\u0161rai\u0161kinga detal\u0117 tavo aus\u0173 kompozicijai.<\/p>","protected":false},"featured_media":9966596124527,"comment_status":"open","ping_status":"closed","template":"","meta":{"_glsr_average":0,"_glsr_ranking":0,"_glsr_reviews":0},"product_brand":[],"product_cat":[875,301,851,1009,852,1012],"product_tag":[],"class_list":{"0":"post-9966596124115","1":"product","2":"type-product","3":"status-publish","4":"has-post-thumbnail","6":"product_cat-all-jewelry","7":"product_cat-earrings","8":"product_cat-everyday-jewelry","9":"product_cat-gifts-under-40-eur","10":"product_cat-kids-jewelry","11":"product_cat-piercings","13":"first","14":"instock","15":"taxable","16":"shipping-taxable","17":"purchasable","18":"product-type-simple"},"_links":{"self":[{"href":"https:\/\/annika.jewelry\/lt\/wp-json\/wp\/v2\/product\/9966596124115","targetHints":{"allow":["GET"]}}],"collection":[{"href":"https:\/\/annika.jewelry\/lt\/wp-json\/wp\/v2\/product"}],"about":[{"href":"https:\/\/annika.jewelry\/lt\/wp-json\/wp\/v2\/types\/product"}],"replies":[{"embeddable":true,"href":"https:\/\/annika.jewelry\/lt\/wp-json\/wp\/v2\/comments?post=9966596124115"}],"version-history":[{"count":4,"href":"https:\/\/annika.jewelry\/lt\/wp-json\/wp\/v2\/product\/9966596124115\/revisions"}],"predecessor-version":[{"id":9966596126603,"href":"https:\/\/annika.jewelry\/lt\/wp-json\/wp\/v2\/product\/9966596124115\/revisions\/9966596126603"}],"wp:featuredmedia":[{"embeddable":true,"href":"https:\/\/annika.jewelry\/lt\/wp-json\/wp\/v2\/media\/9966596124527"}],"wp:attachment":[{"href":"https:\/\/annika.jewelry\/lt\/wp-json\/wp\/v2\/media?parent=9966596124115"}],"wp:term":[{"taxonomy":"product_brand","embeddable":true,"href":"https:\/\/annika.jewelry\/lt\/wp-json\/wp\/v2\/product_brand?post=9966596124115"},{"taxonomy":"product_cat","embeddable":true,"href":"https:\/\/annika.jewelry\/lt\/wp-json\/wp\/v2\/product_cat?post=9966596124115"},{"taxonomy":"product_tag","embeddable":true,"href":"https:\/\/annika.jewelry\/lt\/wp-json\/wp\/v2\/product_tag?post=9966596124115"}],"curies":[{"name":"wp","href":"https:\/\/api.w.org\/{rel}","templated":true}]}}