{"id":9966595872642,"date":"2025-06-18T11:28:14","date_gmt":"2025-06-18T11:28:14","guid":{"rendered":"https:\/\/annika.jewelry\/?post_type=product&#038;p=9966595872642"},"modified":"2026-03-29T14:30:27","modified_gmt":"2026-03-29T14:30:27","slug":"silver-sculptural-wave-ring-fleur","status":"publish","type":"product","link":"https:\/\/annika.jewelry\/lt\/p\/silver-sculptural-wave-ring-fleur\/","title":{"rendered":"\u017dIEDAS FLEUR"},"content":{"rendered":"<p>925 sidabro \u017eiedas banguojan\u010diomis linijomis, \u0161velniai apgaubian\u010diomis pir\u0161t\u0105. Persidengian\u010dios formos sukuria gyv\u0105, skulpt\u016bri\u0161k\u0105 siluet\u0105, o \u0161viesa subtiliai slysta pavir\u0161iumi ir i\u0161ry\u0161kina reljef\u0105.\nPadengtas \u0161velnia matine apdaila. Sveria 5,4 g, ta\u010diau i\u0161lieka patogus kasdieniam ne\u0161iojimui. Atvira nugar\u0117l\u0117 leid\u017eia \u017eiedui \u0161iek tiek prisitaikyti prie pir\u0161to dyd\u017eio.\nNe\u0161iok vien\u0105 kaip ry\u0161kesn\u012f akcent\u0105 arba derink su kitais \u017eiedais.<\/p>","protected":false},"excerpt":{"rendered":"<p>Skulpt\u016bri\u0161kas banguotos formos \u017eiedas i\u0161 925 sidabro. Organin\u0117, lengvai susisukanti forma su matiniu pavir\u0161iumi \u2014 ry\u0161kus, bet subtilus akcentas. Reguliuojamo dyd\u017eio.<\/p>","protected":false},"featured_media":9966596126851,"comment_status":"open","ping_status":"closed","template":"","meta":{"_glsr_average":0,"_glsr_ranking":0,"_glsr_reviews":0},"product_brand":[],"product_cat":[875,48,1010,307],"product_tag":[],"class_list":{"0":"post-9966595872642","1":"product","2":"type-product","3":"status-publish","4":"has-post-thumbnail","6":"product_cat-all-jewelry","7":"product_cat-bestsellers","8":"product_cat-gifts-over-40-eur","9":"product_cat-rings","11":"first","12":"instock","13":"taxable","14":"shipping-taxable","15":"purchasable","16":"product-type-simple"},"_links":{"self":[{"href":"https:\/\/annika.jewelry\/lt\/wp-json\/wp\/v2\/product\/9966595872642","targetHints":{"allow":["GET"]}}],"collection":[{"href":"https:\/\/annika.jewelry\/lt\/wp-json\/wp\/v2\/product"}],"about":[{"href":"https:\/\/annika.jewelry\/lt\/wp-json\/wp\/v2\/types\/product"}],"replies":[{"embeddable":true,"href":"https:\/\/annika.jewelry\/lt\/wp-json\/wp\/v2\/comments?post=9966595872642"}],"version-history":[{"count":3,"href":"https:\/\/annika.jewelry\/lt\/wp-json\/wp\/v2\/product\/9966595872642\/revisions"}],"predecessor-version":[{"id":9966596126795,"href":"https:\/\/annika.jewelry\/lt\/wp-json\/wp\/v2\/product\/9966595872642\/revisions\/9966596126795"}],"wp:featuredmedia":[{"embeddable":true,"href":"https:\/\/annika.jewelry\/lt\/wp-json\/wp\/v2\/media\/9966596126851"}],"wp:attachment":[{"href":"https:\/\/annika.jewelry\/lt\/wp-json\/wp\/v2\/media?parent=9966595872642"}],"wp:term":[{"taxonomy":"product_brand","embeddable":true,"href":"https:\/\/annika.jewelry\/lt\/wp-json\/wp\/v2\/product_brand?post=9966595872642"},{"taxonomy":"product_cat","embeddable":true,"href":"https:\/\/annika.jewelry\/lt\/wp-json\/wp\/v2\/product_cat?post=9966595872642"},{"taxonomy":"product_tag","embeddable":true,"href":"https:\/\/annika.jewelry\/lt\/wp-json\/wp\/v2\/product_tag?post=9966595872642"}],"curies":[{"name":"wp","href":"https:\/\/api.w.org\/{rel}","templated":true}]}}