{"id":9966595867720,"date":"2025-06-14T16:35:47","date_gmt":"2025-06-14T16:35:47","guid":{"rendered":"https:\/\/annika.jewelry\/?post_type=product&#038;p=9966595867720"},"modified":"2026-05-04T08:14:40","modified_gmt":"2026-05-04T08:14:40","slug":"unisex-silver-ring-theo","status":"publish","type":"product","link":"https:\/\/annika.jewelry\/lt\/p\/unisex-silver-ring-theo\/","title":{"rendered":"\u017dIEDAS THEO"},"content":{"rendered":"<p>Theo \u2013 unisex tipo \u017eiedas, i\u0161siskiriantis dr\u0105siu geometriniu siluetu. Modernus, skulpt\u016bri\u0161kas ir netik\u0117tai patogus, nepaisant 15 mm plo\u010dio. Pagamintas i\u0161 925 sidabro, su poliruotu pavir\u0161iumi, kuris subtiliai pagauna \u0161vies\u0105.\nReguliuojamas dydis leid\u017eia \u017eiedui lengvai prisitaikyti \u2013 be matavim\u0173. Tinka ant bet kurio pir\u0161to ir dera prie skirting\u0173 stili\u0173. Nesvarbu, ar renkiesi minimalistin\u012f \u012fvaizd\u012f, ar ry\u0161kesnius akcentus \u2013 \u0161is modelis prisitaiko prie tavo estetikos. \u017diedas, kuris nelieka nepasteb\u0117tas ir kartu tampa lengvu pasirinkimu dovanai vertinantiems \u0161iuolaiki\u0161k\u0105 dizain\u0105.<\/p>","protected":false},"excerpt":{"rendered":"<p>Dr\u0105sios geometrin\u0117s formos \u017eiedas i\u0161 925 sidabro. 15 mm plo\u010dio, reguliuojamas, tod\u0117l tiks skirtingiems dyd\u017eiams.<\/p>","protected":false},"featured_media":9966596121417,"comment_status":"open","ping_status":"closed","template":"","meta":{"_glsr_average":0,"_glsr_ranking":0,"_glsr_reviews":0},"product_brand":[],"product_cat":[875,48,1010,307,289],"product_tag":[],"class_list":{"0":"post-9966595867720","1":"product","2":"type-product","3":"status-publish","4":"has-post-thumbnail","6":"product_cat-all-jewelry","7":"product_cat-bestsellers","8":"product_cat-gifts-over-40-eur","9":"product_cat-rings","10":"product_cat-unisex-jewelry","12":"first","13":"onbackorder","14":"taxable","15":"shipping-taxable","16":"purchasable","17":"product-type-simple"},"_links":{"self":[{"href":"https:\/\/annika.jewelry\/lt\/wp-json\/wp\/v2\/product\/9966595867720","targetHints":{"allow":["GET"]}}],"collection":[{"href":"https:\/\/annika.jewelry\/lt\/wp-json\/wp\/v2\/product"}],"about":[{"href":"https:\/\/annika.jewelry\/lt\/wp-json\/wp\/v2\/types\/product"}],"replies":[{"embeddable":true,"href":"https:\/\/annika.jewelry\/lt\/wp-json\/wp\/v2\/comments?post=9966595867720"}],"version-history":[{"count":3,"href":"https:\/\/annika.jewelry\/lt\/wp-json\/wp\/v2\/product\/9966595867720\/revisions"}],"predecessor-version":[{"id":9966596126410,"href":"https:\/\/annika.jewelry\/lt\/wp-json\/wp\/v2\/product\/9966595867720\/revisions\/9966596126410"}],"wp:featuredmedia":[{"embeddable":true,"href":"https:\/\/annika.jewelry\/lt\/wp-json\/wp\/v2\/media\/9966596121417"}],"wp:attachment":[{"href":"https:\/\/annika.jewelry\/lt\/wp-json\/wp\/v2\/media?parent=9966595867720"}],"wp:term":[{"taxonomy":"product_brand","embeddable":true,"href":"https:\/\/annika.jewelry\/lt\/wp-json\/wp\/v2\/product_brand?post=9966595867720"},{"taxonomy":"product_cat","embeddable":true,"href":"https:\/\/annika.jewelry\/lt\/wp-json\/wp\/v2\/product_cat?post=9966595867720"},{"taxonomy":"product_tag","embeddable":true,"href":"https:\/\/annika.jewelry\/lt\/wp-json\/wp\/v2\/product_tag?post=9966595867720"}],"curies":[{"name":"wp","href":"https:\/\/api.w.org\/{rel}","templated":true}]}}