{"id":9966595866682,"date":"2025-06-13T17:31:58","date_gmt":"2025-06-13T17:31:58","guid":{"rendered":"https:\/\/annika.jewelry\/?post_type=product&#038;p=9966595866682"},"modified":"2026-05-02T17:02:41","modified_gmt":"2026-05-02T17:02:41","slug":"oro-wide-band-silver-ring","status":"publish","type":"product","link":"https:\/\/annika.jewelry\/lt\/p\/oro-wide-band-silver-ring\/","title":{"rendered":"\u017dIEDAS ORO"},"content":{"rendered":"<p>ORO platus sidabro \u017eiedas \u2013 paprastas, bet i\u0161rai\u0161kingas. Plati, blizgi forma su atvira nugar\u0117le kuria \u0161var\u0173, architekt\u016bri\u0161k\u0105 siluet\u0105, kurio nepasteb\u0117ti sunku.\nPagamintas i\u0161 925 sidabro, blizgaus pavir\u0161iaus. Svoris \u2013 8,4 g, tod\u0117l \u017eiedas turi ai\u0161k\u0173 svor\u012f ir jau\u010diamas ant rankos.\nAtvira forma leid\u017eia \u0161iek tiek reguliuoti dyd\u012f, tod\u0117l tinka daugeliui. Galima ne\u0161ioti vien\u0105 kaip ry\u0161k\u0173 akcent\u0105 arba derinti su plonesniais \u017eiedais ir \u017eaisti proporcijomis.\nBe graviravimo, be papildom\u0173 detali\u0173 \u2013 tik sidabras, plotis ir forma.<\/p>","protected":false},"excerpt":{"rendered":"<p>Platus atviro tipo \u017eiedas, blizgaus pavir\u0161iaus. \u0160vari, architekt\u016bri\u0161ka forma.\nPagamintas i\u0161 925 sidabro. Svoris \u2013 8,4 g. Vienas dydis.<\/p>","protected":false},"featured_media":9966596121373,"comment_status":"open","ping_status":"closed","template":"","meta":{"_glsr_average":0,"_glsr_ranking":0,"_glsr_reviews":0},"product_brand":[],"product_cat":[875,1010,307,289],"product_tag":[],"class_list":{"0":"post-9966595866682","1":"product","2":"type-product","3":"status-publish","4":"has-post-thumbnail","6":"product_cat-all-jewelry","7":"product_cat-gifts-over-40-eur","8":"product_cat-rings","9":"product_cat-unisex-jewelry","11":"first","12":"onbackorder","13":"taxable","14":"shipping-taxable","15":"purchasable","16":"product-type-simple"},"_links":{"self":[{"href":"https:\/\/annika.jewelry\/lt\/wp-json\/wp\/v2\/product\/9966595866682","targetHints":{"allow":["GET"]}}],"collection":[{"href":"https:\/\/annika.jewelry\/lt\/wp-json\/wp\/v2\/product"}],"about":[{"href":"https:\/\/annika.jewelry\/lt\/wp-json\/wp\/v2\/types\/product"}],"replies":[{"embeddable":true,"href":"https:\/\/annika.jewelry\/lt\/wp-json\/wp\/v2\/comments?post=9966595866682"}],"version-history":[{"count":2,"href":"https:\/\/annika.jewelry\/lt\/wp-json\/wp\/v2\/product\/9966595866682\/revisions"}],"predecessor-version":[{"id":9966596126847,"href":"https:\/\/annika.jewelry\/lt\/wp-json\/wp\/v2\/product\/9966595866682\/revisions\/9966596126847"}],"wp:featuredmedia":[{"embeddable":true,"href":"https:\/\/annika.jewelry\/lt\/wp-json\/wp\/v2\/media\/9966596121373"}],"wp:attachment":[{"href":"https:\/\/annika.jewelry\/lt\/wp-json\/wp\/v2\/media?parent=9966595866682"}],"wp:term":[{"taxonomy":"product_brand","embeddable":true,"href":"https:\/\/annika.jewelry\/lt\/wp-json\/wp\/v2\/product_brand?post=9966595866682"},{"taxonomy":"product_cat","embeddable":true,"href":"https:\/\/annika.jewelry\/lt\/wp-json\/wp\/v2\/product_cat?post=9966595866682"},{"taxonomy":"product_tag","embeddable":true,"href":"https:\/\/annika.jewelry\/lt\/wp-json\/wp\/v2\/product_tag?post=9966595866682"}],"curies":[{"name":"wp","href":"https:\/\/api.w.org\/{rel}","templated":true}]}}