{"id":9966595862341,"date":"2025-06-10T14:55:06","date_gmt":"2025-06-10T14:55:06","guid":{"rendered":"https:\/\/annika.jewelry\/?post_type=product&#038;p=9966595862341"},"modified":"2026-05-05T06:39:46","modified_gmt":"2026-05-05T06:39:46","slug":"silver-flower-stud-earrings-fiorella","status":"publish","type":"product","link":"https:\/\/annika.jewelry\/lt\/p\/silver-flower-stud-earrings-fiorella\/","title":{"rendered":"AUSKARAI FIORELLA"},"content":{"rendered":"<p>Fiorella \u2014 g\u0117l\u0117s formos auskarai i\u0161 925 sidabro, \u012fkv\u0117pti orchid\u0117jos silueto. Skulpt\u016bri\u0161ki \u017eiedlapiai kuria organi\u0161k\u0105 form\u0105, kuri gra\u017eiai pagauna \u0161vies\u0105 ir i\u0161ry\u0161kina reljef\u0105.\n21 mm auk\u0161\u010dio, ta\u010diau lengvi \u2014 apie 3 g, tod\u0117l patog\u016bs ne\u0161ioti vis\u0105 dien\u0105. Stud tipo u\u017esegimas.\nNe\u0161iok vienus kaip ry\u0161kesn\u012f akcent\u0105 arba derink su kitais ma\u017eesniais auskarais. Gamtos \u012fkv\u0117pta forma tiems, kuriems patinka i\u0161rai\u0161kingi, skulpt\u016bri\u0161ki papuo\u0161alai.<\/p>","protected":false},"excerpt":{"rendered":"<p>Skulpt\u016bri\u0161ki g\u0117l\u0117s formos auskarai i\u0161 925 sidabro. Organi\u0161ka, orchid\u0117jos \u012fkv\u0117pta forma su poliruotu pavir\u0161iumi \u2014 moteri\u0161ki, i\u0161rai\u0161kingi auskarai.<\/p>","protected":false},"featured_media":9966596121308,"comment_status":"open","ping_status":"closed","template":"","meta":{"_glsr_average":0,"_glsr_ranking":0,"_glsr_reviews":0},"product_brand":[],"product_cat":[875,48,301,54,1010,325],"product_tag":[],"class_list":{"0":"post-9966595862341","1":"product","2":"type-product","3":"status-publish","4":"has-post-thumbnail","6":"product_cat-all-jewelry","7":"product_cat-bestsellers","8":"product_cat-earrings","9":"product_cat-gifts-on-a-budget","10":"product_cat-gifts-over-40-eur","11":"product_cat-mothers-day-collection","13":"first","14":"instock","15":"taxable","16":"shipping-taxable","17":"purchasable","18":"product-type-simple"},"_links":{"self":[{"href":"https:\/\/annika.jewelry\/lt\/wp-json\/wp\/v2\/product\/9966595862341","targetHints":{"allow":["GET"]}}],"collection":[{"href":"https:\/\/annika.jewelry\/lt\/wp-json\/wp\/v2\/product"}],"about":[{"href":"https:\/\/annika.jewelry\/lt\/wp-json\/wp\/v2\/types\/product"}],"replies":[{"embeddable":true,"href":"https:\/\/annika.jewelry\/lt\/wp-json\/wp\/v2\/comments?post=9966595862341"}],"version-history":[{"count":2,"href":"https:\/\/annika.jewelry\/lt\/wp-json\/wp\/v2\/product\/9966595862341\/revisions"}],"predecessor-version":[{"id":9966596126799,"href":"https:\/\/annika.jewelry\/lt\/wp-json\/wp\/v2\/product\/9966595862341\/revisions\/9966596126799"}],"wp:featuredmedia":[{"embeddable":true,"href":"https:\/\/annika.jewelry\/lt\/wp-json\/wp\/v2\/media\/9966596121308"}],"wp:attachment":[{"href":"https:\/\/annika.jewelry\/lt\/wp-json\/wp\/v2\/media?parent=9966595862341"}],"wp:term":[{"taxonomy":"product_brand","embeddable":true,"href":"https:\/\/annika.jewelry\/lt\/wp-json\/wp\/v2\/product_brand?post=9966595862341"},{"taxonomy":"product_cat","embeddable":true,"href":"https:\/\/annika.jewelry\/lt\/wp-json\/wp\/v2\/product_cat?post=9966595862341"},{"taxonomy":"product_tag","embeddable":true,"href":"https:\/\/annika.jewelry\/lt\/wp-json\/wp\/v2\/product_tag?post=9966595862341"}],"curies":[{"name":"wp","href":"https:\/\/api.w.org\/{rel}","templated":true}]}}