{"id":9966595862290,"date":"2025-06-10T14:43:39","date_gmt":"2025-06-10T14:43:39","guid":{"rendered":"https:\/\/annika.jewelry\/?post_type=product&#038;p=9966595862290"},"modified":"2026-02-24T09:16:33","modified_gmt":"2026-02-24T09:16:33","slug":"max-earrings-gold","status":"publish","type":"product","link":"https:\/\/annika.jewelry\/lt\/p\/max-earrings-gold\/","title":{"rendered":"AUSKARAI MAX"},"content":{"rendered":"<p>Max \u2013 kampuoto, sulankstytos formos hoop stiliaus auskarai su ai\u0161kiu, architekt\u016bri\u0161ku charakteriu. Lau\u017eytos, \u0161varios linijos kuria \u0161viesos ir \u0161e\u0161\u0117lio \u017eaism\u0105, tod\u0117l siluetas atrodo dinami\u0161kas ir i\u0161skirtinis.\nPagaminti i\u0161 925 sidabro, padengto 14K aukso sluoksniu. Kompakti\u0161ki, bet turintys vizualaus svorio \u2013 ry\u0161k\u016bs, ta\u010diau patog\u016bs kasdienai.\nUnisex modelis tiems, kurie renkasi strukt\u016br\u0105 vietoj \u0161velnumo. Ne\u0161iok vienus arba derink su minimalistiniais stud stiliaus auskarais. Tai auskarai su ai\u0161kia forma ir stipriu charakteriu.<\/p>","protected":false},"excerpt":{"rendered":"<p>Kampuoto, tarsi sulankstyto silueto hoop stiliaus auskarai i\u0161 925 sidabro, padengti 14K aukso sluoksniu. 14 mm auk\u0161\u010dio \u2013 unisex, architekt\u016bri\u0161ko dizaino modelis.<\/p>","protected":false},"featured_media":9966596121297,"comment_status":"open","ping_status":"closed","template":"","meta":{"_glsr_average":0,"_glsr_ranking":0,"_glsr_reviews":0},"product_brand":[],"product_cat":[875,48,301,851,1009],"product_tag":[],"class_list":{"0":"post-9966595862290","1":"product","2":"type-product","3":"status-publish","4":"has-post-thumbnail","6":"product_cat-all-jewelry","7":"product_cat-bestsellers","8":"product_cat-earrings","9":"product_cat-everyday-jewelry","10":"product_cat-gifts-under-40-eur","12":"first","13":"instock","14":"taxable","15":"shipping-taxable","16":"purchasable","17":"product-type-simple"},"_links":{"self":[{"href":"https:\/\/annika.jewelry\/lt\/wp-json\/wp\/v2\/product\/9966595862290","targetHints":{"allow":["GET"]}}],"collection":[{"href":"https:\/\/annika.jewelry\/lt\/wp-json\/wp\/v2\/product"}],"about":[{"href":"https:\/\/annika.jewelry\/lt\/wp-json\/wp\/v2\/types\/product"}],"replies":[{"embeddable":true,"href":"https:\/\/annika.jewelry\/lt\/wp-json\/wp\/v2\/comments?post=9966595862290"}],"version-history":[{"count":2,"href":"https:\/\/annika.jewelry\/lt\/wp-json\/wp\/v2\/product\/9966595862290\/revisions"}],"predecessor-version":[{"id":9966596126429,"href":"https:\/\/annika.jewelry\/lt\/wp-json\/wp\/v2\/product\/9966595862290\/revisions\/9966596126429"}],"wp:featuredmedia":[{"embeddable":true,"href":"https:\/\/annika.jewelry\/lt\/wp-json\/wp\/v2\/media\/9966596121297"}],"wp:attachment":[{"href":"https:\/\/annika.jewelry\/lt\/wp-json\/wp\/v2\/media?parent=9966595862290"}],"wp:term":[{"taxonomy":"product_brand","embeddable":true,"href":"https:\/\/annika.jewelry\/lt\/wp-json\/wp\/v2\/product_brand?post=9966595862290"},{"taxonomy":"product_cat","embeddable":true,"href":"https:\/\/annika.jewelry\/lt\/wp-json\/wp\/v2\/product_cat?post=9966595862290"},{"taxonomy":"product_tag","embeddable":true,"href":"https:\/\/annika.jewelry\/lt\/wp-json\/wp\/v2\/product_tag?post=9966595862290"}],"curies":[{"name":"wp","href":"https:\/\/api.w.org\/{rel}","templated":true}]}}