{"id":9955497214285,"date":"2025-02-21T10:51:24","date_gmt":"2025-02-21T10:51:24","guid":{"rendered":"https:\/\/annika.jewelry\/?post_type=product&#038;p=9955497214285"},"modified":"2026-04-16T10:15:24","modified_gmt":"2026-04-16T10:15:24","slug":"gold-heart-pendant-necklace-lovely","status":"publish","type":"product","link":"https:\/\/annika.jewelry\/lt\/p\/gold-heart-pendant-necklace-lovely\/","title":{"rendered":"KAKLO PAPUO\u0160ALAS LOVELY"},"content":{"rendered":"<p>Lovely \u2013 subtilus \u0161irdel\u0117s formos pakabuko v\u0117rinys, kuriame paprastumas tampa stiprybe. Mink\u0161t\u0173 linij\u0173 \u0161irdel\u0117 lengvai priglunda prie kaklo ir kuria \u0161ilt\u0105, nat\u016bral\u0173 akcent\u0105.\nPagamintas i\u0161 925 sidabro su 14K aukso sluoksniu. Reguliuojamas ilgis leid\u017eia pasirinkti, kaip j\u012f ne\u0161ioti \u2013 vien\u0105 ar derinam\u0105 su kitais v\u0117riniais.\nTai papuo\u0161alas be pertekliaus, bet su jausmu. Tinkantis kasdienai ir ypatingoms progoms \u2013 kai norisi ka\u017eko artimo ir tikro.<\/p>","protected":false},"excerpt":{"rendered":"<p>Smulkios \u0161irdel\u0117s pakabukas ant plonos grandin\u0117l\u0117s i\u0161 925 sidabro, padengtas 14K aukso sluoksniu. Subtilus, romanti\u0161kas ir lengvai pritaikomas kasdieniam \u012fvaizd\u017eiui.<\/p>","protected":false},"featured_media":9966596125264,"comment_status":"open","ping_status":"closed","template":"","meta":{"_glsr_average":0,"_glsr_ranking":0,"_glsr_reviews":0},"product_brand":[],"product_cat":[875,48,46,54,1009,56,325,311],"product_tag":[],"class_list":{"0":"post-9955497214285","1":"product","2":"type-product","3":"status-publish","4":"has-post-thumbnail","6":"product_cat-all-jewelry","7":"product_cat-bestsellers","8":"product_cat-eternal-hearts","9":"product_cat-gifts-on-a-budget","10":"product_cat-gifts-under-40-eur","11":"product_cat-most-gifted","12":"product_cat-mothers-day-collection","13":"product_cat-necklaces","15":"first","16":"instock","17":"taxable","18":"shipping-taxable","19":"purchasable","20":"product-type-simple"},"_links":{"self":[{"href":"https:\/\/annika.jewelry\/lt\/wp-json\/wp\/v2\/product\/9955497214285","targetHints":{"allow":["GET"]}}],"collection":[{"href":"https:\/\/annika.jewelry\/lt\/wp-json\/wp\/v2\/product"}],"about":[{"href":"https:\/\/annika.jewelry\/lt\/wp-json\/wp\/v2\/types\/product"}],"replies":[{"embeddable":true,"href":"https:\/\/annika.jewelry\/lt\/wp-json\/wp\/v2\/comments?post=9955497214285"}],"version-history":[{"count":3,"href":"https:\/\/annika.jewelry\/lt\/wp-json\/wp\/v2\/product\/9955497214285\/revisions"}],"predecessor-version":[{"id":9966596126473,"href":"https:\/\/annika.jewelry\/lt\/wp-json\/wp\/v2\/product\/9955497214285\/revisions\/9966596126473"}],"wp:featuredmedia":[{"embeddable":true,"href":"https:\/\/annika.jewelry\/lt\/wp-json\/wp\/v2\/media\/9966596125264"}],"wp:attachment":[{"href":"https:\/\/annika.jewelry\/lt\/wp-json\/wp\/v2\/media?parent=9955497214285"}],"wp:term":[{"taxonomy":"product_brand","embeddable":true,"href":"https:\/\/annika.jewelry\/lt\/wp-json\/wp\/v2\/product_brand?post=9955497214285"},{"taxonomy":"product_cat","embeddable":true,"href":"https:\/\/annika.jewelry\/lt\/wp-json\/wp\/v2\/product_cat?post=9955497214285"},{"taxonomy":"product_tag","embeddable":true,"href":"https:\/\/annika.jewelry\/lt\/wp-json\/wp\/v2\/product_tag?post=9955497214285"}],"curies":[{"name":"wp","href":"https:\/\/api.w.org\/{rel}","templated":true}]}}