{"id":9891175399757,"date":"2025-02-21T10:52:51","date_gmt":"2025-02-21T10:52:51","guid":{"rendered":"https:\/\/annika.jewelry\/?post_type=product&#038;p=9891175399757"},"modified":"2026-04-26T18:28:07","modified_gmt":"2026-04-26T18:28:07","slug":"sculptural-silver-ear-cuff-ganni","status":"publish","type":"product","link":"https:\/\/annika.jewelry\/lt\/p\/sculptural-silver-ear-cuff-ganni\/","title":{"rendered":"GANNI EARCUFF'AS"},"content":{"rendered":"<p>Ganni \u2013 skulpt\u016bri\u0161kas earcuffas i\u0161 925 sidabro su dr\u0105sia, lydyt\u0105 metal\u0105 primenan\u010dia tekst\u016bra. Nelygus, organi\u0161kas pavir\u0161ius atrodo tarsi susting\u0119s judesyje ir kiekvien\u0105 kart\u0105 kitaip pagauna \u0161vies\u0105.\nNereikalauja prad\u016brimo \u2013 tiesiog u\u017emaunamas ir lengvai pritaikomas patogiam prigludimui. Ry\u0161kus, charakteringas siluetas suteikia ausiai ai\u0161k\u0173 akcent\u0105.\nNe\u0161iok vien\u0105 kaip pagrindin\u012f \u012fvaizd\u017eio element\u0105 arba derink su minimalistiniais stud stiliaus auskarais kontrastui. Tai modelis su menine nuotaika ir stipria energija \u2013 tas, apie kur\u012f klausia.<\/p>","protected":false},"excerpt":{"rendered":"<p>I\u0161rai\u0161kingas earcuffas i\u0161 925 sidabro su reljefi\u0161ka, organi\u0161ka tekst\u016bra, primenan\u010dia lydyt\u0105 metal\u0105. Dr\u0105sus siluetas, nereikalaujantis prad\u016brimo \u2013 ry\u0161kus akcentas be pastang\u0173.<\/p>","protected":false},"featured_media":9966596123085,"comment_status":"open","ping_status":"closed","template":"","meta":{"_glsr_average":0,"_glsr_ranking":0,"_glsr_reviews":0},"product_brand":[],"product_cat":[875,48,806,1009,410],"product_tag":[],"class_list":{"0":"post-9891175399757","1":"product","2":"type-product","3":"status-publish","4":"has-post-thumbnail","6":"product_cat-all-jewelry","7":"product_cat-bestsellers","8":"product_cat-earcuffs","9":"product_cat-gifts-under-40-eur","10":"product_cat-outlet","12":"first","13":"instock","14":"sale","15":"taxable","16":"shipping-taxable","17":"purchasable","18":"product-type-simple"},"_links":{"self":[{"href":"https:\/\/annika.jewelry\/lt\/wp-json\/wp\/v2\/product\/9891175399757","targetHints":{"allow":["GET"]}}],"collection":[{"href":"https:\/\/annika.jewelry\/lt\/wp-json\/wp\/v2\/product"}],"about":[{"href":"https:\/\/annika.jewelry\/lt\/wp-json\/wp\/v2\/types\/product"}],"replies":[{"embeddable":true,"href":"https:\/\/annika.jewelry\/lt\/wp-json\/wp\/v2\/comments?post=9891175399757"}],"version-history":[{"count":3,"href":"https:\/\/annika.jewelry\/lt\/wp-json\/wp\/v2\/product\/9891175399757\/revisions"}],"predecessor-version":[{"id":9966596126462,"href":"https:\/\/annika.jewelry\/lt\/wp-json\/wp\/v2\/product\/9891175399757\/revisions\/9966596126462"}],"wp:featuredmedia":[{"embeddable":true,"href":"https:\/\/annika.jewelry\/lt\/wp-json\/wp\/v2\/media\/9966596123085"}],"wp:attachment":[{"href":"https:\/\/annika.jewelry\/lt\/wp-json\/wp\/v2\/media?parent=9891175399757"}],"wp:term":[{"taxonomy":"product_brand","embeddable":true,"href":"https:\/\/annika.jewelry\/lt\/wp-json\/wp\/v2\/product_brand?post=9891175399757"},{"taxonomy":"product_cat","embeddable":true,"href":"https:\/\/annika.jewelry\/lt\/wp-json\/wp\/v2\/product_cat?post=9891175399757"},{"taxonomy":"product_tag","embeddable":true,"href":"https:\/\/annika.jewelry\/lt\/wp-json\/wp\/v2\/product_tag?post=9891175399757"}],"curies":[{"name":"wp","href":"https:\/\/api.w.org\/{rel}","templated":true}]}}