{"id":8842329489741,"date":"2025-02-21T10:51:47","date_gmt":"2025-02-21T10:51:47","guid":{"rendered":"https:\/\/annika.jewelry\/?post_type=product&#038;p=8842329489741"},"modified":"2026-02-24T15:17:58","modified_gmt":"2026-02-24T15:17:58","slug":"silver-double-interlocking-ring-ivy","status":"publish","type":"product","link":"https:\/\/annika.jewelry\/lt\/p\/silver-double-interlocking-ring-ivy\/","title":{"rendered":"\u017dIEDAS IVY"},"content":{"rendered":"<p>Ivy \u2013 dvigubas, persipinantis 925 sidabro \u017eiedas. Platesn\u0117 ir plonesn\u0117 juosta susijungia \u012f vien\u0105 ai\u0161ki\u0105 form\u0105, kur kontrastas tampa pagrindiniu akcentu.\nRolling dizainas suteikia lengvo judesio \u2013 \u017eiedas \u0161velniai kinta kartu su ranka ir vis kitaip pagauna \u0161vies\u0105. Poliruotas pavir\u0161ius i\u0161ry\u0161kina linijas, o forma i\u0161lieka patogi kasdienai.\nNe\u0161iok vien\u0105 arba derink su kitais \u017eiedais.\nLaikui nepavaldus pasirinkimas.<\/p>","protected":false},"excerpt":{"rendered":"<p>Du persipinantys 925 sidabro \u017eiedai \u2014 platesn\u0117 ir siauresn\u0117 juosta viename siluete.\nJudesio poj\u016btis, kuris atsiskleid\u017eia vos pasukus rank\u0105.<\/p>","protected":false},"featured_media":9966596123080,"comment_status":"open","ping_status":"closed","template":"","meta":{"_glsr_average":5,"_glsr_ranking":3.6363636363636,"_glsr_reviews":1},"product_brand":[],"product_cat":[875,48,1010,307,289],"product_tag":[],"class_list":{"0":"post-8842329489741","1":"product","2":"type-product","3":"status-publish","4":"has-post-thumbnail","6":"product_cat-all-jewelry","7":"product_cat-bestsellers","8":"product_cat-gifts-over-40-eur","9":"product_cat-rings","10":"product_cat-unisex-jewelry","12":"first","13":"instock","14":"taxable","15":"shipping-taxable","16":"purchasable","17":"product-type-variable"},"_links":{"self":[{"href":"https:\/\/annika.jewelry\/lt\/wp-json\/wp\/v2\/product\/8842329489741","targetHints":{"allow":["GET"]}}],"collection":[{"href":"https:\/\/annika.jewelry\/lt\/wp-json\/wp\/v2\/product"}],"about":[{"href":"https:\/\/annika.jewelry\/lt\/wp-json\/wp\/v2\/types\/product"}],"replies":[{"embeddable":true,"href":"https:\/\/annika.jewelry\/lt\/wp-json\/wp\/v2\/comments?post=8842329489741"}],"version-history":[{"count":3,"href":"https:\/\/annika.jewelry\/lt\/wp-json\/wp\/v2\/product\/8842329489741\/revisions"}],"predecessor-version":[{"id":9966596126482,"href":"https:\/\/annika.jewelry\/lt\/wp-json\/wp\/v2\/product\/8842329489741\/revisions\/9966596126482"}],"wp:featuredmedia":[{"embeddable":true,"href":"https:\/\/annika.jewelry\/lt\/wp-json\/wp\/v2\/media\/9966596123080"}],"wp:attachment":[{"href":"https:\/\/annika.jewelry\/lt\/wp-json\/wp\/v2\/media?parent=8842329489741"}],"wp:term":[{"taxonomy":"product_brand","embeddable":true,"href":"https:\/\/annika.jewelry\/lt\/wp-json\/wp\/v2\/product_brand?post=8842329489741"},{"taxonomy":"product_cat","embeddable":true,"href":"https:\/\/annika.jewelry\/lt\/wp-json\/wp\/v2\/product_cat?post=8842329489741"},{"taxonomy":"product_tag","embeddable":true,"href":"https:\/\/annika.jewelry\/lt\/wp-json\/wp\/v2\/product_tag?post=8842329489741"}],"curies":[{"name":"wp","href":"https:\/\/api.w.org\/{rel}","templated":true}]}}