{"id":9966596119530,"date":"2025-10-11T17:57:19","date_gmt":"2025-10-11T17:57:19","guid":{"rendered":"https:\/\/annika.jewelry\/?page_id=9966596119530"},"modified":"2025-11-11T17:26:34","modified_gmt":"2025-11-11T17:26:34","slug":"jewelry-care","status":"publish","type":"page","link":"https:\/\/annika.jewelry\/lt\/jewelry-care\/","title":{"rendered":"PAPUO\u0160AL\u0172 PRIE\u017dI\u016aRA"},"content":{"rendered":"<div data-elementor-type=\"wp-page\" data-elementor-id=\"9966596119530\" class=\"elementor elementor-9966596119530\" data-elementor-post-type=\"page\">\n\t\t\t\t<div class=\"elementor-element elementor-element-fb471f7 e-flex e-con-boxed e-con e-parent\" data-id=\"fb471f7\" data-element_type=\"container\" data-e-type=\"container\">\n\t\t\t\t\t<div class=\"e-con-inner\">\n\t\t<div class=\"elementor-element elementor-element-2939002 e-con-full e-flex e-con e-child\" data-id=\"2939002\" data-element_type=\"container\" data-e-type=\"container\">\n\t\t<div class=\"elementor-element elementor-element-613e65c e-con-full e-flex e-con e-child\" data-id=\"613e65c\" data-element_type=\"container\" data-e-type=\"container\">\n\t\t<div class=\"elementor-element elementor-element-f81e81a e-con-full e-flex e-con e-child\" data-id=\"f81e81a\" data-element_type=\"container\" data-e-type=\"container\">\n\t\t\t\t<div class=\"elementor-element elementor-element-2ee0ec0 elementor-widget elementor-widget-text-editor\" data-id=\"2ee0ec0\" data-element_type=\"widget\" data-e-type=\"widget\" data-widget_type=\"text-editor.default\">\n\t\t\t\t<div class=\"elementor-widget-container\">\n\t\t\t\t\t\t\t\t\t<p data-start=\"203\" data-end=\"373\">R\u016bpestinga papuo\u0161al\u0173 prie\u017ei\u016bra padeda i\u0161saugoti j\u0173 gro\u017e\u012f visam laikui. Tiek sidabriniai papuo\u0161alai, tiek dirbiniai su deimantais nusipelno d\u0117mesingo po\u017ei\u016brio, kad i\u0161laikyt\u0173 savo nat\u016bral\u0173 spindes\u012f.<\/p><p data-start=\"203\" data-end=\"373\">\u00a0<\/p><h6 data-start=\"375\" data-end=\"414\">925 SIDABRO PAPUO\u0160AL\u0172 PRIE\u017dI\u016aRA<\/h6><p data-start=\"416\" data-end=\"550\">925 sidabras \u2013 laikui nepavaldus metalas, kuris, veikiamas oro ir dr\u0117gm\u0117s, gali \u0161velniai patams\u0117ti. Kad i\u0161saugotum\u0117te jo spindes\u012f:<\/p><p data-start=\"554\" data-end=\"663\"><strong data-start=\"554\" data-end=\"573\">Sandariai laikyk.<\/strong> Sidabrinius papuo\u0161alus laikyk sandariame mai\u0161elyje arba d\u0117\u017eut\u0117je su apsauga nuo patams\u0117jimo.<\/p><p data-start=\"666\" data-end=\"740\"><strong data-start=\"666\" data-end=\"685\">Venk dr\u0117gm\u0117s.<\/strong> Nusiimk prie\u0161 maudantis, sportuojant ar prausiantis.<\/p><p data-start=\"743\" data-end=\"837\"><strong data-start=\"743\" data-end=\"764\">\u0160velniai valyk.<\/strong> Naudok \u0161veln\u0173 poliravimo audin\u012f \u2013 jis saugiai pa\u0161alins patams\u0117jimus.<\/p><p data-start=\"840\" data-end=\"979\"><strong data-start=\"840\" data-end=\"865\">Plaut tik \u0161velniai.<\/strong> Nedidelis kiekis muilo, \u0161iltas vanduo ir mink\u0161tas audinys \u2013 viskas, ko reikia. Gerai nuskalauk ir nusausink.<\/p><p data-start=\"982\" data-end=\"1068\"><strong data-start=\"982\" data-end=\"1002\">Saugok nuo chemikal\u0173<\/strong> Saugok nuo kvepal\u0173, losjon\u0173 ir buitini\u0173 valikli\u0173.<\/p><p data-start=\"982\" data-end=\"1068\">\u00a0<\/p><h6 data-start=\"1070\" data-end=\"1097\">PAPUO\u0160AL\u0172 SU DEIMANTAIS PRIE\u017dI\u016aRA<\/h6><p data-start=\"1099\" data-end=\"1205\">Papuo\u0161alai su deimantais reikalauja d\u0117mesingos prie\u017ei\u016bros, kad i\u0161laikyt\u0173 spindes\u012f ir u\u017etikrint\u0173 tvirt\u0105 akmen\u0173 \u012fstatym\u0105.<\/p><p data-start=\"1209\" data-end=\"1381\"><strong data-start=\"1209\" data-end=\"1229\">Reguliariai valyk.<\/strong> Pamirkyk \u0161iltame vandenyje su \u0161velniu muilu, tuomet mink\u0161tu \u0161epet\u0117liu atsargiai nuvalyk deimant\u0105 ir jo tvirtinimus. Gerai nuplauk ir nusausink.<\/p><p data-start=\"1384\" data-end=\"1535\"><strong data-start=\"1384\" data-end=\"1408\">Saugok nuo sm\u016bgi\u0173.<\/strong> Nors deimantai itin tvirti, j\u0173 tvirtinimai laikui b\u0117gant gali susilpn\u0117ti. Venk ne\u0161ioti papuo\u0161alus dirbant fizin\u012f darb\u0105 ar kontaktuojant su chemikalais.<\/p><p data-start=\"1538\" data-end=\"1655\"><strong data-start=\"1538\" data-end=\"1563\">Tikrink tvirtinimus.<\/strong> Retkar\u010diais patikrink, ar akmuo laikosi tvirtai, ar nenusid\u0117v\u0117j\u0119s laikiklis. Esant poreikiui \u2013 kreipkis \u012f juvelyr\u0105.<\/p><p data-start=\"1658\" data-end=\"1761\"><strong data-start=\"1658\" data-end=\"1677\">Laikyk atskirai.<\/strong> Deimantus laikyk mink\u0161tame mai\u0161elyje arba atskiroje d\u0117\u017eut\u0117s dalyje \u2013 kad nesubrai\u017eyt\u0173 kit\u0173 papuo\u0161al\u0173.<\/p><p data-start=\"1764\" data-end=\"1864\"><strong data-start=\"1764\" data-end=\"1786\">Profesionali prie\u017ei\u016bra:<\/strong> Kart\u0105 per metus rekomenduojama atlikti profesional\u0173 valym\u0105 ir ap\u017ei\u016br\u0105.<\/p><p data-start=\"1764\" data-end=\"1864\">\u00a0<\/p><h6 data-start=\"1866\" data-end=\"1890\">BENDRI PRIE\u017dI\u016aROS PATARIMAI<\/h6><p data-start=\"1894\" data-end=\"1955\"><strong data-start=\"1894\" data-end=\"1918\">Ne\u0161iok kaitaliodama.<\/strong> D\u0117v\u0117kite papuo\u0161alus pakaitomis, kad suma\u017eintum\u0117te nusid\u0117v\u0117jim\u0105.<\/p><p data-start=\"1958\" data-end=\"2011\"><strong data-start=\"1958\" data-end=\"1974\">Laikyk sausoje vietoje.<\/strong> Venkite kontakto su vandeniu ir prakaitu.<\/p><p data-start=\"2014\" data-end=\"2095\"><strong data-start=\"2014\" data-end=\"2034\">Saugok nuo chemikal\u0173<\/strong> Kvepalai, losjonai ir valikliai laikui b\u0117gant gali pakenkti pavir\u0161iui.<\/p><p data-start=\"2098\" data-end=\"2171\"><strong data-start=\"2098\" data-end=\"2119\">R\u016bpinkit\u0117s atsakingai:<\/strong> Papuo\u0161alus visuomet u\u017esid\u0117kite paskiausiai, o nusiimkite pirmiausiai.<\/p><p data-start=\"2098\" data-end=\"2171\">\u00a0<\/p><p data-start=\"2173\" data-end=\"2296\">Tinkamai pri\u017ei\u016brimi j\u016bs\u0173 sidabro ir deimant\u0173 papuo\u0161alai i\u0161liks spindintys \u2013 kaip gra\u017eus priminimas apie laikui nepavald\u017ei\u0105 elegancij\u0105.<\/p><hr data-start=\"2298\" data-end=\"2301\" \/><p data-start=\"343\" data-end=\"400\">\u00a0<\/p>\t\t\t\t\t\t\t\t<\/div>\n\t\t\t\t<\/div>\n\t\t<div class=\"elementor-element elementor-element-91e1ff4 e-con-full e-flex e-con e-child\" data-id=\"91e1ff4\" data-element_type=\"container\" data-e-type=\"container\">\n\t\t\t\t<div class=\"elementor-element elementor-element-a16e503 elementor-widget elementor-widget-spacer\" data-id=\"a16e503\" data-element_type=\"widget\" data-e-type=\"widget\" data-widget_type=\"spacer.default\">\n\t\t\t\t<div class=\"elementor-widget-container\">\n\t\t\t\t\t\t\t<div class=\"elementor-spacer\">\n\t\t\t<div class=\"elementor-spacer-inner\"><\/div>\n\t\t<\/div>\n\t\t\t\t\t\t<\/div>\n\t\t\t\t<\/div>\n\t\t\t\t<\/div>\n\t\t\t\t<\/div>\n\t\t\t\t<\/div>\n\t\t\t\t<\/div>\n\t\t\t\t\t<\/div>\n\t\t\t\t<\/div>\n\t\t<div class=\"elementor-element elementor-element-a3289ed e-con-full e-flex e-con e-parent\" data-id=\"a3289ed\" data-element_type=\"container\" data-e-type=\"container\">\n\t\t\t\t<div class=\"elementor-element elementor-element-8369974 minimog-animation-zoom-in elementor-widget elementor-widget-tm-product-category-carousel\" data-id=\"8369974\" data-element_type=\"widget\" data-e-type=\"widget\" data-settings=\"{&quot;swiper_items_tablet&quot;:&quot;auto-fixed&quot;,&quot;swiper_items&quot;:&quot;4&quot;,&quot;swiper_items_mobile&quot;:&quot;2&quot;,&quot;show_count&quot;:&quot;yes&quot;}\" data-widget_type=\"tm-product-category-carousel.default\">\n\t\t\t\t<div class=\"elementor-widget-container\">\n\t\t\t\t\t\n\t\t<div class=\"minimog-product-categories style-06 tm-swiper tm-slider-widget use-elementor-breakpoints\" data-items-desktop=\"4\" data-items-tablet=\"auto-fixed\" data-items-mobile=\"2\" data-gutter-desktop=\"0\" data-loop=\"1\" data-simulate-touch=\"1\" data-effect=\"slide\">\n\t\t\t<div class=\"swiper-inner\">\n\n\t\t\t\t\n\t\t\t\t<div class=\"swiper\">\n\t\t\t\t\t<div class=\"swiper-wrapper\">\n\t\t\t\t\t\t<div class=\"swiper-slide product-category product first\">\n\t<div class=\"cat-wrap minimog-box\">\n\t\t<div class=\"minimog-image-wrapper\">\n\t\t\t<div class=\"minimog-image-inner\">\n\t\t\t\t<div class=\"minimog-image image\">\n\t\t\t\t\t<a href=\"https:\/\/annika.jewelry\/lt\/collections\/all-jewelry\/necklaces\/\" class=\"cat-image minimog-box\">\n\t\t\t\t\t\t<m-image class=\"minimog-lazy-image\" style=\"--lazy-image-width: 1080px;--lazy-image-height: 125%;\" data-image-loading><img loading=\"lazy\" decoding=\"async\" src=\"https:\/\/annika.jewelry\/wp-content\/uploads\/2025\/10\/Produktines-Instagram-Post-45-71.png\" width=\"1080\" height=\"1350\" alt=\"Produktin\u0117s (Instagram Post (45))-71\" class=\"attachment-full size-full\" title=\"\"><\/m-image>\t\t\t\t\t<\/a>\n\t\t\t\t<\/div>\n\t\t\t<\/div>\n\t\t<\/div>\n\n\t\t<div class=\"category-info\">\n\t<div class=\"category-info-wrapper\">\n\t\t<h2 class=\"category-name\">\n\t\t\t<a href=\"https:\/\/annika.jewelry\/lt\/collections\/all-jewelry\/necklaces\/\">\n\t\t\t\tKaklo papuo\u0161alai\t\t\t<\/a>\n\t\t<\/h2>\n\n\t\t<div class=\"category-count\">\n\t<span class=\"cat-count-number\">26<\/span>\n\n\t\t\t<span class=\"cat-count-text\">\n\t\t\tpreki\u0173\t\t<\/span>\n\t<\/div>\n\n\t\t\t<\/div>\n<\/div>\n\n\t\t\t<\/div>\n<\/div>\n<div class=\"swiper-slide product-category product\">\n\t<div class=\"cat-wrap minimog-box\">\n\t\t<div class=\"minimog-image-wrapper\">\n\t\t\t<div class=\"minimog-image-inner\">\n\t\t\t\t<div class=\"minimog-image image\">\n\t\t\t\t\t<a href=\"https:\/\/annika.jewelry\/lt\/collections\/all-jewelry\/bracelets\/\" class=\"cat-image minimog-box\">\n\t\t\t\t\t\t<m-image class=\"minimog-lazy-image\" style=\"--lazy-image-width: 1080px;--lazy-image-height: 125%;\" data-image-loading><img loading=\"lazy\" decoding=\"async\" src=\"https:\/\/annika.jewelry\/wp-content\/uploads\/2025\/10\/15-3.png\" width=\"1080\" height=\"1350\" alt=\"15\" class=\"attachment-full size-full\" title=\"\"><\/m-image>\t\t\t\t\t<\/a>\n\t\t\t\t<\/div>\n\t\t\t<\/div>\n\t\t<\/div>\n\n\t\t<div class=\"category-info\">\n\t<div class=\"category-info-wrapper\">\n\t\t<h2 class=\"category-name\">\n\t\t\t<a href=\"https:\/\/annika.jewelry\/lt\/collections\/all-jewelry\/bracelets\/\">\n\t\t\t\tApyrank\u0117s\t\t\t<\/a>\n\t\t<\/h2>\n\n\t\t<div class=\"category-count\">\n\t<span class=\"cat-count-number\">10<\/span>\n\n\t\t\t<span class=\"cat-count-text\">\n\t\t\tpreki\u0173\t\t<\/span>\n\t<\/div>\n\n\t\t\t<\/div>\n<\/div>\n\n\t\t\t<\/div>\n<\/div>\n<div class=\"swiper-slide product-category product\">\n\t<div class=\"cat-wrap minimog-box\">\n\t\t<div class=\"minimog-image-wrapper\">\n\t\t\t<div class=\"minimog-image-inner\">\n\t\t\t\t<div class=\"minimog-image image\">\n\t\t\t\t\t<a href=\"https:\/\/annika.jewelry\/lt\/collections\/all-jewelry\/rings\/\" class=\"cat-image minimog-box\">\n\t\t\t\t\t\t<m-image class=\"minimog-lazy-image\" style=\"--lazy-image-width: 1080px;--lazy-image-height: 125%;\" data-image-loading><img loading=\"lazy\" decoding=\"async\" src=\"https:\/\/annika.jewelry\/wp-content\/uploads\/2025\/10\/Produktines-Instagram-Post-45-70.png\" width=\"1080\" height=\"1350\" alt=\"Produktin\u0117s (Instagram Post (45))-70\" class=\"attachment-full size-full\" title=\"\"><\/m-image>\t\t\t\t\t<\/a>\n\t\t\t\t<\/div>\n\t\t\t<\/div>\n\t\t<\/div>\n\n\t\t<div class=\"category-info\">\n\t<div class=\"category-info-wrapper\">\n\t\t<h2 class=\"category-name\">\n\t\t\t<a href=\"https:\/\/annika.jewelry\/lt\/collections\/all-jewelry\/rings\/\">\n\t\t\t\t\u017dIEDAI\t\t\t<\/a>\n\t\t<\/h2>\n\n\t\t<div class=\"category-count\">\n\t<span class=\"cat-count-number\">27<\/span>\n\n\t\t\t<span class=\"cat-count-text\">\n\t\t\tpreki\u0173\t\t<\/span>\n\t<\/div>\n\n\t\t\t<\/div>\n<\/div>\n\n\t\t\t<\/div>\n<\/div>\n<div class=\"swiper-slide product-category product\">\n\t<div class=\"cat-wrap minimog-box\">\n\t\t<div class=\"minimog-image-wrapper\">\n\t\t\t<div class=\"minimog-image-inner\">\n\t\t\t\t<div class=\"minimog-image image\">\n\t\t\t\t\t<a href=\"https:\/\/annika.jewelry\/lt\/collections\/all-jewelry\/earrings\/\" class=\"cat-image minimog-box\">\n\t\t\t\t\t\t<m-image class=\"minimog-lazy-image\" style=\"--lazy-image-width: 1080px;--lazy-image-height: 125%;\" data-image-loading><img loading=\"lazy\" decoding=\"async\" src=\"https:\/\/annika.jewelry\/wp-content\/uploads\/2025\/10\/Produktines-Instagram-Post-45-61.png\" width=\"1080\" height=\"1350\" alt=\"Produktin\u0117s (Instagram Post (45))-61\" class=\"attachment-full size-full\" title=\"\"><\/m-image>\t\t\t\t\t<\/a>\n\t\t\t\t<\/div>\n\t\t\t<\/div>\n\t\t<\/div>\n\n\t\t<div class=\"category-info\">\n\t<div class=\"category-info-wrapper\">\n\t\t<h2 class=\"category-name\">\n\t\t\t<a href=\"https:\/\/annika.jewelry\/lt\/collections\/all-jewelry\/earrings\/\">\n\t\t\t\tAuskarai\t\t\t<\/a>\n\t\t<\/h2>\n\n\t\t<div class=\"category-count\">\n\t<span class=\"cat-count-number\">62<\/span>\n\n\t\t\t<span class=\"cat-count-text\">\n\t\t\tpreki\u0173\t\t<\/span>\n\t<\/div>\n\n\t\t\t<\/div>\n<\/div>\n\n\t\t\t<\/div>\n<\/div>\n\t\t\t\t\t<\/div>\n\t\t\t\t<\/div>\n\n\t\t\t\t\n\t\t\t<\/div>\n\t\t<\/div>\n\t\t\t\t\t\t<\/div>\n\t\t\t\t<\/div>\n\t\t\t\t<\/div>\n\t\t\t\t<\/div>","protected":false},"excerpt":{"rendered":"<p>Caring for your jewelry ensures its beauty lasts a lifetime. Both 925 sterling silver and diamond pieces deserve mindful attention to preserve their natural brilliance. \u00a0 925 STERLING SILVER JEWELRY CARE Sterling silver is a timeless material that can gently darken over time when exposed to air and moisture. To keep its luminous glow: Store Properly: Keep silver jewelry in an airtight bag or a jewelry box lined with anti-tarnish fabric. Avoid Moisture: Remove it before swimming, showering, or exercising. Polish Regularly: Use a soft polishing cloth to restore shine \u2014 avoid abrasive cleaners. Clean with Mild Soap: Mix a small amount of gentle soap with warm water, clean with a soft cloth or brush, rinse, and dry thoroughly. Avoid Chemicals: Keep silver away from perfumes, lotions, and cleaning products. \u00a0 DIAMOND JEWELRY CARE Diamond jewelry deserves delicate care to maintain its brilliance and ensure the settings remain secure. Clean Regularly: Use a mild solution of warm water and gentle soap. Soak for a few minutes, then brush softly around the stones and settings. Rinse and dry carefully. Protect from Damage: Diamonds are strong, yet their settings can loosen \u2014 avoid wearing them during physical activity or when handling chemicals. Inspect the Settings: Check for loose stones or worn prongs and have them professionally tightened when needed. Store Securely: Keep diamond pieces in a soft pouch or separate compartment to prevent scratches. Professional Care: Have your diamond jewelry professionally cleaned and inspected once a year. \u00a0 GENERAL CARE TIPS Rotate Your Jewelry: Alternate pieces to minimize wear. Keep It Dry: Avoid contact with water or sweat. Avoid Chemicals: Perfumes, lotions, and cleaning agents can dull the shine. Handle with Care: Always put on jewelry last and take it off first. \u00a0 With proper care, your sterling silver and diamond pieces will remain radiant \u2014 beautiful reminders of timeless elegance. \u00a0 Necklaces 26 items Bracelets 9 items RINGS 28 items Earrings 81 items<\/p>","protected":false},"author":8,"featured_media":0,"parent":0,"menu_order":0,"comment_status":"closed","ping_status":"closed","template":"","meta":{"_glsr_average":0,"_glsr_ranking":0,"_glsr_reviews":0,"footnotes":""},"class_list":["post-9966596119530","page","type-page","status-publish","hentry","post-no-thumbnail"],"_links":{"self":[{"href":"https:\/\/annika.jewelry\/lt\/wp-json\/wp\/v2\/pages\/9966596119530","targetHints":{"allow":["GET"]}}],"collection":[{"href":"https:\/\/annika.jewelry\/lt\/wp-json\/wp\/v2\/pages"}],"about":[{"href":"https:\/\/annika.jewelry\/lt\/wp-json\/wp\/v2\/types\/page"}],"author":[{"embeddable":true,"href":"https:\/\/annika.jewelry\/lt\/wp-json\/wp\/v2\/users\/8"}],"replies":[{"embeddable":true,"href":"https:\/\/annika.jewelry\/lt\/wp-json\/wp\/v2\/comments?post=9966596119530"}],"version-history":[{"count":98,"href":"https:\/\/annika.jewelry\/lt\/wp-json\/wp\/v2\/pages\/9966596119530\/revisions"}],"predecessor-version":[{"id":9966596123890,"href":"https:\/\/annika.jewelry\/lt\/wp-json\/wp\/v2\/pages\/9966596119530\/revisions\/9966596123890"}],"wp:attachment":[{"href":"https:\/\/annika.jewelry\/lt\/wp-json\/wp\/v2\/media?parent=9966596119530"}],"curies":[{"name":"wp","href":"https:\/\/api.w.org\/{rel}","templated":true}]}}