{"id":9966596119656,"date":"2025-10-12T09:48:07","date_gmt":"2025-10-12T09:48:07","guid":{"rendered":"https:\/\/annika.jewelry\/?page_id=9966596119656"},"modified":"2026-02-02T21:19:52","modified_gmt":"2026-02-02T21:19:52","slug":"elementor-page-9966596119656","status":"publish","type":"page","link":"https:\/\/annika.jewelry\/de\/elementor-page-9966596119656\/","title":{"rendered":"KONTAKT"},"content":{"rendered":"<div data-elementor-type=\"wp-page\" data-elementor-id=\"9966596119656\" class=\"elementor elementor-9966596119656\" data-elementor-post-type=\"page\">\n\t\t\t\t<div class=\"elementor-element elementor-element-033d4e5 e-flex e-con-boxed e-con e-parent\" data-id=\"033d4e5\" data-element_type=\"container\" data-e-type=\"container\">\n\t\t\t\t\t<div class=\"e-con-inner\">\n\t\t<div class=\"elementor-element elementor-element-ac12a8b e-grid e-con-full e-con e-child\" data-id=\"ac12a8b\" data-element_type=\"container\" data-e-type=\"container\">\n\t\t\t\t<div class=\"elementor-element elementor-element-ad80827 elementor-widget elementor-widget-text-editor\" data-id=\"ad80827\" data-element_type=\"widget\" data-e-type=\"widget\" data-widget_type=\"text-editor.default\">\n\t\t\t\t<div class=\"elementor-widget-container\">\n\t\t\t\t\t\t\t\t\t<section class=\"shopify-section section\"><div class=\"isolate page-width\"><div class=\"rich-text rich-text-template--25154619572603__e2988089-a119-481b-8c48-b5f7475c76a7 content-container color-background-1 gradient section-template--25154619572603__e2988089-a119-481b-8c48-b5f7475c76a7-padding\"><div class=\"rich-text__wrapper rich-text__wrapper--center\"><div class=\"rich-text__blocks left\"><section class=\"gmail-shopify-section gmail-section\"><div class=\"gmail-isolate gmail-page-width\"><div class=\"gmail-rich-text gmail-rich-text-template--25154619572603__e2988089-a119-481b-8c48-b5f7475c76a7 gmail-content-container gmail-color-background-1 gmail-gradient gmail-section-template--25154619572603__e2988089-a119-481b-8c48-b5f7475c76a7-padding\"><div class=\"gmail-rich-text__wrapper gmail-rich-text__wrapper--center\"><div class=\"gmail-rich-text__blocks gmail-left\"><p>If you need any assistance regarding your purchase, please contact us via info@annika.jewelry.<\/p><p>Office hours: Monday &#8211; Friday 10am-5pm (CEST)<\/p><p>For immediate assistance please call us: +370 615 42474<\/p><p>MB Annika Retail\u00a0 \u00a0 \u00a0 \u00a0 \u00a0 \u00a0 \u00a0 \u00a0 \u00a0 \u00a0 \u00a0 \u00a0 \u00a0 \u00a0 \u00a0 \u00a0 \u00a0 \u00a0 \u00a0 \u00a0 \u00a0 \u00a0 \u00a0 \u00a0 \u00a0 \u00a0 \u00a0 \u00a0 \u00a0 \u00a0 \u00a0 \u00a0 \u00a0 \u00a0 \u00a0 \u00a0 \u00a0 \u00a0 \u00a0 \u00a0 \u00a0 \u00a0 \u00a0 \u00a0 \u00a0 \u00a0 \u00a0 \u00a0 \u00a0 \u00a0 \u00a0 \u00a0 \u00a0 \u00a0 \u00a0 \u00a0 \u00a0 \u00a0 \u00a0 \u00a0 \u00a0 \u00a0 \u00a0 \u00a0 \u00a0 \u00a0 \u00a0 \u00a0 \u00a0 \u00a0 \u00a0 \u00a0 \u00a0 \u00a0 \u00a0 \u00a0 \u00a0 \u00a0 \u00a0 \u00a0 \u00a0 \u00a0 \u00a0 \u00a0 \u00a0 \u00a0 \u00a0 \u00a0 \u00a0 \u00a0 \u00a0 \u00a0 \u00a0 \u00a0 \u00a0 \u00a0 \u00a0 \u00a0 \u00a0 \u00a0 \u00a0 \u00a0 \u00a0 \u00a0 \u00a0 \u00a0<\/p><p>Address:\u00a0<\/p><p>\u00a0 \u017dvaig\u017ed\u017ei\u0173 g. 4, Radiki\u0173 k. \u00a0 \u00a0 \u00a0 \u00a0 \u00a0 \u00a0 \u00a0 \u00a0 \u00a0 \u00a0 \u00a0 \u00a0 \u00a0 \u00a0 \u00a0 \u00a0 \u00a0 \u00a0 \u00a0 \u00a0 \u00a0 \u00a0 \u00a0 \u00a0 \u00a0 \u00a0 \u00a0 \u00a0 \u00a0 \u00a0 \u00a0 \u00a0 \u00a0 \u00a0 \u00a0 \u00a0 \u00a0 \u00a0 \u00a0 \u00a0 \u00a0 \u00a0 \u00a0 \u00a0 \u00a0 \u00a0 \u00a0 \u00a0 \u00a0 \u00a0 \u00a0 \u00a0 \u00a0 \u00a0 \u00a0 \u00a0 \u00a0 \u00a0 \u00a0 \u00a0 \u00a0 \u00a0 \u00a0 \u00a0 \u00a0 \u00a0 \u00a0 \u00a0 \u00a0 \u00a0 \u00a0 \u00a0 \u00a0 \u00a0 \u00a0 \u00a0 \u00a0 \u00a0 \u00a0 \u00a0 \u00a0 \u00a0 \u00a0 \u00a0 \u00a0 \u00a0 \u00a0 \u00a0 \u00a0 \u00a0 \u00a0 \u00a0 \u00a0 \u00a0 \u00a0 \u00a0 \u00a0 \u00a0 \u00a0 \u00a0<\/p><p>\u00a0 LT-54347 Kauno r., Lithuania\u00a0 \u00a0 \u00a0 \u00a0 \u00a0 \u00a0 \u00a0 \u00a0 \u00a0 \u00a0 \u00a0 \u00a0 \u00a0 \u00a0 \u00a0 \u00a0 \u00a0 \u00a0 \u00a0 \u00a0 \u00a0 \u00a0 \u00a0 \u00a0 \u00a0 \u00a0 \u00a0 \u00a0 \u00a0 \u00a0 \u00a0 \u00a0 \u00a0 \u00a0 \u00a0 \u00a0 \u00a0 \u00a0 \u00a0 \u00a0 \u00a0 \u00a0 \u00a0 \u00a0 \u00a0 \u00a0 \u00a0 \u00a0 \u00a0 \u00a0 \u00a0 \u00a0 \u00a0 \u00a0 \u00a0 \u00a0 \u00a0 \u00a0 \u00a0 \u00a0 \u00a0 \u00a0 \u00a0 \u00a0 \u00a0 \u00a0 \u00a0 \u00a0 \u00a0 \u00a0 \u00a0 \u00a0 \u00a0 \u00a0 \u00a0 \u00a0 \u00a0 \u00a0 \u00a0 \u00a0 \u00a0 \u00a0 \u00a0 \u00a0 \u00a0 \u00a0 \u00a0 \u00a0 \u00a0 \u00a0 \u00a0 \u00a0 \u00a0 \u00a0 \u00a0 \u00a0 \u00a0 \u00a0 \u00a0 \u00a0<\/p><p>\u00a0 Company Code: 306978556 \u00a0<\/p><\/div><\/div><\/div><\/div><\/section><\/div><\/div><\/div><\/div><\/section>\t\t\t\t\t\t\t\t<\/div>\n\t\t\t\t<\/div>\n\t\t<div class=\"elementor-element elementor-element-912aa87 e-con-full e-flex e-con e-child\" data-id=\"912aa87\" data-element_type=\"container\" data-e-type=\"container\">\n\t\t\t\t<div class=\"elementor-element elementor-element-ef00471 elementor-widget elementor-widget-text-editor\" data-id=\"ef00471\" data-element_type=\"widget\" data-e-type=\"widget\" data-widget_type=\"text-editor.default\">\n\t\t\t\t<div class=\"elementor-widget-container\">\n\t\t\t\t\t\t\t\t\t<p>Follow us on social media<\/p>\t\t\t\t\t\t\t\t<\/div>\n\t\t\t\t<\/div>\n\t\t<div class=\"elementor-element elementor-element-b82b8a7 e-grid e-con-full e-con e-child\" data-id=\"b82b8a7\" data-element_type=\"container\" data-e-type=\"container\">\n\t\t<div class=\"elementor-element elementor-element-db668fa e-con-full e-flex e-con e-child\" data-id=\"db668fa\" data-element_type=\"container\" data-e-type=\"container\">\n\t\t\t\t<div class=\"elementor-element elementor-element-371ab93 elementor-position-inline-start elementor-view-default elementor-mobile-position-block-start elementor-widget elementor-widget-icon-box\" data-id=\"371ab93\" data-element_type=\"widget\" data-e-type=\"widget\" data-widget_type=\"icon-box.default\">\n\t\t\t\t<div class=\"elementor-widget-container\">\n\t\t\t\t\t\t\t<div class=\"elementor-icon-box-wrapper\">\n\n\t\t\t\t\t\t<div class=\"elementor-icon-box-icon\">\n\t\t\t\t<a href=\"https:\/\/www.instagram.com\" class=\"elementor-icon\" tabindex=\"-1\" target=\"_blank\" rel=\"noopener\">\n\t\t\t\t<svg xmlns=\"http:\/\/www.w3.org\/2000\/svg\" xmlns:xlink=\"http:\/\/www.w3.org\/1999\/xlink\" width=\"800px\" height=\"800px\" viewbox=\"0 0 32 32\" id=\"Camada_1\" xml:space=\"preserve\"><style type=\"text\/css\">\t.st0{fill:#FFFFFF;}<\/style><path d=\"M6,2h20c2.2,0,4,1.8,4,4v20c0,2.2-1.8,4-4,4H6c-2.2,0-4-1.8-4-4V6C2,3.8,3.8,2,6,2z\"><\/path><g><path class=\"st0\" d=\"M21.3,9.7c-0.6,0-1.2,0.5-1.2,1.2c0,0.7,0.5,1.2,1.2,1.2c0.7,0,1.2-0.5,1.2-1.2C22.4,10.2,21.9,9.7,21.3,9.7z\"><\/path><path class=\"st0\" d=\"M16,11.2c-2.7,0-4.9,2.2-4.9,4.9c0,2.7,2.2,4.9,4.9,4.9s4.9-2.2,4.9-4.9C21,13.4,18.8,11.2,16,11.2z M16,19.3   c-1.7,0-3.2-1.4-3.2-3.2c0-1.7,1.4-3.2,3.2-3.2c1.7,0,3.2,1.4,3.2,3.2C19.2,17.9,17.8,19.3,16,19.3z\"><\/path><path class=\"st0\" d=\"M20,6h-8c-3.3,0-6,2.7-6,6v8c0,3.3,2.7,6,6,6h8c3.3,0,6-2.7,6-6v-8C26,8.7,23.3,6,20,6z M24.1,20   c0,2.3-1.9,4.1-4.1,4.1h-8c-2.3,0-4.1-1.9-4.1-4.1v-8c0-2.3,1.9-4.1,4.1-4.1h8c2.3,0,4.1,1.9,4.1,4.1V20z\"><\/path><\/g><\/svg>\t\t\t\t<\/a>\n\t\t\t<\/div>\n\t\t\t\n\t\t\t\n\t\t<\/div>\n\t\t\t\t\t\t<\/div>\n\t\t\t\t<\/div>\n\t\t\t\t<\/div>\n\t\t<div class=\"elementor-element elementor-element-1624571 e-con-full e-flex e-con e-child\" data-id=\"1624571\" data-element_type=\"container\" data-e-type=\"container\">\n\t\t\t\t<div class=\"elementor-element elementor-element-68dbbcd elementor-position-inline-start elementor-view-default elementor-mobile-position-block-start elementor-widget elementor-widget-icon-box\" data-id=\"68dbbcd\" data-element_type=\"widget\" data-e-type=\"widget\" data-widget_type=\"icon-box.default\">\n\t\t\t\t<div class=\"elementor-widget-container\">\n\t\t\t\t\t\t\t<div class=\"elementor-icon-box-wrapper\">\n\n\t\t\t\t\t\t<div class=\"elementor-icon-box-icon\">\n\t\t\t\t<a href=\"https:\/\/www.facebook.com\/www.annika.lt\" class=\"elementor-icon\" tabindex=\"-1\" target=\"_blank\" rel=\"noopener\">\n\t\t\t\t<svg aria-hidden=\"true\" class=\"e-font-icon-svg e-fab-facebook-square\" viewbox=\"0 0 448 512\" xmlns=\"http:\/\/www.w3.org\/2000\/svg\"><path d=\"M400 32H48A48 48 0 0 0 0 80v352a48 48 0 0 0 48 48h137.25V327.69h-63V256h63v-54.64c0-62.15 37-96.48 93.67-96.48 27.14 0 55.52 4.84 55.52 4.84v61h-31.27c-30.81 0-40.42 19.12-40.42 38.73V256h68.78l-11 71.69h-57.78V480H400a48 48 0 0 0 48-48V80a48 48 0 0 0-48-48z\"><\/path><\/svg>\t\t\t\t<\/a>\n\t\t\t<\/div>\n\t\t\t\n\t\t\t\n\t\t<\/div>\n\t\t\t\t\t\t<\/div>\n\t\t\t\t<\/div>\n\t\t\t\t<\/div>\n\t\t\t\t<\/div>\n\t\t\t\t<\/div>\n\t\t\t\t<\/div>\n\t\t\t\t\t<\/div>\n\t\t\t\t<\/div>\n\t\t<div class=\"elementor-element elementor-element-16b2b2c e-con-full e-flex e-con e-parent\" data-id=\"16b2b2c\" data-element_type=\"container\" data-e-type=\"container\">\n\t\t<div class=\"elementor-element elementor-element-0f26163 e-con-full e-flex e-con e-child\" data-id=\"0f26163\" data-element_type=\"container\" data-e-type=\"container\">\n\t\t\t\t<div class=\"elementor-element elementor-element-af87472 minimog-animation-zoom-in elementor-widget elementor-widget-tm-product-category-carousel\" data-id=\"af87472\" data-element_type=\"widget\" data-e-type=\"widget\" data-settings=\"{&quot;swiper_items_tablet&quot;:&quot;auto-fixed&quot;,&quot;swiper_items&quot;:&quot;4&quot;,&quot;swiper_items_mobile&quot;:&quot;2&quot;,&quot;show_count&quot;:&quot;yes&quot;}\" data-widget_type=\"tm-product-category-carousel.default\">\n\t\t\t\t<div class=\"elementor-widget-container\">\n\t\t\t\t\t\n\t\t<div class=\"minimog-product-categories style-06 tm-swiper tm-slider-widget use-elementor-breakpoints\" data-items-desktop=\"4\" data-items-tablet=\"auto-fixed\" data-items-mobile=\"2\" data-gutter-desktop=\"0\" data-loop=\"1\" data-simulate-touch=\"1\" data-autoplay=\"3000\" data-effect=\"slide\">\n\t\t\t<div class=\"swiper-inner\">\n\n\t\t\t\t\n\t\t\t\t<div class=\"swiper\">\n\t\t\t\t\t<div class=\"swiper-wrapper\">\n\t\t\t\t\t\t<div class=\"swiper-slide product-category product first\">\n\t<div class=\"cat-wrap minimog-box\">\n\t\t<div class=\"minimog-image-wrapper\">\n\t\t\t<div class=\"minimog-image-inner\">\n\t\t\t\t<div class=\"minimog-image image\">\n\t\t\t\t\t<a href=\"https:\/\/annika.jewelry\/de\/collections\/all-jewelry\/earrings\/\" class=\"cat-image minimog-box\">\n\t\t\t\t\t\t<m-image class=\"minimog-lazy-image\" style=\"--lazy-image-width: 1080px;--lazy-image-height: 125%;\" data-image-loading><img loading=\"lazy\" decoding=\"async\" src=\"https:\/\/annika.jewelry\/wp-content\/uploads\/2025\/10\/Produktines-Instagram-Post-45-73.png\" width=\"1080\" height=\"1350\" alt=\"Produktin\u0117s (Instagram Post (45))-73\" class=\"attachment-full size-full\" title=\"\"><\/m-image>\t\t\t\t\t<\/a>\n\t\t\t\t<\/div>\n\t\t\t<\/div>\n\t\t<\/div>\n\n\t\t<div class=\"category-info\">\n\t<div class=\"category-info-wrapper\">\n\t\t<h2 class=\"category-name\">\n\t\t\t<a href=\"https:\/\/annika.jewelry\/de\/collections\/all-jewelry\/earrings\/\">\n\t\t\t\tOhrringe\t\t\t<\/a>\n\t\t<\/h2>\n\n\t\t<div class=\"category-count\">\n\t<span class=\"cat-count-number\">63<\/span>\n\n\t\t\t<span class=\"cat-count-text\">\n\t\t\titems\t\t<\/span>\n\t<\/div>\n\n\t\t\t<\/div>\n<\/div>\n\n\t\t\t<\/div>\n<\/div>\n<div class=\"swiper-slide product-category product\">\n\t<div class=\"cat-wrap minimog-box\">\n\t\t<div class=\"minimog-image-wrapper\">\n\t\t\t<div class=\"minimog-image-inner\">\n\t\t\t\t<div class=\"minimog-image image\">\n\t\t\t\t\t<a href=\"https:\/\/annika.jewelry\/de\/collections\/all-jewelry\/bracelets\/\" class=\"cat-image minimog-box\">\n\t\t\t\t\t\t<m-image class=\"minimog-lazy-image\" style=\"--lazy-image-width: 1080px;--lazy-image-height: 125%;\" data-image-loading><img loading=\"lazy\" decoding=\"async\" src=\"https:\/\/annika.jewelry\/wp-content\/uploads\/2025\/10\/Produktines-Instagram-Post-45-75.png\" width=\"1080\" height=\"1350\" alt=\"Produktin\u0117s (Instagram Post (45))-75\" class=\"attachment-full size-full\" title=\"\"><\/m-image>\t\t\t\t\t<\/a>\n\t\t\t\t<\/div>\n\t\t\t<\/div>\n\t\t<\/div>\n\n\t\t<div class=\"category-info\">\n\t<div class=\"category-info-wrapper\">\n\t\t<h2 class=\"category-name\">\n\t\t\t<a href=\"https:\/\/annika.jewelry\/de\/collections\/all-jewelry\/bracelets\/\">\n\t\t\t\tArmb\u00e4nder\t\t\t<\/a>\n\t\t<\/h2>\n\n\t\t<div class=\"category-count\">\n\t<span class=\"cat-count-number\">10<\/span>\n\n\t\t\t<span class=\"cat-count-text\">\n\t\t\titems\t\t<\/span>\n\t<\/div>\n\n\t\t\t<\/div>\n<\/div>\n\n\t\t\t<\/div>\n<\/div>\n<div class=\"swiper-slide product-category product\">\n\t<div class=\"cat-wrap minimog-box\">\n\t\t<div class=\"minimog-image-wrapper\">\n\t\t\t<div class=\"minimog-image-inner\">\n\t\t\t\t<div class=\"minimog-image image\">\n\t\t\t\t\t<a href=\"https:\/\/annika.jewelry\/de\/collections\/all-jewelry\/rings\/\" class=\"cat-image minimog-box\">\n\t\t\t\t\t\t<m-image class=\"minimog-lazy-image\" style=\"--lazy-image-width: 1080px;--lazy-image-height: 125%;\" data-image-loading><img loading=\"lazy\" decoding=\"async\" src=\"https:\/\/annika.jewelry\/wp-content\/uploads\/2025\/10\/Produktines-Instagram-Post-45-76.png\" width=\"1080\" height=\"1350\" alt=\"Produktin\u0117s (Instagram Post (45))-76\" class=\"attachment-full size-full\" title=\"\"><\/m-image>\t\t\t\t\t<\/a>\n\t\t\t\t<\/div>\n\t\t\t<\/div>\n\t\t<\/div>\n\n\t\t<div class=\"category-info\">\n\t<div class=\"category-info-wrapper\">\n\t\t<h2 class=\"category-name\">\n\t\t\t<a href=\"https:\/\/annika.jewelry\/de\/collections\/all-jewelry\/rings\/\">\n\t\t\t\tRINGE\t\t\t<\/a>\n\t\t<\/h2>\n\n\t\t<div class=\"category-count\">\n\t<span class=\"cat-count-number\">27<\/span>\n\n\t\t\t<span class=\"cat-count-text\">\n\t\t\titems\t\t<\/span>\n\t<\/div>\n\n\t\t\t<\/div>\n<\/div>\n\n\t\t\t<\/div>\n<\/div>\n<div class=\"swiper-slide product-category product\">\n\t<div class=\"cat-wrap minimog-box\">\n\t\t<div class=\"minimog-image-wrapper\">\n\t\t\t<div class=\"minimog-image-inner\">\n\t\t\t\t<div class=\"minimog-image image\">\n\t\t\t\t\t<a href=\"https:\/\/annika.jewelry\/de\/collections\/all-jewelry\/necklaces\/\" class=\"cat-image minimog-box\">\n\t\t\t\t\t\t<m-image class=\"minimog-lazy-image\" style=\"--lazy-image-width: 1080px;--lazy-image-height: 125%;\" data-image-loading><img loading=\"lazy\" decoding=\"async\" src=\"https:\/\/annika.jewelry\/wp-content\/uploads\/2025\/10\/Produktines-Instagram-Post-45-71.png\" width=\"1080\" height=\"1350\" alt=\"Produktin\u0117s (Instagram Post (45))-71\" class=\"attachment-full size-full\" title=\"\"><\/m-image>\t\t\t\t\t<\/a>\n\t\t\t\t<\/div>\n\t\t\t<\/div>\n\t\t<\/div>\n\n\t\t<div class=\"category-info\">\n\t<div class=\"category-info-wrapper\">\n\t\t<h2 class=\"category-name\">\n\t\t\t<a href=\"https:\/\/annika.jewelry\/de\/collections\/all-jewelry\/necklaces\/\">\n\t\t\t\tHalsketten\t\t\t<\/a>\n\t\t<\/h2>\n\n\t\t<div class=\"category-count\">\n\t<span class=\"cat-count-number\">26<\/span>\n\n\t\t\t<span class=\"cat-count-text\">\n\t\t\titems\t\t<\/span>\n\t<\/div>\n\n\t\t\t<\/div>\n<\/div>\n\n\t\t\t<\/div>\n<\/div>\n\t\t\t\t\t<\/div>\n\t\t\t\t<\/div>\n\n\t\t\t\t\n\t\t\t<\/div>\n\t\t<\/div>\n\t\t\t\t\t\t<\/div>\n\t\t\t\t<\/div>\n\t\t\t\t<\/div>\n\t\t\t\t<\/div>\n\t\t\t\t<\/div>","protected":false},"excerpt":{"rendered":"<p>If you need any assistance regarding your purchase, please contact us via info@annika.jewelry. Office hours: Monday &#8211; Friday 10am-5pm (CEST) For immediate assistance please call us: +370 615 42474 MB Annika Retail\u00a0 \u00a0 \u00a0 \u00a0 \u00a0 \u00a0 \u00a0 \u00a0 \u00a0 \u00a0 \u00a0 \u00a0 \u00a0 \u00a0 \u00a0 \u00a0 \u00a0 \u00a0 \u00a0 \u00a0 \u00a0 \u00a0 \u00a0 \u00a0 \u00a0 \u00a0 \u00a0 \u00a0 \u00a0 \u00a0 \u00a0 \u00a0 \u00a0 \u00a0 \u00a0 \u00a0 \u00a0 \u00a0 \u00a0 \u00a0 \u00a0 \u00a0 \u00a0 \u00a0 \u00a0 \u00a0 \u00a0 \u00a0 \u00a0 \u00a0 \u00a0 \u00a0 \u00a0 \u00a0 \u00a0 \u00a0 \u00a0 \u00a0 \u00a0 \u00a0 \u00a0 \u00a0 \u00a0 \u00a0 \u00a0 \u00a0 \u00a0 \u00a0 \u00a0 \u00a0 \u00a0 \u00a0 \u00a0 \u00a0 \u00a0 \u00a0 \u00a0 \u00a0 \u00a0 \u00a0 \u00a0 \u00a0 \u00a0 \u00a0 \u00a0 \u00a0 \u00a0 \u00a0 \u00a0 \u00a0 \u00a0 \u00a0 \u00a0 \u00a0 \u00a0 \u00a0 \u00a0 \u00a0 \u00a0 \u00a0 \u00a0 \u00a0 \u00a0 \u00a0 \u00a0 \u00a0 Address:\u00a0 \u00a0 \u017dvaig\u017ed\u017ei\u0173 g. 4, Radiki\u0173 k. \u00a0 \u00a0 \u00a0 \u00a0 \u00a0 \u00a0 \u00a0 \u00a0 \u00a0 \u00a0 \u00a0 \u00a0 \u00a0 \u00a0 \u00a0 \u00a0 \u00a0 \u00a0 \u00a0 \u00a0 \u00a0 \u00a0 \u00a0 \u00a0 \u00a0 \u00a0 \u00a0 \u00a0 \u00a0 \u00a0 \u00a0 \u00a0 \u00a0 \u00a0 \u00a0 \u00a0 \u00a0 \u00a0 \u00a0 \u00a0 \u00a0 \u00a0 \u00a0 \u00a0 \u00a0 \u00a0 \u00a0 \u00a0 \u00a0 \u00a0 \u00a0 \u00a0 \u00a0 \u00a0 \u00a0 \u00a0 \u00a0 \u00a0 \u00a0 \u00a0 \u00a0 \u00a0 \u00a0 \u00a0 \u00a0 \u00a0 \u00a0 \u00a0 \u00a0 \u00a0 \u00a0 \u00a0 \u00a0 \u00a0 \u00a0 \u00a0 \u00a0 \u00a0 \u00a0 \u00a0 \u00a0 \u00a0 \u00a0 \u00a0 \u00a0 \u00a0 \u00a0 \u00a0 \u00a0 \u00a0 \u00a0 \u00a0 \u00a0 \u00a0 \u00a0 \u00a0 \u00a0 \u00a0 \u00a0 \u00a0 \u00a0 LT-54347 Kauno r., Lithuania\u00a0 \u00a0 \u00a0 \u00a0 \u00a0 \u00a0 \u00a0 \u00a0 \u00a0 \u00a0 \u00a0 \u00a0 \u00a0 \u00a0 \u00a0 \u00a0 \u00a0 \u00a0 \u00a0 \u00a0 \u00a0 \u00a0 \u00a0 \u00a0 \u00a0 \u00a0 \u00a0 \u00a0 \u00a0 \u00a0 \u00a0 \u00a0 \u00a0 \u00a0 \u00a0 \u00a0 \u00a0 \u00a0 \u00a0 \u00a0 \u00a0 \u00a0 \u00a0 \u00a0 \u00a0 \u00a0 \u00a0 \u00a0 \u00a0 \u00a0 \u00a0 \u00a0 \u00a0 \u00a0 \u00a0 \u00a0 \u00a0 \u00a0 \u00a0 \u00a0 \u00a0 \u00a0 \u00a0 \u00a0 \u00a0 \u00a0 \u00a0 \u00a0 \u00a0 \u00a0 \u00a0 \u00a0 \u00a0 \u00a0 \u00a0 \u00a0 \u00a0 \u00a0 \u00a0 \u00a0 \u00a0 \u00a0 \u00a0 \u00a0 \u00a0 \u00a0 \u00a0 \u00a0 \u00a0 \u00a0 \u00a0 \u00a0 \u00a0 \u00a0 \u00a0 \u00a0 \u00a0 \u00a0 \u00a0 \u00a0 \u00a0 Company Code: 306978556 \u00a0 Follow us on social media Earrings 108 items Bracelets 15 items RINGS 38 items Necklaces 34 items<\/p>","protected":false},"author":8,"featured_media":0,"parent":0,"menu_order":0,"comment_status":"closed","ping_status":"closed","template":"","meta":{"_glsr_average":0,"_glsr_ranking":0,"_glsr_reviews":0,"footnotes":""},"class_list":["post-9966596119656","page","type-page","status-publish","hentry","post-no-thumbnail"],"_links":{"self":[{"href":"https:\/\/annika.jewelry\/de\/wp-json\/wp\/v2\/pages\/9966596119656","targetHints":{"allow":["GET"]}}],"collection":[{"href":"https:\/\/annika.jewelry\/de\/wp-json\/wp\/v2\/pages"}],"about":[{"href":"https:\/\/annika.jewelry\/de\/wp-json\/wp\/v2\/types\/page"}],"author":[{"embeddable":true,"href":"https:\/\/annika.jewelry\/de\/wp-json\/wp\/v2\/users\/8"}],"replies":[{"embeddable":true,"href":"https:\/\/annika.jewelry\/de\/wp-json\/wp\/v2\/comments?post=9966596119656"}],"version-history":[{"count":107,"href":"https:\/\/annika.jewelry\/de\/wp-json\/wp\/v2\/pages\/9966596119656\/revisions"}],"predecessor-version":[{"id":9966596126064,"href":"https:\/\/annika.jewelry\/de\/wp-json\/wp\/v2\/pages\/9966596119656\/revisions\/9966596126064"}],"wp:attachment":[{"href":"https:\/\/annika.jewelry\/de\/wp-json\/wp\/v2\/media?parent=9966596119656"}],"curies":[{"name":"wp","href":"https:\/\/api.w.org\/{rel}","templated":true}]}}