{"id":9966596124783,"date":"2025-12-03T14:02:22","date_gmt":"2025-12-03T14:02:22","guid":{"rendered":"https:\/\/annika.jewelry\/?post_type=product&#038;p=9966596124783"},"modified":"2026-03-19T10:22:42","modified_gmt":"2026-03-19T10:22:42","slug":"physical-gift-card","status":"publish","type":"product","link":"https:\/\/annika.jewelry\/cs\/p\/physical-gift-card\/","title":{"rendered":"FYZICK\u00dd D\u00c1RKOV\u00dd POUKAZ"},"content":{"rendered":"","protected":false},"excerpt":{"rendered":"","protected":false},"featured_media":9966596124789,"comment_status":"open","ping_status":"closed","template":"","meta":{"_glsr_average":0,"_glsr_ranking":0,"_glsr_reviews":0},"product_brand":[],"product_cat":[15],"product_tag":[],"class_list":{"0":"post-9966596124783","1":"product","2":"type-product","3":"status-publish","4":"has-post-thumbnail","6":"product_cat-uncategorized","8":"first","9":"instock","10":"taxable","11":"shipping-taxable","12":"purchasable","13":"product-type-variable"},"_links":{"self":[{"href":"https:\/\/annika.jewelry\/cs\/wp-json\/wp\/v2\/product\/9966596124783","targetHints":{"allow":["GET"]}}],"collection":[{"href":"https:\/\/annika.jewelry\/cs\/wp-json\/wp\/v2\/product"}],"about":[{"href":"https:\/\/annika.jewelry\/cs\/wp-json\/wp\/v2\/types\/product"}],"replies":[{"embeddable":true,"href":"https:\/\/annika.jewelry\/cs\/wp-json\/wp\/v2\/comments?post=9966596124783"}],"version-history":[{"count":2,"href":"https:\/\/annika.jewelry\/cs\/wp-json\/wp\/v2\/product\/9966596124783\/revisions"}],"predecessor-version":[{"id":9966596124965,"href":"https:\/\/annika.jewelry\/cs\/wp-json\/wp\/v2\/product\/9966596124783\/revisions\/9966596124965"}],"wp:featuredmedia":[{"embeddable":true,"href":"https:\/\/annika.jewelry\/cs\/wp-json\/wp\/v2\/media\/9966596124789"}],"wp:attachment":[{"href":"https:\/\/annika.jewelry\/cs\/wp-json\/wp\/v2\/media?parent=9966596124783"}],"wp:term":[{"taxonomy":"product_brand","embeddable":true,"href":"https:\/\/annika.jewelry\/cs\/wp-json\/wp\/v2\/product_brand?post=9966596124783"},{"taxonomy":"product_cat","embeddable":true,"href":"https:\/\/annika.jewelry\/cs\/wp-json\/wp\/v2\/product_cat?post=9966596124783"},{"taxonomy":"product_tag","embeddable":true,"href":"https:\/\/annika.jewelry\/cs\/wp-json\/wp\/v2\/product_tag?post=9966596124783"}],"curies":[{"name":"wp","href":"https:\/\/api.w.org\/{rel}","templated":true}]}}