{"id":9966596124780,"date":"2025-12-03T13:54:04","date_gmt":"2025-12-03T13:54:04","guid":{"rendered":"https:\/\/annika.jewelry\/?post_type=product&#038;p=9966596124780"},"modified":"2026-03-26T06:29:43","modified_gmt":"2026-03-26T06:29:43","slug":"festive-gift-box","status":"publish","type":"product","link":"https:\/\/annika.jewelry\/cs\/p\/festive-gift-box\/","title":{"rendered":"FESTIVE GIFT BOX"},"content":{"rendered":"<p>A softly festive gift bag designed for this season.<br data-start=\"186\" data-end=\"189\" \/>Light, elegant and ready to hold something meaningful \u2014 perfect for gifting your ANNIKA pieces.<\/p>","protected":false},"excerpt":{"rendered":"<p>Jemn\u011b sv\u00e1te\u010dn\u00ed d\u00e1rkov\u00e1 ta\u0161ka navr\u017een\u00e1 pro tuto sez\u00f3nu. Lehk\u00e1, elegantn\u00ed a p\u0159ipraven\u00e1 n\u00e9st n\u011bco smyslupln\u00e9ho \u2014 ide\u00e1ln\u00ed pro darov\u00e1n\u00ed \u0161perk\u016f ANNIKA.<\/p>","protected":false},"featured_media":9966596124796,"comment_status":"open","ping_status":"closed","template":"","meta":{"_glsr_average":0,"_glsr_ranking":0,"_glsr_reviews":0},"product_brand":[],"product_cat":[15],"product_tag":[],"class_list":{"0":"post-9966596124780","1":"product","2":"type-product","3":"status-publish","4":"has-post-thumbnail","6":"product_cat-uncategorized","8":"first","9":"instock","10":"taxable","11":"shipping-taxable","12":"purchasable","13":"product-type-simple"},"_links":{"self":[{"href":"https:\/\/annika.jewelry\/cs\/wp-json\/wp\/v2\/product\/9966596124780","targetHints":{"allow":["GET"]}}],"collection":[{"href":"https:\/\/annika.jewelry\/cs\/wp-json\/wp\/v2\/product"}],"about":[{"href":"https:\/\/annika.jewelry\/cs\/wp-json\/wp\/v2\/types\/product"}],"replies":[{"embeddable":true,"href":"https:\/\/annika.jewelry\/cs\/wp-json\/wp\/v2\/comments?post=9966596124780"}],"version-history":[{"count":2,"href":"https:\/\/annika.jewelry\/cs\/wp-json\/wp\/v2\/product\/9966596124780\/revisions"}],"predecessor-version":[{"id":9966596124966,"href":"https:\/\/annika.jewelry\/cs\/wp-json\/wp\/v2\/product\/9966596124780\/revisions\/9966596124966"}],"wp:featuredmedia":[{"embeddable":true,"href":"https:\/\/annika.jewelry\/cs\/wp-json\/wp\/v2\/media\/9966596124796"}],"wp:attachment":[{"href":"https:\/\/annika.jewelry\/cs\/wp-json\/wp\/v2\/media?parent=9966596124780"}],"wp:term":[{"taxonomy":"product_brand","embeddable":true,"href":"https:\/\/annika.jewelry\/cs\/wp-json\/wp\/v2\/product_brand?post=9966596124780"},{"taxonomy":"product_cat","embeddable":true,"href":"https:\/\/annika.jewelry\/cs\/wp-json\/wp\/v2\/product_cat?post=9966596124780"},{"taxonomy":"product_tag","embeddable":true,"href":"https:\/\/annika.jewelry\/cs\/wp-json\/wp\/v2\/product_tag?post=9966596124780"}],"curies":[{"name":"wp","href":"https:\/\/api.w.org\/{rel}","templated":true}]}}