{"id":9966596122814,"date":"2025-10-29T11:17:16","date_gmt":"2025-10-29T11:17:16","guid":{"rendered":"https:\/\/annika.jewelry\/?post_type=product&#038;p=9966596122814"},"modified":"2026-03-07T17:04:58","modified_gmt":"2026-03-07T17:04:58","slug":"celine-string-bracelet","status":"publish","type":"product","link":"https:\/\/annika.jewelry\/cs\/p\/celine-string-bracelet\/","title":{"rendered":"C\u00c9LINE N\u00c1RAMEK S PROV\u00c1ZKEM"},"content":{"rendered":"","protected":false},"excerpt":{"rendered":"<p>Natural diamonds | 925 Sterling Silver<\/p>","protected":false},"featured_media":9966596122816,"comment_status":"open","ping_status":"closed","template":"","meta":{"_glsr_average":0,"_glsr_ranking":0,"_glsr_reviews":0},"product_brand":[],"product_cat":[875,876,303,1010,326,312],"product_tag":[],"class_list":{"0":"post-9966596122814","1":"product","2":"type-product","3":"status-publish","4":"has-post-thumbnail","6":"product_cat-all-jewelry","7":"product_cat-bracelets","8":"product_cat-diamond-bracelets","9":"product_cat-gifts-over-40-eur","10":"product_cat-meaningful-gifts","11":"product_cat-whisper-diamonds","13":"first","14":"instock","15":"taxable","16":"shipping-taxable","17":"purchasable","18":"product-type-simple"},"_links":{"self":[{"href":"https:\/\/annika.jewelry\/cs\/wp-json\/wp\/v2\/product\/9966596122814","targetHints":{"allow":["GET"]}}],"collection":[{"href":"https:\/\/annika.jewelry\/cs\/wp-json\/wp\/v2\/product"}],"about":[{"href":"https:\/\/annika.jewelry\/cs\/wp-json\/wp\/v2\/types\/product"}],"replies":[{"embeddable":true,"href":"https:\/\/annika.jewelry\/cs\/wp-json\/wp\/v2\/comments?post=9966596122814"}],"version-history":[{"count":1,"href":"https:\/\/annika.jewelry\/cs\/wp-json\/wp\/v2\/product\/9966596122814\/revisions"}],"predecessor-version":[{"id":9966596122815,"href":"https:\/\/annika.jewelry\/cs\/wp-json\/wp\/v2\/product\/9966596122814\/revisions\/9966596122815"}],"wp:featuredmedia":[{"embeddable":true,"href":"https:\/\/annika.jewelry\/cs\/wp-json\/wp\/v2\/media\/9966596122816"}],"wp:attachment":[{"href":"https:\/\/annika.jewelry\/cs\/wp-json\/wp\/v2\/media?parent=9966596122814"}],"wp:term":[{"taxonomy":"product_brand","embeddable":true,"href":"https:\/\/annika.jewelry\/cs\/wp-json\/wp\/v2\/product_brand?post=9966596122814"},{"taxonomy":"product_cat","embeddable":true,"href":"https:\/\/annika.jewelry\/cs\/wp-json\/wp\/v2\/product_cat?post=9966596122814"},{"taxonomy":"product_tag","embeddable":true,"href":"https:\/\/annika.jewelry\/cs\/wp-json\/wp\/v2\/product_tag?post=9966596122814"}],"curies":[{"name":"wp","href":"https:\/\/api.w.org\/{rel}","templated":true}]}}