{"id":9966596122809,"date":"2025-10-29T11:06:59","date_gmt":"2025-10-29T11:06:59","guid":{"rendered":"https:\/\/annika.jewelry\/?post_type=product&#038;p=9966596122809"},"modified":"2026-02-27T11:45:38","modified_gmt":"2026-02-27T11:45:38","slug":"celine-necklace","status":"publish","type":"product","link":"https:\/\/annika.jewelry\/cs\/p\/celine-necklace\/","title":{"rendered":"C\u00c9LINE N\u00c1HRDELN\u00cdK"},"content":{"rendered":"","protected":false},"excerpt":{"rendered":"<p>Natural diamonds | 925 Sterling Silver<\/p>","protected":false},"featured_media":9966596122810,"comment_status":"open","ping_status":"closed","template":"","meta":{"_glsr_average":0,"_glsr_ranking":0,"_glsr_reviews":0},"product_brand":[],"product_cat":[875,1010,326,311,312],"product_tag":[],"class_list":{"0":"post-9966596122809","1":"product","2":"type-product","3":"status-publish","4":"has-post-thumbnail","6":"product_cat-all-jewelry","7":"product_cat-gifts-over-40-eur","8":"product_cat-meaningful-gifts","9":"product_cat-necklaces","10":"product_cat-whisper-diamonds","12":"first","13":"instock","14":"taxable","15":"shipping-taxable","16":"purchasable","17":"product-type-simple"},"_links":{"self":[{"href":"https:\/\/annika.jewelry\/cs\/wp-json\/wp\/v2\/product\/9966596122809","targetHints":{"allow":["GET"]}}],"collection":[{"href":"https:\/\/annika.jewelry\/cs\/wp-json\/wp\/v2\/product"}],"about":[{"href":"https:\/\/annika.jewelry\/cs\/wp-json\/wp\/v2\/types\/product"}],"replies":[{"embeddable":true,"href":"https:\/\/annika.jewelry\/cs\/wp-json\/wp\/v2\/comments?post=9966596122809"}],"version-history":[{"count":1,"href":"https:\/\/annika.jewelry\/cs\/wp-json\/wp\/v2\/product\/9966596122809\/revisions"}],"predecessor-version":[{"id":9966596122812,"href":"https:\/\/annika.jewelry\/cs\/wp-json\/wp\/v2\/product\/9966596122809\/revisions\/9966596122812"}],"wp:featuredmedia":[{"embeddable":true,"href":"https:\/\/annika.jewelry\/cs\/wp-json\/wp\/v2\/media\/9966596122810"}],"wp:attachment":[{"href":"https:\/\/annika.jewelry\/cs\/wp-json\/wp\/v2\/media?parent=9966596122809"}],"wp:term":[{"taxonomy":"product_brand","embeddable":true,"href":"https:\/\/annika.jewelry\/cs\/wp-json\/wp\/v2\/product_brand?post=9966596122809"},{"taxonomy":"product_cat","embeddable":true,"href":"https:\/\/annika.jewelry\/cs\/wp-json\/wp\/v2\/product_cat?post=9966596122809"},{"taxonomy":"product_tag","embeddable":true,"href":"https:\/\/annika.jewelry\/cs\/wp-json\/wp\/v2\/product_tag?post=9966596122809"}],"curies":[{"name":"wp","href":"https:\/\/api.w.org\/{rel}","templated":true}]}}