{"id":9966596122799,"date":"2025-10-29T10:45:28","date_gmt":"2025-10-29T10:45:28","guid":{"rendered":"https:\/\/annika.jewelry\/?post_type=product&#038;p=9966596122799"},"modified":"2026-03-19T14:04:20","modified_gmt":"2026-03-19T14:04:20","slug":"pisces-necklace","status":"publish","type":"product","link":"https:\/\/annika.jewelry\/cs\/p\/pisces-necklace\/","title":{"rendered":"PISCES N\u00c1HRDELN\u00cdK"},"content":{"rendered":"<p>Jemn\u00fd a v\u00fdznamupln\u00fd \u0161perk, kde se sv\u011btlo setk\u00e1v\u00e1 s hv\u011bzdami. Tento p\u0159\u00edv\u011bsek ze st\u0159\u00edbra ryzosti 925 s p\u0159\u00edrodn\u00edm diamantem odhaluje motiv souhv\u011bzd\u00ed zv\u011brokruhu \u2014 osobn\u00ed symbol, kter\u00fd m\u016f\u017eete nosit bl\u00edzko sv\u00e9ho srdce. Celkov\u00e1 hmotnost diamant\u016f 0,07\u20130,10 kar\u00e1tu dod\u00e1v\u00e1 jemn\u00fd t\u0159pyt, zat\u00edmco nastaviteln\u00fd \u0159et\u00edzek d\u00e9lky 40\u201350 cm v\u00e1m umo\u017en\u00ed nosit p\u0159\u00edv\u011bsek v r\u016fzn\u00fdch d\u00e9lk\u00e1ch.<br data-start=\"353\" data-end=\"356\" \/>A personalized, timeless piece for those who believe in the power of celestial signs and wish to carry their own symbol of destiny.<\/p>","protected":false},"excerpt":{"rendered":"<p>Natural diamonds | 925 Sterling Silver<\/p>","protected":false},"featured_media":9966596122800,"comment_status":"open","ping_status":"closed","template":"","meta":{"_glsr_average":0,"_glsr_ranking":0,"_glsr_reviews":0},"product_brand":[],"product_cat":[875,1010,326,311,410,312,313],"product_tag":[],"class_list":{"0":"post-9966596122799","1":"product","2":"type-product","3":"status-publish","4":"has-post-thumbnail","6":"product_cat-all-jewelry","7":"product_cat-gifts-over-40-eur","8":"product_cat-meaningful-gifts","9":"product_cat-necklaces","10":"product_cat-outlet","11":"product_cat-whisper-diamonds","12":"product_cat-zodiac-necklaces","14":"first","15":"instock","16":"sale","17":"taxable","18":"shipping-taxable","19":"purchasable","20":"product-type-simple"},"_links":{"self":[{"href":"https:\/\/annika.jewelry\/cs\/wp-json\/wp\/v2\/product\/9966596122799","targetHints":{"allow":["GET"]}}],"collection":[{"href":"https:\/\/annika.jewelry\/cs\/wp-json\/wp\/v2\/product"}],"about":[{"href":"https:\/\/annika.jewelry\/cs\/wp-json\/wp\/v2\/types\/product"}],"replies":[{"embeddable":true,"href":"https:\/\/annika.jewelry\/cs\/wp-json\/wp\/v2\/comments?post=9966596122799"}],"version-history":[{"count":2,"href":"https:\/\/annika.jewelry\/cs\/wp-json\/wp\/v2\/product\/9966596122799\/revisions"}],"predecessor-version":[{"id":9966596122824,"href":"https:\/\/annika.jewelry\/cs\/wp-json\/wp\/v2\/product\/9966596122799\/revisions\/9966596122824"}],"wp:featuredmedia":[{"embeddable":true,"href":"https:\/\/annika.jewelry\/cs\/wp-json\/wp\/v2\/media\/9966596122800"}],"wp:attachment":[{"href":"https:\/\/annika.jewelry\/cs\/wp-json\/wp\/v2\/media?parent=9966596122799"}],"wp:term":[{"taxonomy":"product_brand","embeddable":true,"href":"https:\/\/annika.jewelry\/cs\/wp-json\/wp\/v2\/product_brand?post=9966596122799"},{"taxonomy":"product_cat","embeddable":true,"href":"https:\/\/annika.jewelry\/cs\/wp-json\/wp\/v2\/product_cat?post=9966596122799"},{"taxonomy":"product_tag","embeddable":true,"href":"https:\/\/annika.jewelry\/cs\/wp-json\/wp\/v2\/product_tag?post=9966596122799"}],"curies":[{"name":"wp","href":"https:\/\/api.w.org\/{rel}","templated":true}]}}