{"id":9966595866400,"date":"2025-06-13T17:03:38","date_gmt":"2025-06-13T17:03:38","guid":{"rendered":"https:\/\/annika.jewelry\/?post_type=product&#038;p=9966595866400"},"modified":"2026-03-29T15:52:38","modified_gmt":"2026-03-29T15:52:38","slug":"evangeline-necklace","status":"publish","type":"product","link":"https:\/\/annika.jewelry\/cs\/p\/evangeline-necklace\/","title":{"rendered":"EVANGELINE N\u00c1HRDELN\u00cdK"},"content":{"rendered":"","protected":false},"excerpt":{"rendered":"<p>St\u0159\u00edbro 925<\/p>","protected":false},"featured_media":9966596121364,"comment_status":"open","ping_status":"closed","template":"","meta":{"_glsr_average":0,"_glsr_ranking":0,"_glsr_reviews":0},"product_brand":[],"product_cat":[875,1010,311,410,289],"product_tag":[],"class_list":{"0":"post-9966595866400","1":"product","2":"type-product","3":"status-publish","4":"has-post-thumbnail","6":"product_cat-all-jewelry","7":"product_cat-gifts-over-40-eur","8":"product_cat-necklaces","9":"product_cat-outlet","10":"product_cat-unisex-jewelry","12":"first","13":"instock","14":"sale","15":"taxable","16":"shipping-taxable","17":"purchasable","18":"product-type-simple"},"_links":{"self":[{"href":"https:\/\/annika.jewelry\/cs\/wp-json\/wp\/v2\/product\/9966595866400","targetHints":{"allow":["GET"]}}],"collection":[{"href":"https:\/\/annika.jewelry\/cs\/wp-json\/wp\/v2\/product"}],"about":[{"href":"https:\/\/annika.jewelry\/cs\/wp-json\/wp\/v2\/types\/product"}],"replies":[{"embeddable":true,"href":"https:\/\/annika.jewelry\/cs\/wp-json\/wp\/v2\/comments?post=9966595866400"}],"version-history":[{"count":1,"href":"https:\/\/annika.jewelry\/cs\/wp-json\/wp\/v2\/product\/9966595866400\/revisions"}],"predecessor-version":[{"id":9966596121363,"href":"https:\/\/annika.jewelry\/cs\/wp-json\/wp\/v2\/product\/9966595866400\/revisions\/9966596121363"}],"wp:featuredmedia":[{"embeddable":true,"href":"https:\/\/annika.jewelry\/cs\/wp-json\/wp\/v2\/media\/9966596121364"}],"wp:attachment":[{"href":"https:\/\/annika.jewelry\/cs\/wp-json\/wp\/v2\/media?parent=9966595866400"}],"wp:term":[{"taxonomy":"product_brand","embeddable":true,"href":"https:\/\/annika.jewelry\/cs\/wp-json\/wp\/v2\/product_brand?post=9966595866400"},{"taxonomy":"product_cat","embeddable":true,"href":"https:\/\/annika.jewelry\/cs\/wp-json\/wp\/v2\/product_cat?post=9966595866400"},{"taxonomy":"product_tag","embeddable":true,"href":"https:\/\/annika.jewelry\/cs\/wp-json\/wp\/v2\/product_tag?post=9966595866400"}],"curies":[{"name":"wp","href":"https:\/\/api.w.org\/{rel}","templated":true}]}}