{"id":9966595866314,"date":"2025-06-13T16:50:58","date_gmt":"2025-06-13T16:50:58","guid":{"rendered":"https:\/\/annika.jewelry\/?post_type=product&#038;p=9966595866314"},"modified":"2026-03-16T20:37:46","modified_gmt":"2026-03-16T20:37:46","slug":"freedom-necklace","status":"publish","type":"product","link":"https:\/\/annika.jewelry\/cs\/p\/freedom-necklace\/","title":{"rendered":"FREEDOM N\u00c1HRDELN\u00cdK"},"content":{"rendered":"","protected":false},"excerpt":{"rendered":"<p>St\u0159\u00edbro 925<\/p>","protected":false},"featured_media":9966596121359,"comment_status":"open","ping_status":"closed","template":"","meta":{"_glsr_average":0,"_glsr_ranking":0,"_glsr_reviews":0},"product_brand":[],"product_cat":[875,1009,311,410,289],"product_tag":[],"class_list":{"0":"post-9966595866314","1":"product","2":"type-product","3":"status-publish","4":"has-post-thumbnail","6":"product_cat-all-jewelry","7":"product_cat-gifts-under-40-eur","8":"product_cat-necklaces","9":"product_cat-outlet","10":"product_cat-unisex-jewelry","12":"first","13":"outofstock","14":"sale","15":"taxable","16":"shipping-taxable","17":"purchasable","18":"product-type-simple"},"_links":{"self":[{"href":"https:\/\/annika.jewelry\/cs\/wp-json\/wp\/v2\/product\/9966595866314","targetHints":{"allow":["GET"]}}],"collection":[{"href":"https:\/\/annika.jewelry\/cs\/wp-json\/wp\/v2\/product"}],"about":[{"href":"https:\/\/annika.jewelry\/cs\/wp-json\/wp\/v2\/types\/product"}],"replies":[{"embeddable":true,"href":"https:\/\/annika.jewelry\/cs\/wp-json\/wp\/v2\/comments?post=9966595866314"}],"version-history":[{"count":1,"href":"https:\/\/annika.jewelry\/cs\/wp-json\/wp\/v2\/product\/9966595866314\/revisions"}],"predecessor-version":[{"id":9966596121358,"href":"https:\/\/annika.jewelry\/cs\/wp-json\/wp\/v2\/product\/9966595866314\/revisions\/9966596121358"}],"wp:featuredmedia":[{"embeddable":true,"href":"https:\/\/annika.jewelry\/cs\/wp-json\/wp\/v2\/media\/9966596121359"}],"wp:attachment":[{"href":"https:\/\/annika.jewelry\/cs\/wp-json\/wp\/v2\/media?parent=9966595866314"}],"wp:term":[{"taxonomy":"product_brand","embeddable":true,"href":"https:\/\/annika.jewelry\/cs\/wp-json\/wp\/v2\/product_brand?post=9966595866314"},{"taxonomy":"product_cat","embeddable":true,"href":"https:\/\/annika.jewelry\/cs\/wp-json\/wp\/v2\/product_cat?post=9966595866314"},{"taxonomy":"product_tag","embeddable":true,"href":"https:\/\/annika.jewelry\/cs\/wp-json\/wp\/v2\/product_tag?post=9966595866314"}],"curies":[{"name":"wp","href":"https:\/\/api.w.org\/{rel}","templated":true}]}}