{"id":9945476235597,"date":"2025-02-21T10:51:27","date_gmt":"2025-02-21T10:51:27","guid":{"rendered":"https:\/\/annika.jewelry\/?post_type=product&#038;p=9945476235597"},"modified":"2026-04-10T09:37:28","modified_gmt":"2026-04-10T09:37:28","slug":"serena-stud-earrings","status":"publish","type":"product","link":"https:\/\/annika.jewelry\/cs\/p\/serena-stud-earrings\/","title":{"rendered":"SERENA N\u00c1U\u0160NICE"},"content":{"rendered":"","protected":false},"excerpt":{"rendered":"<p>St\u0159\u00edbro 925<\/p>","protected":false},"featured_media":9966596125913,"comment_status":"open","ping_status":"closed","template":"","meta":{"_glsr_average":5,"_glsr_ranking":3.6363636363636,"_glsr_reviews":1},"product_brand":[],"product_cat":[875,301,46,1010,56,325],"product_tag":[],"class_list":{"0":"post-9945476235597","1":"product","2":"type-product","3":"status-publish","4":"has-post-thumbnail","6":"product_cat-all-jewelry","7":"product_cat-earrings","8":"product_cat-eternal-hearts","9":"product_cat-gifts-over-40-eur","10":"product_cat-most-gifted","11":"product_cat-mothers-day-collection","13":"first","14":"outofstock","15":"taxable","16":"shipping-taxable","17":"purchasable","18":"product-type-simple"},"_links":{"self":[{"href":"https:\/\/annika.jewelry\/cs\/wp-json\/wp\/v2\/product\/9945476235597","targetHints":{"allow":["GET"]}}],"collection":[{"href":"https:\/\/annika.jewelry\/cs\/wp-json\/wp\/v2\/product"}],"about":[{"href":"https:\/\/annika.jewelry\/cs\/wp-json\/wp\/v2\/types\/product"}],"replies":[{"embeddable":true,"href":"https:\/\/annika.jewelry\/cs\/wp-json\/wp\/v2\/comments?post=9945476235597"}],"version-history":[{"count":1,"href":"https:\/\/annika.jewelry\/cs\/wp-json\/wp\/v2\/product\/9945476235597\/revisions"}],"predecessor-version":[{"id":9966596121094,"href":"https:\/\/annika.jewelry\/cs\/wp-json\/wp\/v2\/product\/9945476235597\/revisions\/9966596121094"}],"wp:featuredmedia":[{"embeddable":true,"href":"https:\/\/annika.jewelry\/cs\/wp-json\/wp\/v2\/media\/9966596125913"}],"wp:attachment":[{"href":"https:\/\/annika.jewelry\/cs\/wp-json\/wp\/v2\/media?parent=9945476235597"}],"wp:term":[{"taxonomy":"product_brand","embeddable":true,"href":"https:\/\/annika.jewelry\/cs\/wp-json\/wp\/v2\/product_brand?post=9945476235597"},{"taxonomy":"product_cat","embeddable":true,"href":"https:\/\/annika.jewelry\/cs\/wp-json\/wp\/v2\/product_cat?post=9945476235597"},{"taxonomy":"product_tag","embeddable":true,"href":"https:\/\/annika.jewelry\/cs\/wp-json\/wp\/v2\/product_tag?post=9945476235597"}],"curies":[{"name":"wp","href":"https:\/\/api.w.org\/{rel}","templated":true}]}}