{"id":9865879519565,"date":"2025-02-21T10:52:07","date_gmt":"2025-02-21T10:52:07","guid":{"rendered":"https:\/\/annika.jewelry\/?post_type=product&#038;p=9865879519565"},"modified":"2026-03-07T17:36:15","modified_gmt":"2026-03-07T17:36:15","slug":"mei-earrings","status":"publish","type":"product","link":"https:\/\/annika.jewelry\/cs\/p\/mei-earrings\/","title":{"rendered":"MEI N\u00c1U\u0160NICE"},"content":{"rendered":"","protected":false},"excerpt":{"rendered":"<p>St\u0159\u00edbro ryzosti 925 \/ pozlacen\u00ed 18K zlatem<\/p>","protected":false},"featured_media":9966596125919,"comment_status":"open","ping_status":"closed","template":"","meta":{"_glsr_average":5,"_glsr_ranking":3.6363636363636,"_glsr_reviews":1},"product_brand":[],"product_cat":[317,875,301,1010,325],"product_tag":[],"class_list":{"0":"post-9865879519565","1":"product","2":"type-product","3":"status-publish","4":"has-post-thumbnail","6":"product_cat-after-dark","7":"product_cat-all-jewelry","8":"product_cat-earrings","9":"product_cat-gifts-over-40-eur","10":"product_cat-mothers-day-collection","12":"first","13":"outofstock","14":"taxable","15":"shipping-taxable","16":"purchasable","17":"product-type-simple"},"_links":{"self":[{"href":"https:\/\/annika.jewelry\/cs\/wp-json\/wp\/v2\/product\/9865879519565","targetHints":{"allow":["GET"]}}],"collection":[{"href":"https:\/\/annika.jewelry\/cs\/wp-json\/wp\/v2\/product"}],"about":[{"href":"https:\/\/annika.jewelry\/cs\/wp-json\/wp\/v2\/types\/product"}],"replies":[{"embeddable":true,"href":"https:\/\/annika.jewelry\/cs\/wp-json\/wp\/v2\/comments?post=9865879519565"}],"version-history":[{"count":1,"href":"https:\/\/annika.jewelry\/cs\/wp-json\/wp\/v2\/product\/9865879519565\/revisions"}],"predecessor-version":[{"id":9966596121029,"href":"https:\/\/annika.jewelry\/cs\/wp-json\/wp\/v2\/product\/9865879519565\/revisions\/9966596121029"}],"wp:featuredmedia":[{"embeddable":true,"href":"https:\/\/annika.jewelry\/cs\/wp-json\/wp\/v2\/media\/9966596125919"}],"wp:attachment":[{"href":"https:\/\/annika.jewelry\/cs\/wp-json\/wp\/v2\/media?parent=9865879519565"}],"wp:term":[{"taxonomy":"product_brand","embeddable":true,"href":"https:\/\/annika.jewelry\/cs\/wp-json\/wp\/v2\/product_brand?post=9865879519565"},{"taxonomy":"product_cat","embeddable":true,"href":"https:\/\/annika.jewelry\/cs\/wp-json\/wp\/v2\/product_cat?post=9865879519565"},{"taxonomy":"product_tag","embeddable":true,"href":"https:\/\/annika.jewelry\/cs\/wp-json\/wp\/v2\/product_tag?post=9865879519565"}],"curies":[{"name":"wp","href":"https:\/\/api.w.org\/{rel}","templated":true}]}}