{"id":9865875423565,"date":"2025-02-21T10:51:52","date_gmt":"2025-02-21T10:51:52","guid":{"rendered":"https:\/\/annika.jewelry\/?post_type=product&#038;p=9865875423565"},"modified":"2026-04-21T05:39:10","modified_gmt":"2026-04-21T05:39:10","slug":"organic-silver-hoop-earrings-zola","status":"publish","type":"product","link":"https:\/\/annika.jewelry\/cs\/p\/organic-silver-hoop-earrings-zola\/","title":{"rendered":"ZOLA KRUHY"},"content":{"rendered":"<p>Organick\u00e9 n\u00e1u\u0161nice kruhy, kter\u00e9 p\u0159edefinuj\u00ed klasick\u00e9 kruhy. ZOLA HOOPS se vyzna\u010duj\u00ed jemn\u011b nepravideln\u00fdm tvarem vyroben\u00fdm ze st\u0159\u00edbra ryzosti 925, kter\u00fd zachycuje sv\u011btlo z ka\u017ed\u00e9ho \u00fahlu. Dostupn\u00e9 ve st\u0159\u00edbrn\u00e9m proveden\u00ed nebo s pozlacen\u00edm 18K zlatem, tyto organick\u00e9 n\u00e1u\u0161nice lze nosit samostatn\u011b nebo ve vrstven\u00ed s ear cuffem. V\u00fd\u0161ka 24 mm, hmotnost 8,9 g.<\/p>","protected":false},"excerpt":{"rendered":"<div data-test-render-count=\"1\">\n<div class=\"group\">\n<div class=\"contents\">\n<div class=\"group relative relative pb-3\" data-is-streaming=\"false\">\n<div class=\"font-claude-response relative leading-[1.65rem] [&amp;_pre&gt;div]:bg-bg-000\/50 [&amp;_pre&gt;div]:border-0.5 [&amp;_pre&gt;div]:border-border-400 [&amp;_.ignore-pre-bg&gt;div]:bg-transparent [&amp;_.standard-markdown_:is(p,blockquote,h1,h2,h3,h4,h5,h6)]:pl-2 [&amp;_.standard-markdown_:is(p,blockquote,ul,ol,h1,h2,h3,h4,h5,h6)]:pr-8 [&amp;_.progressive-markdown_:is(p,blockquote,h1,h2,h3,h4,h5,h6)]:pl-2 [&amp;_.progressive-markdown_:is(p,blockquote,ul,ol,h1,h2,h3,h4,h5,h6)]:pr-8\">\n<div class=\"standard-markdown grid-cols-1 grid [&amp;_&gt;_*]:min-w-0 gap-3 standard-markdown\">\n<p class=\"font-claude-response-body break-words whitespace-normal leading-[1.7]\">Organic silver hoop earrings with a fluid, sculptural silhouette. Crafted in 925 sterling silver with optional 18K gold plating. Height 24 mm \u2014 bold enough to make a statement, refined enough for everyday wear.<\/p>\n<\/div>\n<\/div>\n<\/div>\n<\/div>\n<div class=\"flex justify-start\" role=\"group\" aria-label=\"Message actions\">\n<div class=\"text-text-300\">\n<div class=\"text-text-300 flex items-stretch justify-between\">\n<div class=\"w-fit\" data-state=\"closed\">\n<div class=\"relative text-text-500 group-hover\/btn:text-text-100\">\n<div class=\"transition-all opacity-100 scale-100\"><\/div>\n<div class=\"absolute top-0 left-0 transition-all opacity-0 scale-50\"><\/div>\n<\/div>\n<\/div>\n<div class=\"w-fit\" data-state=\"closed\">\n<div class=\"text-text-500 group-hover\/btn:text-text-100\"><\/div>\n<\/div>\n<div class=\"w-fit\" data-state=\"closed\">\n<div class=\"text-text-500 group-hover\/btn:text-text-100\"><\/div>\n<\/div>\n<div class=\"flex items-center\">\n<div class=\"w-fit\" data-state=\"closed\">\n<div class=\"text-text-500 group-hover\/btn:text-text-100\"><\/div>\n<\/div>\n<\/div>\n<\/div>\n<\/div>\n<\/div>\n<\/div>\n<\/div>\n","protected":false},"featured_media":9966596121018,"comment_status":"open","ping_status":"closed","template":"","meta":{"_glsr_average":4.3,"_glsr_ranking":3.6846153846154,"_glsr_reviews":3},"product_brand":[],"product_cat":[875,48,301,1010,56,325,410],"product_tag":[],"class_list":{"0":"post-9865875423565","1":"product","2":"type-product","3":"status-publish","4":"has-post-thumbnail","6":"product_cat-all-jewelry","7":"product_cat-bestsellers","8":"product_cat-earrings","9":"product_cat-gifts-over-40-eur","10":"product_cat-most-gifted","11":"product_cat-mothers-day-collection","12":"product_cat-outlet","14":"first","15":"instock","16":"sale","17":"taxable","18":"shipping-taxable","19":"purchasable","20":"product-type-simple"},"_links":{"self":[{"href":"https:\/\/annika.jewelry\/cs\/wp-json\/wp\/v2\/product\/9865875423565","targetHints":{"allow":["GET"]}}],"collection":[{"href":"https:\/\/annika.jewelry\/cs\/wp-json\/wp\/v2\/product"}],"about":[{"href":"https:\/\/annika.jewelry\/cs\/wp-json\/wp\/v2\/types\/product"}],"replies":[{"embeddable":true,"href":"https:\/\/annika.jewelry\/cs\/wp-json\/wp\/v2\/comments?post=9865875423565"}],"version-history":[{"count":4,"href":"https:\/\/annika.jewelry\/cs\/wp-json\/wp\/v2\/product\/9865875423565\/revisions"}],"predecessor-version":[{"id":9966596126811,"href":"https:\/\/annika.jewelry\/cs\/wp-json\/wp\/v2\/product\/9865875423565\/revisions\/9966596126811"}],"wp:featuredmedia":[{"embeddable":true,"href":"https:\/\/annika.jewelry\/cs\/wp-json\/wp\/v2\/media\/9966596121018"}],"wp:attachment":[{"href":"https:\/\/annika.jewelry\/cs\/wp-json\/wp\/v2\/media?parent=9865875423565"}],"wp:term":[{"taxonomy":"product_brand","embeddable":true,"href":"https:\/\/annika.jewelry\/cs\/wp-json\/wp\/v2\/product_brand?post=9865875423565"},{"taxonomy":"product_cat","embeddable":true,"href":"https:\/\/annika.jewelry\/cs\/wp-json\/wp\/v2\/product_cat?post=9865875423565"},{"taxonomy":"product_tag","embeddable":true,"href":"https:\/\/annika.jewelry\/cs\/wp-json\/wp\/v2\/product_tag?post=9865875423565"}],"curies":[{"name":"wp","href":"https:\/\/api.w.org\/{rel}","templated":true}]}}