{"id":9845652619597,"date":"2025-02-21T10:51:59","date_gmt":"2025-02-21T10:51:59","guid":{"rendered":"https:\/\/annika.jewelry\/?post_type=product&#038;p=9845652619597"},"modified":"2025-12-30T11:21:51","modified_gmt":"2025-12-30T11:21:51","slug":"horseshoe-earrings","status":"publish","type":"product","link":"https:\/\/annika.jewelry\/cs\/p\/horseshoe-earrings\/","title":{"rendered":"HORSESHOE N\u00c1U\u0160NICE"},"content":{"rendered":"","protected":false},"excerpt":{"rendered":"<p>St\u0159\u00edbro 925<\/p>","protected":false},"featured_media":9966596123123,"comment_status":"open","ping_status":"closed","template":"","meta":{"_glsr_average":0,"_glsr_ranking":0,"_glsr_reviews":0},"product_brand":[],"product_cat":[875,301,54,1009,326,325],"product_tag":[],"class_list":{"0":"post-9845652619597","1":"product","2":"type-product","3":"status-publish","4":"has-post-thumbnail","6":"product_cat-all-jewelry","7":"product_cat-earrings","8":"product_cat-gifts-on-a-budget","9":"product_cat-gifts-under-40-eur","10":"product_cat-meaningful-gifts","11":"product_cat-mothers-day-collection","13":"first","14":"instock","15":"taxable","16":"shipping-taxable","17":"purchasable","18":"product-type-simple"},"_links":{"self":[{"href":"https:\/\/annika.jewelry\/cs\/wp-json\/wp\/v2\/product\/9845652619597","targetHints":{"allow":["GET"]}}],"collection":[{"href":"https:\/\/annika.jewelry\/cs\/wp-json\/wp\/v2\/product"}],"about":[{"href":"https:\/\/annika.jewelry\/cs\/wp-json\/wp\/v2\/types\/product"}],"replies":[{"embeddable":true,"href":"https:\/\/annika.jewelry\/cs\/wp-json\/wp\/v2\/comments?post=9845652619597"}],"version-history":[{"count":1,"href":"https:\/\/annika.jewelry\/cs\/wp-json\/wp\/v2\/product\/9845652619597\/revisions"}],"predecessor-version":[{"id":9966596120974,"href":"https:\/\/annika.jewelry\/cs\/wp-json\/wp\/v2\/product\/9845652619597\/revisions\/9966596120974"}],"wp:featuredmedia":[{"embeddable":true,"href":"https:\/\/annika.jewelry\/cs\/wp-json\/wp\/v2\/media\/9966596123123"}],"wp:attachment":[{"href":"https:\/\/annika.jewelry\/cs\/wp-json\/wp\/v2\/media?parent=9845652619597"}],"wp:term":[{"taxonomy":"product_brand","embeddable":true,"href":"https:\/\/annika.jewelry\/cs\/wp-json\/wp\/v2\/product_brand?post=9845652619597"},{"taxonomy":"product_cat","embeddable":true,"href":"https:\/\/annika.jewelry\/cs\/wp-json\/wp\/v2\/product_cat?post=9845652619597"},{"taxonomy":"product_tag","embeddable":true,"href":"https:\/\/annika.jewelry\/cs\/wp-json\/wp\/v2\/product_tag?post=9845652619597"}],"curies":[{"name":"wp","href":"https:\/\/api.w.org\/{rel}","templated":true}]}}