{"id":9823612830029,"date":"2025-02-21T10:52:36","date_gmt":"2025-02-21T10:52:36","guid":{"rendered":"https:\/\/annika.jewelry\/?post_type=product&#038;p=9823612830029"},"modified":"2026-02-23T18:24:17","modified_gmt":"2026-02-23T18:24:17","slug":"clement-bracelet","status":"publish","type":"product","link":"https:\/\/annika.jewelry\/cs\/p\/clement-bracelet\/","title":{"rendered":"CLEMENT N\u00c1RAMEK"},"content":{"rendered":"","protected":false},"excerpt":{"rendered":"<p>St\u0159\u00edbro 925<\/p>","protected":false},"featured_media":9966596123131,"comment_status":"open","ping_status":"closed","template":"","meta":{"_glsr_average":0,"_glsr_ranking":0,"_glsr_reviews":0},"product_brand":[],"product_cat":[875,876,1010,410],"product_tag":[],"class_list":{"0":"post-9823612830029","1":"product","2":"type-product","3":"status-publish","4":"has-post-thumbnail","6":"product_cat-all-jewelry","7":"product_cat-bracelets","8":"product_cat-gifts-over-40-eur","9":"product_cat-outlet","11":"first","12":"instock","13":"sale","14":"taxable","15":"shipping-taxable","16":"purchasable","17":"product-type-simple"},"_links":{"self":[{"href":"https:\/\/annika.jewelry\/cs\/wp-json\/wp\/v2\/product\/9823612830029","targetHints":{"allow":["GET"]}}],"collection":[{"href":"https:\/\/annika.jewelry\/cs\/wp-json\/wp\/v2\/product"}],"about":[{"href":"https:\/\/annika.jewelry\/cs\/wp-json\/wp\/v2\/types\/product"}],"replies":[{"embeddable":true,"href":"https:\/\/annika.jewelry\/cs\/wp-json\/wp\/v2\/comments?post=9823612830029"}],"version-history":[{"count":1,"href":"https:\/\/annika.jewelry\/cs\/wp-json\/wp\/v2\/product\/9823612830029\/revisions"}],"predecessor-version":[{"id":9966596120963,"href":"https:\/\/annika.jewelry\/cs\/wp-json\/wp\/v2\/product\/9823612830029\/revisions\/9966596120963"}],"wp:featuredmedia":[{"embeddable":true,"href":"https:\/\/annika.jewelry\/cs\/wp-json\/wp\/v2\/media\/9966596123131"}],"wp:attachment":[{"href":"https:\/\/annika.jewelry\/cs\/wp-json\/wp\/v2\/media?parent=9823612830029"}],"wp:term":[{"taxonomy":"product_brand","embeddable":true,"href":"https:\/\/annika.jewelry\/cs\/wp-json\/wp\/v2\/product_brand?post=9823612830029"},{"taxonomy":"product_cat","embeddable":true,"href":"https:\/\/annika.jewelry\/cs\/wp-json\/wp\/v2\/product_cat?post=9823612830029"},{"taxonomy":"product_tag","embeddable":true,"href":"https:\/\/annika.jewelry\/cs\/wp-json\/wp\/v2\/product_tag?post=9823612830029"}],"curies":[{"name":"wp","href":"https:\/\/api.w.org\/{rel}","templated":true}]}}