{"id":9743934456141,"date":"2025-02-21T10:52:52","date_gmt":"2025-02-21T10:52:52","guid":{"rendered":"https:\/\/annika.jewelry\/?post_type=product&#038;p=9743934456141"},"modified":"2025-12-30T14:40:08","modified_gmt":"2025-12-30T14:40:08","slug":"eri-earcuff","status":"publish","type":"product","link":"https:\/\/annika.jewelry\/cs\/p\/eri-earcuff\/","title":{"rendered":"ERI NAU\u0160NICE BEZ D\u00cdRKY"},"content":{"rendered":"","protected":false},"excerpt":{"rendered":"<p>St\u0159\u00edbro 925<\/p>","protected":false},"featured_media":9966596123141,"comment_status":"open","ping_status":"closed","template":"","meta":{"_glsr_average":5,"_glsr_ranking":3.8461538461538,"_glsr_reviews":3},"product_brand":[],"product_cat":[875,806,1009,410],"product_tag":[],"class_list":{"0":"post-9743934456141","1":"product","2":"type-product","3":"status-publish","4":"has-post-thumbnail","6":"product_cat-all-jewelry","7":"product_cat-earcuffs","8":"product_cat-gifts-under-40-eur","9":"product_cat-outlet","11":"first","12":"outofstock","13":"taxable","14":"shipping-taxable","15":"purchasable","16":"product-type-simple"},"_links":{"self":[{"href":"https:\/\/annika.jewelry\/cs\/wp-json\/wp\/v2\/product\/9743934456141","targetHints":{"allow":["GET"]}}],"collection":[{"href":"https:\/\/annika.jewelry\/cs\/wp-json\/wp\/v2\/product"}],"about":[{"href":"https:\/\/annika.jewelry\/cs\/wp-json\/wp\/v2\/types\/product"}],"replies":[{"embeddable":true,"href":"https:\/\/annika.jewelry\/cs\/wp-json\/wp\/v2\/comments?post=9743934456141"}],"version-history":[{"count":1,"href":"https:\/\/annika.jewelry\/cs\/wp-json\/wp\/v2\/product\/9743934456141\/revisions"}],"predecessor-version":[{"id":9966596120765,"href":"https:\/\/annika.jewelry\/cs\/wp-json\/wp\/v2\/product\/9743934456141\/revisions\/9966596120765"}],"wp:featuredmedia":[{"embeddable":true,"href":"https:\/\/annika.jewelry\/cs\/wp-json\/wp\/v2\/media\/9966596123141"}],"wp:attachment":[{"href":"https:\/\/annika.jewelry\/cs\/wp-json\/wp\/v2\/media?parent=9743934456141"}],"wp:term":[{"taxonomy":"product_brand","embeddable":true,"href":"https:\/\/annika.jewelry\/cs\/wp-json\/wp\/v2\/product_brand?post=9743934456141"},{"taxonomy":"product_cat","embeddable":true,"href":"https:\/\/annika.jewelry\/cs\/wp-json\/wp\/v2\/product_cat?post=9743934456141"},{"taxonomy":"product_tag","embeddable":true,"href":"https:\/\/annika.jewelry\/cs\/wp-json\/wp\/v2\/product_tag?post=9743934456141"}],"curies":[{"name":"wp","href":"https:\/\/api.w.org\/{rel}","templated":true}]}}