{"id":9743837266253,"date":"2025-02-21T10:52:18","date_gmt":"2025-02-21T10:52:18","guid":{"rendered":"https:\/\/annika.jewelry\/?post_type=product&#038;p=9743837266253"},"modified":"2026-03-27T10:29:42","modified_gmt":"2026-03-27T10:29:42","slug":"hikari-big-earrings","status":"publish","type":"product","link":"https:\/\/annika.jewelry\/cs\/p\/hikari-big-earrings\/","title":{"rendered":"HIKARI VELK\u00c9 N\u00c1U\u0160NICE"},"content":{"rendered":"","protected":false},"excerpt":{"rendered":"<p>St\u0159\u00edbro 925<\/p>","protected":false},"featured_media":9966596123143,"comment_status":"open","ping_status":"closed","template":"","meta":{"_glsr_average":0,"_glsr_ranking":0,"_glsr_reviews":0},"product_brand":[],"product_cat":[875,301,1010],"product_tag":[],"class_list":{"0":"post-9743837266253","1":"product","2":"type-product","3":"status-publish","4":"has-post-thumbnail","6":"product_cat-all-jewelry","7":"product_cat-earrings","8":"product_cat-gifts-over-40-eur","10":"first","11":"instock","12":"taxable","13":"shipping-taxable","14":"purchasable","15":"product-type-simple"},"_links":{"self":[{"href":"https:\/\/annika.jewelry\/cs\/wp-json\/wp\/v2\/product\/9743837266253","targetHints":{"allow":["GET"]}}],"collection":[{"href":"https:\/\/annika.jewelry\/cs\/wp-json\/wp\/v2\/product"}],"about":[{"href":"https:\/\/annika.jewelry\/cs\/wp-json\/wp\/v2\/types\/product"}],"replies":[{"embeddable":true,"href":"https:\/\/annika.jewelry\/cs\/wp-json\/wp\/v2\/comments?post=9743837266253"}],"version-history":[{"count":1,"href":"https:\/\/annika.jewelry\/cs\/wp-json\/wp\/v2\/product\/9743837266253\/revisions"}],"predecessor-version":[{"id":9966596120747,"href":"https:\/\/annika.jewelry\/cs\/wp-json\/wp\/v2\/product\/9743837266253\/revisions\/9966596120747"}],"wp:featuredmedia":[{"embeddable":true,"href":"https:\/\/annika.jewelry\/cs\/wp-json\/wp\/v2\/media\/9966596123143"}],"wp:attachment":[{"href":"https:\/\/annika.jewelry\/cs\/wp-json\/wp\/v2\/media?parent=9743837266253"}],"wp:term":[{"taxonomy":"product_brand","embeddable":true,"href":"https:\/\/annika.jewelry\/cs\/wp-json\/wp\/v2\/product_brand?post=9743837266253"},{"taxonomy":"product_cat","embeddable":true,"href":"https:\/\/annika.jewelry\/cs\/wp-json\/wp\/v2\/product_cat?post=9743837266253"},{"taxonomy":"product_tag","embeddable":true,"href":"https:\/\/annika.jewelry\/cs\/wp-json\/wp\/v2\/product_tag?post=9743837266253"}],"curies":[{"name":"wp","href":"https:\/\/api.w.org\/{rel}","templated":true}]}}