{"id":9966596123030,"date":"2025-11-05T09:36:29","date_gmt":"2025-11-05T09:36:29","guid":{"rendered":"https:\/\/annika.jewelry\/?page_id=9966596123030"},"modified":"2025-11-05T09:42:25","modified_gmt":"2025-11-05T09:42:25","slug":"wishlist-2","status":"publish","type":"page","link":"https:\/\/annika.jewelry\/cs\/wishlist-2\/","title":{"rendered":"Obl\u00edben\u00e9"},"content":{"rendered":"<div class=\"woosw-list\"><table class=\"woosw-items\" data-key=\"WOOSW\"><tr class=\"woosw-item woosw-item-9966595862341\" data-id=\"9966595862341\"><td class=\"woosw-item--image\"><a  href=\"https:\/\/annika.jewelry\/cs\/p\/silver-flower-stud-earrings-fiorella\/\" ><img fetchpriority=\"high\" decoding=\"async\" width=\"800\" height=\"975\" src=\"https:\/\/annika.jewelry\/wp-content\/uploads\/2025\/10\/92A8697-copy-scaled-1-800x975.jpg\" class=\"attachment-woocommerce_thumbnail size-woocommerce_thumbnail\" alt=\"silver flower stud earrings FIORELLA sculptural orchid design 21mm\" srcset=\"https:\/\/annika.jewelry\/wp-content\/uploads\/2025\/10\/92A8697-copy-scaled-1-800x975.jpg 800w, https:\/\/annika.jewelry\/wp-content\/uploads\/2025\/10\/92A8697-copy-scaled-1-150x183.jpg 150w, https:\/\/annika.jewelry\/wp-content\/uploads\/2025\/10\/92A8697-copy-scaled-1-64x78.jpg 64w, https:\/\/annika.jewelry\/wp-content\/uploads\/2025\/10\/92A8697-copy-scaled-1-1024x1247.jpg 1024w, https:\/\/annika.jewelry\/wp-content\/uploads\/2025\/10\/92A8697-copy-scaled-1-512x624.jpg 512w, https:\/\/annika.jewelry\/wp-content\/uploads\/2025\/10\/92A8697-copy-scaled-1.jpg 1600w\" sizes=\"(max-width: 800px) 100vw, 800px\" title=\"\"><\/a><\/td><td class=\"woosw-item--info\"><div class=\"woosw-item--name\"><a  href=\"https:\/\/annika.jewelry\/cs\/p\/silver-flower-stud-earrings-fiorella\/\" >FIORELLA N\u00c1U\u0160NICE<\/a><\/div><div class=\"woosw-item--price\"><div class=\"wmc-cache-pid\" data-wmc_product_id=\"9966595862341\"><div class=\"price\"><span class=\"woocommerce-Price-amount amount\">75,00&nbsp;<span class=\"woocommerce-Price-currencySymbol\">&euro;<\/span><\/span><\/div><\/div><\/div><div class=\"woosw-item--time\">12 dubna, 2026<\/div><\/td><td class=\"woosw-item--actions\"><div class=\"woosw-item--stock\"><div class=\"stock entry-product-stock in-stock\">\n\tIn stock (can be backordered)\n\t<\/div>\n<\/div><div class=\"woosw-item--atc\"><p class=\"product woocommerce add_to_cart_inline\" style=\"\"><div class=\"product-action hint--bounce hint--top woocommerce_loop_add_to_cart_wrap\"\n     data-hint=\"P\u0159idat do ko\u0161\u00edku\" data-no-translation-data-hint=\"\">\n\t<a href=\"\/cs\/wp-json\/wp\/v2\/pages\/9966596123030?add-to-cart=9966595862341\" aria-describedby=\"woocommerce_loop_add_to_cart_link_describedby_9966595862341\" data-quantity=\"1\" class=\"button product_type_simple add_to_cart_button ajax_add_to_cart\" data-product_id=\"9966595862341\" data-product_sku=\"AUB081\" aria-label=\"P\u0159idat do ko\u0161\u00edku: \u201cFIORELLA EARRINGS\u201d\" rel=\"nofollow\" data-success_message=\"\u201cFIORELLA EARRINGS\u201d byl p\u0159id\u00e1n do ko\u0161\u00edku\" role=\"button\" data-no-translation-aria-label=\"\" data-no-translation-data-success_message=\"\"><span data-no-translation=\"\" data-trp-gettext=\"\">P\u0159idat do ko\u0161\u00edku<\/span><\/a>\n\t\t\t<span id=\"woocommerce_loop_add_to_cart_link_describedby_9966595862341\" class=\"screen-reader-text\">\n\t\t\t<\/span>\n\t<\/div>\n<\/p><\/div><\/td><\/tr><tr class=\"woosw-item woosw-item-9068798214477\" data-id=\"9068798214477\"><td class=\"woosw-item--image\"><a  href=\"https:\/\/annika.jewelry\/cs\/p\/gold-curved-bar-earrings-madison\/\" ><img decoding=\"async\" width=\"800\" height=\"974\" src=\"https:\/\/annika.jewelry\/wp-content\/uploads\/2026\/01\/ANNIKA-Produktines-1109-x-1350-px-73-800x974.png\" class=\"attachment-woocommerce_thumbnail size-woocommerce_thumbnail\" alt=\"gold curved bar earrings MADISON minimalist design\" srcset=\"https:\/\/annika.jewelry\/wp-content\/uploads\/2026\/01\/ANNIKA-Produktines-1109-x-1350-px-73-800x974.png 800w, https:\/\/annika.jewelry\/wp-content\/uploads\/2026\/01\/ANNIKA-Produktines-1109-x-1350-px-73-246x300.png 246w, https:\/\/annika.jewelry\/wp-content\/uploads\/2026\/01\/ANNIKA-Produktines-1109-x-1350-px-73-841x1024.png 841w, https:\/\/annika.jewelry\/wp-content\/uploads\/2026\/01\/ANNIKA-Produktines-1109-x-1350-px-73-768x935.png 768w, https:\/\/annika.jewelry\/wp-content\/uploads\/2026\/01\/ANNIKA-Produktines-1109-x-1350-px-73-10x12.png 10w, https:\/\/annika.jewelry\/wp-content\/uploads\/2026\/01\/ANNIKA-Produktines-1109-x-1350-px-73-1024x1247.png 1024w, https:\/\/annika.jewelry\/wp-content\/uploads\/2026\/01\/ANNIKA-Produktines-1109-x-1350-px-73-512x623.png 512w, https:\/\/annika.jewelry\/wp-content\/uploads\/2026\/01\/ANNIKA-Produktines-1109-x-1350-px-73-150x183.png 150w, https:\/\/annika.jewelry\/wp-content\/uploads\/2026\/01\/ANNIKA-Produktines-1109-x-1350-px-73-64x78.png 64w, https:\/\/annika.jewelry\/wp-content\/uploads\/2026\/01\/ANNIKA-Produktines-1109-x-1350-px-73.png 1109w\" sizes=\"(max-width: 800px) 100vw, 800px\" title=\"\"><\/a><\/td><td class=\"woosw-item--info\"><div class=\"woosw-item--name\"><a  href=\"https:\/\/annika.jewelry\/cs\/p\/gold-curved-bar-earrings-madison\/\" >MADISON N\u00c1U\u0160NICE<\/a><\/div><div class=\"woosw-item--price\"><div class=\"wmc-cache-pid\" data-wmc_product_id=\"9068798214477\"><div class=\"price\"><span class=\"woocommerce-Price-amount amount\">65,00&nbsp;<span class=\"woocommerce-Price-currencySymbol\">&euro;<\/span><\/span><\/div><\/div><\/div><div class=\"woosw-item--time\">5 dubna, 2026<\/div><\/td><td class=\"woosw-item--actions\"><div class=\"woosw-item--stock\"><div class=\"stock entry-product-stock in-stock\">\n\tIn stock\n\t<\/div>\n<\/div><div class=\"woosw-item--atc\"><p class=\"product woocommerce add_to_cart_inline\" style=\"\"><div class=\"product-action hint--bounce hint--top woocommerce_loop_add_to_cart_wrap\"\n     data-hint=\"P\u0159idat do ko\u0161\u00edku\" data-no-translation-data-hint=\"\">\n\t<a href=\"\/cs\/wp-json\/wp\/v2\/pages\/9966596123030?add-to-cart=9068798214477\" aria-describedby=\"woocommerce_loop_add_to_cart_link_describedby_9068798214477\" data-quantity=\"1\" class=\"button product_type_simple add_to_cart_button ajax_add_to_cart\" data-product_id=\"9068798214477\" data-product_sku=\"AUG047\" aria-label=\"P\u0159idat do ko\u0161\u00edku: \u201cMADISON EARRINGS\u201d\" rel=\"nofollow\" data-success_message=\"\u201cMADISON EARRINGS\u201d byl p\u0159id\u00e1n do ko\u0161\u00edku\" role=\"button\" data-no-translation-aria-label=\"\" data-no-translation-data-success_message=\"\"><span data-no-translation=\"\" data-trp-gettext=\"\">P\u0159idat do ko\u0161\u00edku<\/span><\/a>\n\t\t\t<span id=\"woocommerce_loop_add_to_cart_link_describedby_9068798214477\" class=\"screen-reader-text\">\n\t\t\t<\/span>\n\t<\/div>\n<\/p><\/div><\/td><\/tr><tr class=\"woosw-item woosw-item-9966595898927\" data-id=\"9966595898927\"><td class=\"woosw-item--image\"><a  href=\"https:\/\/annika.jewelry\/cs\/p\/silver-hoop-earrings-tria\/\" ><img decoding=\"async\" width=\"800\" height=\"974\" src=\"https:\/\/annika.jewelry\/wp-content\/uploads\/2025\/11\/118-800x974.png\" class=\"attachment-woocommerce_thumbnail size-woocommerce_thumbnail\" alt=\"silver hoop earrings TRIA with cubic zirconia\" srcset=\"https:\/\/annika.jewelry\/wp-content\/uploads\/2025\/11\/118-800x974.png 800w, https:\/\/annika.jewelry\/wp-content\/uploads\/2025\/11\/118-150x183.png 150w, https:\/\/annika.jewelry\/wp-content\/uploads\/2025\/11\/118-64x78.png 64w, https:\/\/annika.jewelry\/wp-content\/uploads\/2025\/11\/118-246x300.png 246w, https:\/\/annika.jewelry\/wp-content\/uploads\/2025\/11\/118-841x1024.png 841w, https:\/\/annika.jewelry\/wp-content\/uploads\/2025\/11\/118-768x935.png 768w, https:\/\/annika.jewelry\/wp-content\/uploads\/2025\/11\/118-10x12.png 10w, https:\/\/annika.jewelry\/wp-content\/uploads\/2025\/11\/118-1024x1247.png 1024w, https:\/\/annika.jewelry\/wp-content\/uploads\/2025\/11\/118-512x623.png 512w, https:\/\/annika.jewelry\/wp-content\/uploads\/2025\/11\/118.png 1109w\" sizes=\"(max-width: 800px) 100vw, 800px\" title=\"\"><\/a><\/td><td class=\"woosw-item--info\"><div class=\"woosw-item--name\"><a  href=\"https:\/\/annika.jewelry\/cs\/p\/silver-hoop-earrings-tria\/\" >TRIA KRUHY<\/a><\/div><div class=\"woosw-item--price\"><div class=\"wmc-cache-pid\" data-wmc_product_id=\"9966595898927\"><div class=\"price\"><span class=\"woocommerce-Price-amount amount\">30,00&nbsp;<span class=\"woocommerce-Price-currencySymbol\">&euro;<\/span><\/span> <span class=\"wc-price-separator\">&ndash;<\/span> <span class=\"woocommerce-Price-amount amount\">32,00&nbsp;<span class=\"woocommerce-Price-currencySymbol\">&euro;<\/span><\/span><\/div><\/div><\/div><div class=\"woosw-item--time\">2 dubna, 2026<\/div><\/td><td class=\"woosw-item--actions\"><div class=\"woosw-item--stock\"><\/div><div class=\"woosw-item--atc\"><p class=\"product woocommerce add_to_cart_inline\" style=\"\"><div class=\"product-action hint--bounce hint--top woocommerce_loop_add_to_cart_wrap\"\n     data-hint=\"V\u00fdb\u011br mo\u017enost\u00ed\" data-no-translation-data-hint=\"\">\n\t<a href=\"https:\/\/annika.jewelry\/cs\/p\/silver-hoop-earrings-tria\/\" aria-describedby=\"woocommerce_loop_add_to_cart_link_describedby_9966595898927\" data-quantity=\"1\" class=\"button product_type_variable add_to_cart_button\" data-product_id=\"9966595898927\" data-product_sku=\"AUB089\" aria-label=\"Vyberte nastaven\u00ed pro \u201eTRIA HOOPS\u201c\" rel=\"nofollow\" data-no-translation-aria-label=\"\"><span data-no-translation=\"\" data-trp-gettext=\"\">V\u00fdb\u011br mo\u017enost\u00ed<\/span><\/a>\n\t\t\t<span id=\"woocommerce_loop_add_to_cart_link_describedby_9966595898927\" class=\"screen-reader-text\">\n\t\t\t\t\tTento produkt m\u00e1 v\u00edce variant. Mo\u017enosti lze vybrat na str\u00e1nce produktu\t\t\t<\/span>\n\t<\/div>\n<\/p><\/div><\/td><\/tr><tr class=\"woosw-item woosw-item-9966596124328\" data-id=\"9966596124328\"><td class=\"woosw-item--image\"><a  href=\"https:\/\/annika.jewelry\/cs\/p\/keo-ring\/\" ><img loading=\"lazy\" decoding=\"async\" width=\"800\" height=\"974\" src=\"https:\/\/annika.jewelry\/wp-content\/uploads\/2025\/11\/92A3476-copy-800x974.jpg\" class=\"attachment-woocommerce_thumbnail size-woocommerce_thumbnail\" alt=\"KEO PRSTEN\" srcset=\"https:\/\/annika.jewelry\/wp-content\/uploads\/2025\/11\/92A3476-copy-800x974.jpg 800w, https:\/\/annika.jewelry\/wp-content\/uploads\/2025\/11\/92A3476-copy-246x300.jpg 246w, https:\/\/annika.jewelry\/wp-content\/uploads\/2025\/11\/92A3476-copy-841x1024.jpg 841w, https:\/\/annika.jewelry\/wp-content\/uploads\/2025\/11\/92A3476-copy-768x935.jpg 768w, https:\/\/annika.jewelry\/wp-content\/uploads\/2025\/11\/92A3476-copy-1261x1536.jpg 1261w, https:\/\/annika.jewelry\/wp-content\/uploads\/2025\/11\/92A3476-copy-1682x2048.jpg 1682w, https:\/\/annika.jewelry\/wp-content\/uploads\/2025\/11\/92A3476-copy-10x12.jpg 10w, https:\/\/annika.jewelry\/wp-content\/uploads\/2025\/11\/92A3476-copy-1024x1247.jpg 1024w, https:\/\/annika.jewelry\/wp-content\/uploads\/2025\/11\/92A3476-copy-512x623.jpg 512w, https:\/\/annika.jewelry\/wp-content\/uploads\/2025\/11\/92A3476-copy-1200x1461.jpg 1200w, https:\/\/annika.jewelry\/wp-content\/uploads\/2025\/11\/92A3476-copy-150x183.jpg 150w, https:\/\/annika.jewelry\/wp-content\/uploads\/2025\/11\/92A3476-copy-64x78.jpg 64w\" sizes=\"(max-width: 800px) 100vw, 800px\" title=\"\"><\/a><\/td><td class=\"woosw-item--info\"><div class=\"woosw-item--name\"><a  href=\"https:\/\/annika.jewelry\/cs\/p\/keo-ring\/\" >KEO PRSTEN<\/a><\/div><div class=\"woosw-item--price\"><div class=\"wmc-cache-pid\" data-wmc_product_id=\"9966596124328\"><div class=\"price\"><del aria-hidden=\"true\"><span class=\"woocommerce-Price-amount amount\">95,00&nbsp;<span class=\"woocommerce-Price-currencySymbol\">&euro;<\/span><\/span><\/del> <span class=\"screen-reader-text\" data-no-translation=\"\" data-trp-gettext=\"\">P\u016fvodn\u00ed cena byla: 95,00&nbsp;&euro;.<\/span><ins aria-hidden=\"true\"><span class=\"woocommerce-Price-amount amount\">47,50&nbsp;<span class=\"woocommerce-Price-currencySymbol\">&euro;<\/span><\/span><\/ins><span class=\"screen-reader-text\" data-no-translation=\"\" data-trp-gettext=\"\">Aktu\u00e1ln\u00ed cena je: 47,50&nbsp;&euro;.<\/span><\/div><\/div><\/div><div class=\"woosw-item--time\">26 b\u0159ezna, 2026<\/div><\/td><td class=\"woosw-item--actions\"><div class=\"woosw-item--stock\"><div class=\"stock entry-product-stock out-of-stock\">\n\tNen\u00ed skladem\n\t<\/div>\n<\/div><div class=\"woosw-item--atc\"><p class=\"product woocommerce add_to_cart_inline\" style=\"\"><div class=\"product-action hint--bounce hint--top woocommerce_loop_add_to_cart_wrap\"\n     data-hint=\"\u010ct\u011bte v\u00edce\" data-no-translation-data-hint=\"\">\n\t<a href=\"https:\/\/annika.jewelry\/cs\/p\/keo-ring\/\" aria-describedby=\"woocommerce_loop_add_to_cart_link_describedby_9966596124328\" data-quantity=\"1\" class=\"button product_type_simple\" data-product_id=\"9966596124328\" data-product_sku=\"ZDG043\" aria-label=\"Zjistit v\u00edce o \u201eKEO RING\u201c\" rel=\"nofollow\" data-success_message=\"\" data-no-translation-aria-label=\"\"><span data-no-translation=\"\" data-trp-gettext=\"\">\u010ct\u011bte v\u00edce<\/span><\/a>\n\t\t\t<span id=\"woocommerce_loop_add_to_cart_link_describedby_9966596124328\" class=\"screen-reader-text\">\n\t\t\t<\/span>\n\t<\/div>\n<\/p><\/div><\/td><\/tr><tr class=\"woosw-item woosw-item-9966595872642\" data-id=\"9966595872642\"><td class=\"woosw-item--image\"><a  href=\"https:\/\/annika.jewelry\/cs\/p\/silver-sculptural-wave-ring-fleur\/\" ><img loading=\"lazy\" decoding=\"async\" width=\"800\" height=\"974\" src=\"https:\/\/annika.jewelry\/wp-content\/uploads\/2025\/06\/Produktines-1109-x-1350-px-155-800x974.png\" class=\"attachment-woocommerce_thumbnail size-woocommerce_thumbnail\" alt=\"silver sculptural wave ring FLEUR organic twisted design adjustable\" srcset=\"https:\/\/annika.jewelry\/wp-content\/uploads\/2025\/06\/Produktines-1109-x-1350-px-155-800x974.png 800w, https:\/\/annika.jewelry\/wp-content\/uploads\/2025\/06\/Produktines-1109-x-1350-px-155-246x300.png 246w, https:\/\/annika.jewelry\/wp-content\/uploads\/2025\/06\/Produktines-1109-x-1350-px-155-841x1024.png 841w, https:\/\/annika.jewelry\/wp-content\/uploads\/2025\/06\/Produktines-1109-x-1350-px-155-768x935.png 768w, https:\/\/annika.jewelry\/wp-content\/uploads\/2025\/06\/Produktines-1109-x-1350-px-155-10x12.png 10w, https:\/\/annika.jewelry\/wp-content\/uploads\/2025\/06\/Produktines-1109-x-1350-px-155-1024x1247.png 1024w, https:\/\/annika.jewelry\/wp-content\/uploads\/2025\/06\/Produktines-1109-x-1350-px-155-512x623.png 512w, https:\/\/annika.jewelry\/wp-content\/uploads\/2025\/06\/Produktines-1109-x-1350-px-155-150x183.png 150w, https:\/\/annika.jewelry\/wp-content\/uploads\/2025\/06\/Produktines-1109-x-1350-px-155-64x78.png 64w, https:\/\/annika.jewelry\/wp-content\/uploads\/2025\/06\/Produktines-1109-x-1350-px-155.png 1109w\" sizes=\"(max-width: 800px) 100vw, 800px\" title=\"\"><\/a><\/td><td class=\"woosw-item--info\"><div class=\"woosw-item--name\"><a  href=\"https:\/\/annika.jewelry\/cs\/p\/silver-sculptural-wave-ring-fleur\/\" >FLEUR PRSTEN<\/a><\/div><div class=\"woosw-item--price\"><div class=\"wmc-cache-pid\" data-wmc_product_id=\"9966595872642\"><div class=\"price\"><span class=\"woocommerce-Price-amount amount\">110,00&nbsp;<span class=\"woocommerce-Price-currencySymbol\">&euro;<\/span><\/span><\/div><\/div><\/div><div class=\"woosw-item--time\">17 b\u0159ezna, 2026<\/div><\/td><td class=\"woosw-item--actions\"><div class=\"woosw-item--stock\"><div class=\"stock entry-product-stock in-stock\">\n\tIn stock (can be backordered)\n\t<\/div>\n<\/div><div class=\"woosw-item--atc\"><p class=\"product woocommerce add_to_cart_inline\" style=\"\"><div class=\"product-action hint--bounce hint--top woocommerce_loop_add_to_cart_wrap\"\n     data-hint=\"P\u0159idat do ko\u0161\u00edku\" data-no-translation-data-hint=\"\">\n\t<a href=\"\/cs\/wp-json\/wp\/v2\/pages\/9966596123030?add-to-cart=9966595872642\" aria-describedby=\"woocommerce_loop_add_to_cart_link_describedby_9966595872642\" data-quantity=\"1\" class=\"button product_type_simple add_to_cart_button ajax_add_to_cart\" data-product_id=\"9966595872642\" data-product_sku=\"ZDB031\" aria-label=\"P\u0159idat do ko\u0161\u00edku: \u201cFLEUR RING\u201d\" rel=\"nofollow\" data-success_message=\"\u201cFLEUR RING\u201d byl p\u0159id\u00e1n do ko\u0161\u00edku\" role=\"button\" data-no-translation-aria-label=\"\" data-no-translation-data-success_message=\"\"><span data-no-translation=\"\" data-trp-gettext=\"\">P\u0159idat do ko\u0161\u00edku<\/span><\/a>\n\t\t\t<span id=\"woocommerce_loop_add_to_cart_link_describedby_9966595872642\" class=\"screen-reader-text\">\n\t\t\t<\/span>\n\t<\/div>\n<\/p><\/div><\/td><\/tr><\/table><div class=\"woosw-actions\"><div class=\"woosw-copy\"><span class=\"woosw-copy-label\">Wishlist link:<\/span><span class=\"woosw-copy-url\"><input id=\"woosw_copy_url\" type=\"url\" value=\"https:\/\/annika.jewelry\/cs\/wishlist-2\/WOOSW\" readonly><\/span><span class=\"woosw-copy-btn\"><button id=\"woosw_copy_btn\" type=\"button\" class=\"button\">Copy<\/button><\/span><\/div><!-- \/woosw-copy --><\/div><!-- \/woosw-actions --><\/div><!-- \/woosw-list -->\n\n\n\n<p><\/p>","protected":false},"excerpt":{"rendered":"","protected":false},"author":8,"featured_media":0,"parent":0,"menu_order":0,"comment_status":"closed","ping_status":"closed","template":"","meta":{"_glsr_average":0,"_glsr_ranking":0,"_glsr_reviews":0,"footnotes":""},"class_list":["post-9966596123030","page","type-page","status-publish","hentry","post-no-thumbnail"],"_links":{"self":[{"href":"https:\/\/annika.jewelry\/cs\/wp-json\/wp\/v2\/pages\/9966596123030","targetHints":{"allow":["GET"]}}],"collection":[{"href":"https:\/\/annika.jewelry\/cs\/wp-json\/wp\/v2\/pages"}],"about":[{"href":"https:\/\/annika.jewelry\/cs\/wp-json\/wp\/v2\/types\/page"}],"author":[{"embeddable":true,"href":"https:\/\/annika.jewelry\/cs\/wp-json\/wp\/v2\/users\/8"}],"replies":[{"embeddable":true,"href":"https:\/\/annika.jewelry\/cs\/wp-json\/wp\/v2\/comments?post=9966596123030"}],"version-history":[{"count":2,"href":"https:\/\/annika.jewelry\/cs\/wp-json\/wp\/v2\/pages\/9966596123030\/revisions"}],"predecessor-version":[{"id":9966596123033,"href":"https:\/\/annika.jewelry\/cs\/wp-json\/wp\/v2\/pages\/9966596123030\/revisions\/9966596123033"}],"wp:attachment":[{"href":"https:\/\/annika.jewelry\/cs\/wp-json\/wp\/v2\/media?parent=9966596123030"}],"curies":[{"name":"wp","href":"https:\/\/api.w.org\/{rel}","templated":true}]}}