{"id":9966596119530,"date":"2025-10-11T17:57:19","date_gmt":"2025-10-11T17:57:19","guid":{"rendered":"https:\/\/annika.jewelry\/?page_id=9966596119530"},"modified":"2025-11-11T17:26:34","modified_gmt":"2025-11-11T17:26:34","slug":"jewelry-care","status":"publish","type":"page","link":"https:\/\/annika.jewelry\/cs\/jewelry-care\/","title":{"rendered":"P\u00c9\u010cE O \u0160PERKY"},"content":{"rendered":"<div data-elementor-type=\"wp-page\" data-elementor-id=\"9966596119530\" class=\"elementor elementor-9966596119530\" data-elementor-post-type=\"page\">\n\t\t\t\t<div class=\"elementor-element elementor-element-fb471f7 e-flex e-con-boxed e-con e-parent\" data-id=\"fb471f7\" data-element_type=\"container\" data-e-type=\"container\">\n\t\t\t\t\t<div class=\"e-con-inner\">\n\t\t<div class=\"elementor-element elementor-element-2939002 e-con-full e-flex e-con e-child\" data-id=\"2939002\" data-element_type=\"container\" data-e-type=\"container\">\n\t\t<div class=\"elementor-element elementor-element-613e65c e-con-full e-flex e-con e-child\" data-id=\"613e65c\" data-element_type=\"container\" data-e-type=\"container\">\n\t\t<div class=\"elementor-element elementor-element-f81e81a e-con-full e-flex e-con e-child\" data-id=\"f81e81a\" data-element_type=\"container\" data-e-type=\"container\">\n\t\t\t\t<div class=\"elementor-element elementor-element-2ee0ec0 elementor-widget elementor-widget-text-editor\" data-id=\"2ee0ec0\" data-element_type=\"widget\" data-e-type=\"widget\" data-widget_type=\"text-editor.default\">\n\t\t\t\t<div class=\"elementor-widget-container\">\n\t\t\t\t\t\t\t\t\t<p data-start=\"203\" data-end=\"373\">Spr\u00e1vn\u00e1 p\u00e9\u010de zajist\u00ed, \u017ee kr\u00e1sa va\u0161ich \u0161perk\u016f vydr\u017e\u00ed cel\u00fd \u017eivot. Kousky ze sterlingov\u00e9ho st\u0159\u00edbra 925 i diamantov\u00e9 \u0161perky si zaslou\u017e\u00ed pozornost, kter\u00e1 zachov\u00e1 jejich p\u0159irozen\u00fd lesk.<\/p><p data-start=\"203\" data-end=\"373\">\u00a0<\/p><h6 data-start=\"375\" data-end=\"414\">P\u00c9\u010cE O \u0160PERKY ZE STERLINGOV\u00c9HO ST\u0158\u00cdBRA 925<\/h6><p data-start=\"416\" data-end=\"550\">St\u0159\u00edbro je nad\u010dasov\u00fd materi\u00e1l, kter\u00fd m\u016f\u017ee \u010dasem p\u0159i styku se vzduchem a vlhkost\u00ed jemn\u011b tmavnout. Jak zachovat jeho z\u00e1\u0159iv\u00fd lesk:<\/p><p data-start=\"554\" data-end=\"663\"><strong data-start=\"554\" data-end=\"573\">Spr\u00e1vn\u00e9 ulo\u017een\u00ed:<\/strong> Uchov\u00e1vejte st\u0159\u00edbrn\u00e9 \u0161perky v uzav\u00edrateln\u00e9m s\u00e1\u010dku nebo \u0161perkovnici vylo\u017een\u00e9 l\u00e1tkou proti oxidaci.<\/p><p data-start=\"666\" data-end=\"740\"><strong data-start=\"666\" data-end=\"685\">Vyhn\u011bte se vlhkosti:<\/strong> Sundavejte je p\u0159ed plav\u00e1n\u00edm, sprchov\u00e1n\u00edm nebo cvi\u010den\u00edm.<\/p><p data-start=\"743\" data-end=\"837\"><strong data-start=\"743\" data-end=\"764\">Pravideln\u00e9 le\u0161t\u011bn\u00ed:<\/strong> K obnoven\u00ed lesku pou\u017e\u00edvejte m\u011bkk\u00fd le\u0161t\u00edc\u00ed had\u0159\u00edk \u2014 vyhn\u011bte se abrazivn\u00edm \u010distic\u00edm prost\u0159edk\u016fm.<\/p><p data-start=\"840\" data-end=\"979\"><strong data-start=\"840\" data-end=\"865\">\u010ci\u0161t\u011bn\u00ed jemn\u00fdm m\u00fddlem:<\/strong> Sm\u00edchejte mal\u00e9 mno\u017estv\u00ed jemn\u00e9ho m\u00fddla s teplou vodou, o\u010dist\u011bte m\u011bkk\u00fdm had\u0159\u00edkem nebo kart\u00e1\u010dkem, opl\u00e1chn\u011bte a d\u016fkladn\u011b osu\u0161te.<\/p><p data-start=\"982\" data-end=\"1068\"><strong data-start=\"982\" data-end=\"1002\">Vyhn\u011bte se chemik\u00e1li\u00edm:<\/strong> Chra\u0148te st\u0159\u00edbro p\u0159ed parf\u00e9my, kr\u00e9my a \u010distic\u00edmi prost\u0159edky.<\/p><p data-start=\"982\" data-end=\"1068\">\u00a0<\/p><h6 data-start=\"1070\" data-end=\"1097\">P\u00c9\u010cE O DIAMANTOV\u00c9 \u0160PERKY<\/h6><p data-start=\"1099\" data-end=\"1205\">Diamantov\u00e9 \u0161perky si zaslou\u017e\u00ed jemnou p\u00e9\u010di, aby si zachovaly sv\u016fj lesk a nastaven\u00ed z\u016fstalo pevn\u00e9.<\/p><p data-start=\"1209\" data-end=\"1381\"><strong data-start=\"1209\" data-end=\"1229\">Pravideln\u00e9 \u010di\u0161t\u011bn\u00ed:<\/strong> Pou\u017eijte m\u00edrn\u00fd roztok tepl\u00e9 vody a jemn\u00e9ho m\u00fddla. Nechte n\u011bkolik minut p\u016fsobit, pot\u00e9 jemn\u011b kart\u00e1\u010dujte kolem kamen\u016f a ozdob. Opl\u00e1chn\u011bte a opatrn\u011b osu\u0161te.<\/p><p data-start=\"1384\" data-end=\"1535\"><strong data-start=\"1384\" data-end=\"1408\">Ochrana p\u0159ed po\u0161kozen\u00edm:<\/strong> Diamanty jsou pevn\u00e9, ale jejich nastaven\u00ed se m\u016f\u017ee uvolnit \u2014 nenoste je p\u0159i fyzick\u00e9 aktivit\u011b nebo p\u0159i pr\u00e1ci s chemik\u00e1liemi.<\/p><p data-start=\"1538\" data-end=\"1655\"><strong data-start=\"1538\" data-end=\"1563\">Kontrola nastaven\u00ed:<\/strong> Pravideln\u011b kontrolujte uvoln\u011bn\u00e9 kameny nebo opot\u0159ebovan\u00e9 \u00fachyty a nechte je odborn\u011b ut\u00e1hnout.<\/p><p data-start=\"1658\" data-end=\"1761\"><strong data-start=\"1658\" data-end=\"1677\">Bezpe\u010dn\u00e9 ulo\u017een\u00ed:<\/strong> Uchov\u00e1vejte diamantov\u00e9 \u0161perky v m\u011bkk\u00e9m v\u00e1\u010dku nebo samostatn\u00e9 p\u0159ihr\u00e1dce, aby se nepo\u0161r\u00e1baly.<\/p><p data-start=\"1764\" data-end=\"1864\"><strong data-start=\"1764\" data-end=\"1786\">Profesion\u00e1ln\u00ed p\u00e9\u010de:<\/strong> Nechte diamantov\u00e9 \u0161perky jednou ro\u010dn\u011b odborn\u011b vy\u010distit a zkontrolovat.<\/p><p data-start=\"1764\" data-end=\"1864\">\u00a0<\/p><h6 data-start=\"1866\" data-end=\"1890\">OBECN\u00c9 TIPY PRO P\u00c9\u010cI O \u0160PERKY<\/h6><p data-start=\"1894\" data-end=\"1955\"><strong data-start=\"1894\" data-end=\"1918\">St\u0159\u00eddejte \u0161perky:<\/strong> St\u0159\u00edd\u00e1n\u00edm kus\u016f minimalizujete jejich opot\u0159eben\u00ed.<\/p><p data-start=\"1958\" data-end=\"2011\"><strong data-start=\"1958\" data-end=\"1974\">Udr\u017eujte such\u00e9:<\/strong> Vyhn\u011bte se kontaktu s vodou nebo potem.<\/p><p data-start=\"2014\" data-end=\"2095\"><strong data-start=\"2014\" data-end=\"2034\">Vyhn\u011bte se chemik\u00e1li\u00edm:<\/strong> Parf\u00e9my, kr\u00e9my a \u010distic\u00ed prost\u0159edky mohou tlumit lesk.<\/p><p data-start=\"2098\" data-end=\"2171\"><strong data-start=\"2098\" data-end=\"2119\">Zach\u00e1zejte opatrn\u011b:<\/strong> \u0160perky si v\u017edy obl\u00e9kejte jako posledn\u00ed a svl\u00e9kejte jako prvn\u00ed.<\/p><p data-start=\"2098\" data-end=\"2171\">\u00a0<\/p><p data-start=\"2173\" data-end=\"2296\">P\u0159i spr\u00e1vn\u00e9 p\u00e9\u010di z\u016fstanou va\u0161e kousky ze sterlingov\u00e9ho st\u0159\u00edbra i diamantov\u00e9 \u0161perky z\u00e1\u0159iv\u00e9 \u2014 kr\u00e1sn\u00e1 p\u0159ipom\u00ednka nad\u010dasov\u00e9 elegance.<\/p><hr data-start=\"2298\" data-end=\"2301\" \/><p data-start=\"343\" data-end=\"400\">\u00a0<\/p>\t\t\t\t\t\t\t\t<\/div>\n\t\t\t\t<\/div>\n\t\t<div class=\"elementor-element elementor-element-91e1ff4 e-con-full e-flex e-con e-child\" data-id=\"91e1ff4\" data-element_type=\"container\" data-e-type=\"container\">\n\t\t\t\t<div class=\"elementor-element elementor-element-a16e503 elementor-widget elementor-widget-spacer\" data-id=\"a16e503\" data-element_type=\"widget\" data-e-type=\"widget\" data-widget_type=\"spacer.default\">\n\t\t\t\t<div class=\"elementor-widget-container\">\n\t\t\t\t\t\t\t<div class=\"elementor-spacer\">\n\t\t\t<div class=\"elementor-spacer-inner\"><\/div>\n\t\t<\/div>\n\t\t\t\t\t\t<\/div>\n\t\t\t\t<\/div>\n\t\t\t\t<\/div>\n\t\t\t\t<\/div>\n\t\t\t\t<\/div>\n\t\t\t\t<\/div>\n\t\t\t\t\t<\/div>\n\t\t\t\t<\/div>\n\t\t<div class=\"elementor-element elementor-element-a3289ed e-con-full e-flex e-con e-parent\" data-id=\"a3289ed\" data-element_type=\"container\" data-e-type=\"container\">\n\t\t\t\t<div class=\"elementor-element elementor-element-8369974 minimog-animation-zoom-in elementor-widget elementor-widget-tm-product-category-carousel\" data-id=\"8369974\" data-element_type=\"widget\" data-e-type=\"widget\" data-settings=\"{&quot;swiper_items_tablet&quot;:&quot;auto-fixed&quot;,&quot;swiper_items&quot;:&quot;4&quot;,&quot;swiper_items_mobile&quot;:&quot;2&quot;,&quot;show_count&quot;:&quot;yes&quot;}\" data-widget_type=\"tm-product-category-carousel.default\">\n\t\t\t\t<div class=\"elementor-widget-container\">\n\t\t\t\t\t\n\t\t<div class=\"minimog-product-categories style-06 tm-swiper tm-slider-widget use-elementor-breakpoints\" data-items-desktop=\"4\" data-items-tablet=\"auto-fixed\" data-items-mobile=\"2\" data-gutter-desktop=\"0\" data-loop=\"1\" data-simulate-touch=\"1\" data-effect=\"slide\">\n\t\t\t<div class=\"swiper-inner\">\n\n\t\t\t\t\n\t\t\t\t<div class=\"swiper\">\n\t\t\t\t\t<div class=\"swiper-wrapper\">\n\t\t\t\t\t\t<div class=\"swiper-slide product-category product first\">\n\t<div class=\"cat-wrap minimog-box\">\n\t\t<div class=\"minimog-image-wrapper\">\n\t\t\t<div class=\"minimog-image-inner\">\n\t\t\t\t<div class=\"minimog-image image\">\n\t\t\t\t\t<a href=\"https:\/\/annika.jewelry\/cs\/collections\/all-jewelry\/necklaces\/\" class=\"cat-image minimog-box\">\n\t\t\t\t\t\t<m-image class=\"minimog-lazy-image\" style=\"--lazy-image-width: 1080px;--lazy-image-height: 125%;\" data-image-loading><img loading=\"lazy\" decoding=\"async\" src=\"https:\/\/annika.jewelry\/wp-content\/uploads\/2025\/10\/Produktines-Instagram-Post-45-71.png\" width=\"1080\" height=\"1350\" alt=\"Produktin\u0117s (Instagram Post (45))-71\" class=\"attachment-full size-full\" title=\"\"><\/m-image>\t\t\t\t\t<\/a>\n\t\t\t\t<\/div>\n\t\t\t<\/div>\n\t\t<\/div>\n\n\t\t<div class=\"category-info\">\n\t<div class=\"category-info-wrapper\">\n\t\t<h2 class=\"category-name\">\n\t\t\t<a href=\"https:\/\/annika.jewelry\/cs\/collections\/all-jewelry\/necklaces\/\">\n\t\t\t\tN\u00c1HRDELN\u00cdKY\t\t\t<\/a>\n\t\t<\/h2>\n\n\t\t<div class=\"category-count\">\n\t<span class=\"cat-count-number\">26<\/span>\n\n\t\t\t<span class=\"cat-count-text\">\n\t\t\titems\t\t<\/span>\n\t<\/div>\n\n\t\t\t<\/div>\n<\/div>\n\n\t\t\t<\/div>\n<\/div>\n<div class=\"swiper-slide product-category product\">\n\t<div class=\"cat-wrap minimog-box\">\n\t\t<div class=\"minimog-image-wrapper\">\n\t\t\t<div class=\"minimog-image-inner\">\n\t\t\t\t<div class=\"minimog-image image\">\n\t\t\t\t\t<a href=\"https:\/\/annika.jewelry\/cs\/collections\/all-jewelry\/bracelets\/\" class=\"cat-image minimog-box\">\n\t\t\t\t\t\t<m-image class=\"minimog-lazy-image\" style=\"--lazy-image-width: 1080px;--lazy-image-height: 125%;\" data-image-loading><img loading=\"lazy\" decoding=\"async\" src=\"https:\/\/annika.jewelry\/wp-content\/uploads\/2025\/10\/15-3.png\" width=\"1080\" height=\"1350\" alt=\"15\" class=\"attachment-full size-full\" title=\"\"><\/m-image>\t\t\t\t\t<\/a>\n\t\t\t\t<\/div>\n\t\t\t<\/div>\n\t\t<\/div>\n\n\t\t<div class=\"category-info\">\n\t<div class=\"category-info-wrapper\">\n\t\t<h2 class=\"category-name\">\n\t\t\t<a href=\"https:\/\/annika.jewelry\/cs\/collections\/all-jewelry\/bracelets\/\">\n\t\t\t\tN\u00c1RAMKY\t\t\t<\/a>\n\t\t<\/h2>\n\n\t\t<div class=\"category-count\">\n\t<span class=\"cat-count-number\">10<\/span>\n\n\t\t\t<span class=\"cat-count-text\">\n\t\t\titems\t\t<\/span>\n\t<\/div>\n\n\t\t\t<\/div>\n<\/div>\n\n\t\t\t<\/div>\n<\/div>\n<div class=\"swiper-slide product-category product\">\n\t<div class=\"cat-wrap minimog-box\">\n\t\t<div class=\"minimog-image-wrapper\">\n\t\t\t<div class=\"minimog-image-inner\">\n\t\t\t\t<div class=\"minimog-image image\">\n\t\t\t\t\t<a href=\"https:\/\/annika.jewelry\/cs\/collections\/all-jewelry\/rings\/\" class=\"cat-image minimog-box\">\n\t\t\t\t\t\t<m-image class=\"minimog-lazy-image\" style=\"--lazy-image-width: 1080px;--lazy-image-height: 125%;\" data-image-loading><img loading=\"lazy\" decoding=\"async\" src=\"https:\/\/annika.jewelry\/wp-content\/uploads\/2025\/10\/Produktines-Instagram-Post-45-70.png\" width=\"1080\" height=\"1350\" alt=\"Produktin\u0117s (Instagram Post (45))-70\" class=\"attachment-full size-full\" title=\"\"><\/m-image>\t\t\t\t\t<\/a>\n\t\t\t\t<\/div>\n\t\t\t<\/div>\n\t\t<\/div>\n\n\t\t<div class=\"category-info\">\n\t<div class=\"category-info-wrapper\">\n\t\t<h2 class=\"category-name\">\n\t\t\t<a href=\"https:\/\/annika.jewelry\/cs\/collections\/all-jewelry\/rings\/\">\n\t\t\t\tPRSTENY\t\t\t<\/a>\n\t\t<\/h2>\n\n\t\t<div class=\"category-count\">\n\t<span class=\"cat-count-number\">27<\/span>\n\n\t\t\t<span class=\"cat-count-text\">\n\t\t\titems\t\t<\/span>\n\t<\/div>\n\n\t\t\t<\/div>\n<\/div>\n\n\t\t\t<\/div>\n<\/div>\n<div class=\"swiper-slide product-category product\">\n\t<div class=\"cat-wrap minimog-box\">\n\t\t<div class=\"minimog-image-wrapper\">\n\t\t\t<div class=\"minimog-image-inner\">\n\t\t\t\t<div class=\"minimog-image image\">\n\t\t\t\t\t<a href=\"https:\/\/annika.jewelry\/cs\/collections\/all-jewelry\/earrings\/\" class=\"cat-image minimog-box\">\n\t\t\t\t\t\t<m-image class=\"minimog-lazy-image\" style=\"--lazy-image-width: 1080px;--lazy-image-height: 125%;\" data-image-loading><img loading=\"lazy\" decoding=\"async\" src=\"https:\/\/annika.jewelry\/wp-content\/uploads\/2025\/10\/Produktines-Instagram-Post-45-61.png\" width=\"1080\" height=\"1350\" alt=\"Produktin\u0117s (Instagram Post (45))-61\" class=\"attachment-full size-full\" title=\"\"><\/m-image>\t\t\t\t\t<\/a>\n\t\t\t\t<\/div>\n\t\t\t<\/div>\n\t\t<\/div>\n\n\t\t<div class=\"category-info\">\n\t<div class=\"category-info-wrapper\">\n\t\t<h2 class=\"category-name\">\n\t\t\t<a href=\"https:\/\/annika.jewelry\/cs\/collections\/all-jewelry\/earrings\/\">\n\t\t\t\tN\u00c1U\u0160NICE\t\t\t<\/a>\n\t\t<\/h2>\n\n\t\t<div class=\"category-count\">\n\t<span class=\"cat-count-number\">63<\/span>\n\n\t\t\t<span class=\"cat-count-text\">\n\t\t\titems\t\t<\/span>\n\t<\/div>\n\n\t\t\t<\/div>\n<\/div>\n\n\t\t\t<\/div>\n<\/div>\n\t\t\t\t\t<\/div>\n\t\t\t\t<\/div>\n\n\t\t\t\t\n\t\t\t<\/div>\n\t\t<\/div>\n\t\t\t\t\t\t<\/div>\n\t\t\t\t<\/div>\n\t\t\t\t<\/div>\n\t\t\t\t<\/div>","protected":false},"excerpt":{"rendered":"<p>Caring for your jewelry ensures its beauty lasts a lifetime. Both 925 sterling silver and diamond pieces deserve mindful attention to preserve their natural brilliance. \u00a0 925 STERLING SILVER JEWELRY CARE Sterling silver is a timeless material that can gently darken over time when exposed to air and moisture. To keep its luminous glow: Store Properly: Keep silver jewelry in an airtight bag or a jewelry box lined with anti-tarnish fabric. Avoid Moisture: Remove it before swimming, showering, or exercising. Polish Regularly: Use a soft polishing cloth to restore shine \u2014 avoid abrasive cleaners. Clean with Mild Soap: Mix a small amount of gentle soap with warm water, clean with a soft cloth or brush, rinse, and dry thoroughly. Avoid Chemicals: Keep silver away from perfumes, lotions, and cleaning products. \u00a0 DIAMOND JEWELRY CARE Diamond jewelry deserves delicate care to maintain its brilliance and ensure the settings remain secure. Clean Regularly: Use a mild solution of warm water and gentle soap. Soak for a few minutes, then brush softly around the stones and settings. Rinse and dry carefully. Protect from Damage: Diamonds are strong, yet their settings can loosen \u2014 avoid wearing them during physical activity or when handling chemicals. Inspect the Settings: Check for loose stones or worn prongs and have them professionally tightened when needed. Store Securely: Keep diamond pieces in a soft pouch or separate compartment to prevent scratches. Professional Care: Have your diamond jewelry professionally cleaned and inspected once a year. \u00a0 GENERAL CARE TIPS Rotate Your Jewelry: Alternate pieces to minimize wear. Keep It Dry: Avoid contact with water or sweat. Avoid Chemicals: Perfumes, lotions, and cleaning agents can dull the shine. Handle with Care: Always put on jewelry last and take it off first. \u00a0 With proper care, your sterling silver and diamond pieces will remain radiant \u2014 beautiful reminders of timeless elegance. \u00a0 Necklaces 26 items Bracelets 9 items RINGS 28 items Earrings 81 items<\/p>","protected":false},"author":8,"featured_media":0,"parent":0,"menu_order":0,"comment_status":"closed","ping_status":"closed","template":"","meta":{"_glsr_average":0,"_glsr_ranking":0,"_glsr_reviews":0,"footnotes":""},"class_list":["post-9966596119530","page","type-page","status-publish","hentry","post-no-thumbnail"],"_links":{"self":[{"href":"https:\/\/annika.jewelry\/cs\/wp-json\/wp\/v2\/pages\/9966596119530","targetHints":{"allow":["GET"]}}],"collection":[{"href":"https:\/\/annika.jewelry\/cs\/wp-json\/wp\/v2\/pages"}],"about":[{"href":"https:\/\/annika.jewelry\/cs\/wp-json\/wp\/v2\/types\/page"}],"author":[{"embeddable":true,"href":"https:\/\/annika.jewelry\/cs\/wp-json\/wp\/v2\/users\/8"}],"replies":[{"embeddable":true,"href":"https:\/\/annika.jewelry\/cs\/wp-json\/wp\/v2\/comments?post=9966596119530"}],"version-history":[{"count":98,"href":"https:\/\/annika.jewelry\/cs\/wp-json\/wp\/v2\/pages\/9966596119530\/revisions"}],"predecessor-version":[{"id":9966596123890,"href":"https:\/\/annika.jewelry\/cs\/wp-json\/wp\/v2\/pages\/9966596119530\/revisions\/9966596123890"}],"wp:attachment":[{"href":"https:\/\/annika.jewelry\/cs\/wp-json\/wp\/v2\/media?parent=9966596119530"}],"curies":[{"name":"wp","href":"https:\/\/api.w.org\/{rel}","templated":true}]}}