{"id":9966596119475,"date":"2025-10-11T16:41:01","date_gmt":"2025-10-11T16:41:01","guid":{"rendered":"https:\/\/annika.jewelry\/?page_id=9966596119475"},"modified":"2025-11-09T14:42:03","modified_gmt":"2025-11-09T14:42:03","slug":"beatrich-x-annika-cover-story-in-zmones-magazine","status":"publish","type":"page","link":"https:\/\/annika.jewelry\/cs\/beatrich-x-annika-cover-story-in-zmones-magazine\/","title":{"rendered":"BEATRICH X ANNIKA: TITULN\u00cd P\u0158\u00cdB\u011aH V MAGAZ\u00cdNU \u017dMON\u0116S"},"content":{"rendered":"<div data-elementor-type=\"wp-page\" data-elementor-id=\"9966596119475\" class=\"elementor elementor-9966596119475\" data-elementor-post-type=\"page\">\n\t\t\t\t<div class=\"elementor-element elementor-element-3189488 e-flex e-con-boxed e-con e-parent\" data-id=\"3189488\" data-element_type=\"container\" data-e-type=\"container\">\n\t\t\t\t\t<div class=\"e-con-inner\">\n\t\t\t\t<div class=\"elementor-element elementor-element-76b4474 elementor-widget elementor-widget-text-editor\" data-id=\"76b4474\" data-element_type=\"widget\" data-e-type=\"widget\" data-widget_type=\"text-editor.default\">\n\t\t\t\t<div class=\"elementor-widget-container\">\n\t\t\t\t\t\t\t\t\t<p data-start=\"112\" data-end=\"341\">Zp\u011bva\u010dka Beatrich zdob\u00ed ob\u00e1lku nejnov\u011bj\u0161\u00edho vyd\u00e1n\u00ed magaz\u00ednu \u017dMON\u0116S \u2014 z\u00e1\u0159iv\u00e1, odv\u00e1\u017en\u00e1 a neomlouvaj\u00edc\u00ed se sama za sebe. Na ka\u017ed\u00e9 fotografii nos\u00ed \u0161perky ANNIKA \u2014 kousky, kter\u00e9 odr\u00e1\u017e\u00ed jej\u00ed s\u00edlu, n\u011b\u017enost a nezam\u011bnitelnou p\u0159\u00edtomnost.<\/p><p data-start=\"343\" data-end=\"400\">Ka\u017ed\u00fd look vypr\u00e1v\u00ed p\u0159\u00edb\u011bh \u2014 a na\u0161e \u0161perky jsou jeho sou\u010d\u00e1st\u00ed.<\/p><p data-start=\"343\" data-end=\"400\">\u00a0<\/p><p data-start=\"343\" data-end=\"400\">Team:<\/p><p data-start=\"343\" data-end=\"400\">Fotograf <a class=\"x1i10hfl xjbqb8w x1ejq31n x18oe1m7 x1sy0etr xstzfhl x972fbf x10w94by x1qhh985 x14e42zd x9f619 x1ypdohk xt0psk2 xe8uvvx xdj266r x14z9mp xat24cr x1lziwak xexx8yu xyri2b x18d9i69 x1c1uobl x16tdsg8 x1hl2dhg xggy1nq x1a2a7pz notranslate _a6hd\" tabindex=\"0\" role=\"link\" href=\"https:\/\/www.instagram.com\/tomjuskevicius\/\" target=\"_blank\" rel=\"noopener\">@tomjuskevicius<\/a><br \/>Stylista <a class=\"x1i10hfl xjbqb8w x1ejq31n x18oe1m7 x1sy0etr xstzfhl x972fbf x10w94by x1qhh985 x14e42zd x9f619 x1ypdohk xt0psk2 xe8uvvx xdj266r x14z9mp xat24cr x1lziwak xexx8yu xyri2b x18d9i69 x1c1uobl x16tdsg8 x1hl2dhg xggy1nq x1a2a7pz notranslate _a6hd\" tabindex=\"0\" role=\"link\" href=\"https:\/\/www.instagram.com\/miikalauskaite\/\" target=\"_blank\" rel=\"noopener\">@miikalauskaite<\/a><br \/>Make-up a vlasy <a class=\"x1i10hfl xjbqb8w x1ejq31n x18oe1m7 x1sy0etr xstzfhl x972fbf x10w94by x1qhh985 x14e42zd x9f619 x1ypdohk xt0psk2 xe8uvvx xdj266r x14z9mp xat24cr x1lziwak xexx8yu xyri2b x18d9i69 x1c1uobl x16tdsg8 x1hl2dhg xggy1nq x1a2a7pz notranslate _a6hd\" tabindex=\"0\" role=\"link\" href=\"https:\/\/www.instagram.com\/eginta_mua\/\" target=\"_blank\" rel=\"noopener\">@eginta_mua<\/a><br \/>\u0160perky <a class=\"x1i10hfl xjbqb8w x1ejq31n x18oe1m7 x1sy0etr xstzfhl x972fbf x10w94by x1qhh985 x14e42zd x9f619 x1ypdohk xt0psk2 xe8uvvx xdj266r x14z9mp xat24cr x1lziwak xexx8yu xyri2b x18d9i69 x1c1uobl x16tdsg8 x1hl2dhg xggy1nq x1a2a7pz notranslate _a6hd\" tabindex=\"0\" role=\"link\" href=\"https:\/\/www.instagram.com\/annika.jewelry.store\/\">@annika.jewelry.store<\/a><\/p>\t\t\t\t\t\t\t\t<\/div>\n\t\t\t\t<\/div>\n\t\t<div class=\"elementor-element elementor-element-d38471a e-con-full e-flex e-con e-child\" data-id=\"d38471a\" data-element_type=\"container\" data-e-type=\"container\">\n\t\t\t\t<div class=\"elementor-element elementor-element-4ef485b elementor-widget elementor-widget-spacer\" data-id=\"4ef485b\" data-element_type=\"widget\" data-e-type=\"widget\" data-widget_type=\"spacer.default\">\n\t\t\t\t<div class=\"elementor-widget-container\">\n\t\t\t\t\t\t\t<div class=\"elementor-spacer\">\n\t\t\t<div class=\"elementor-spacer-inner\"><\/div>\n\t\t<\/div>\n\t\t\t\t\t\t<\/div>\n\t\t\t\t<\/div>\n\t\t\t\t<\/div>\n\t\t<div class=\"elementor-element elementor-element-e00d7b5 e-grid e-con-full e-con e-child\" data-id=\"e00d7b5\" data-element_type=\"container\" data-e-type=\"container\">\n\t\t\t\t<div class=\"elementor-element elementor-element-2538d90 elementor-widget elementor-widget-image\" data-id=\"2538d90\" data-element_type=\"widget\" data-e-type=\"widget\" data-widget_type=\"image.default\">\n\t\t\t\t<div class=\"elementor-widget-container\">\n\t\t\t\t\t\t\t\t\t\t\t\t\t\t\t<img fetchpriority=\"high\" decoding=\"async\" width=\"640\" height=\"800\" src=\"https:\/\/annika.jewelry\/wp-content\/uploads\/2025\/10\/Produktines-Instagram-Post-45-41-819x1024.png\" class=\"attachment-large size-large wp-image-9966596119482\" alt=\"| Annika.jewelry\" srcset=\"https:\/\/annika.jewelry\/wp-content\/uploads\/2025\/10\/Produktines-Instagram-Post-45-41-819x1024.png 819w, https:\/\/annika.jewelry\/wp-content\/uploads\/2025\/10\/Produktines-Instagram-Post-45-41-150x188.png 150w, https:\/\/annika.jewelry\/wp-content\/uploads\/2025\/10\/Produktines-Instagram-Post-45-41-400x500.png 400w, https:\/\/annika.jewelry\/wp-content\/uploads\/2025\/10\/Produktines-Instagram-Post-45-41-800x1000.png 800w, https:\/\/annika.jewelry\/wp-content\/uploads\/2025\/10\/Produktines-Instagram-Post-45-41-64x80.png 64w, https:\/\/annika.jewelry\/wp-content\/uploads\/2025\/10\/Produktines-Instagram-Post-45-41-240x300.png 240w, https:\/\/annika.jewelry\/wp-content\/uploads\/2025\/10\/Produktines-Instagram-Post-45-41-768x960.png 768w, https:\/\/annika.jewelry\/wp-content\/uploads\/2025\/10\/Produktines-Instagram-Post-45-41-1229x1536.png 1229w, https:\/\/annika.jewelry\/wp-content\/uploads\/2025\/10\/Produktines-Instagram-Post-45-41-1638x2048.png 1638w, https:\/\/annika.jewelry\/wp-content\/uploads\/2025\/10\/Produktines-Instagram-Post-45-41-10x12.png 10w, https:\/\/annika.jewelry\/wp-content\/uploads\/2025\/10\/Produktines-Instagram-Post-45-41-1024x1280.png 1024w, https:\/\/annika.jewelry\/wp-content\/uploads\/2025\/10\/Produktines-Instagram-Post-45-41-512x640.png 512w, https:\/\/annika.jewelry\/wp-content\/uploads\/2025\/10\/Produktines-Instagram-Post-45-41.png 1755w\" sizes=\"(max-width: 640px) 100vw, 640px\" title=\"\">\t\t\t\t\t\t\t\t\t\t\t\t\t\t\t<\/div>\n\t\t\t\t<\/div>\n\t\t\t\t<div class=\"elementor-element elementor-element-8d0a8a9 elementor-widget elementor-widget-image\" data-id=\"8d0a8a9\" data-element_type=\"widget\" data-e-type=\"widget\" data-widget_type=\"image.default\">\n\t\t\t\t<div class=\"elementor-widget-container\">\n\t\t\t\t\t\t\t\t\t\t\t\t\t\t\t<img decoding=\"async\" width=\"640\" height=\"960\" src=\"https:\/\/annika.jewelry\/wp-content\/uploads\/2025\/10\/2025-06-11-Beatrich-Zmones01160013.jpg-683x1024.webp\" class=\"attachment-large size-large wp-image-9966596119481\" alt=\"| Annika.jewelry\" srcset=\"https:\/\/annika.jewelry\/wp-content\/uploads\/2025\/10\/2025-06-11-Beatrich-Zmones01160013.jpg-683x1024.webp 683w, https:\/\/annika.jewelry\/wp-content\/uploads\/2025\/10\/2025-06-11-Beatrich-Zmones01160013.jpg-150x225.webp 150w, https:\/\/annika.jewelry\/wp-content\/uploads\/2025\/10\/2025-06-11-Beatrich-Zmones01160013.jpg-400x600.webp 400w, https:\/\/annika.jewelry\/wp-content\/uploads\/2025\/10\/2025-06-11-Beatrich-Zmones01160013.jpg-800x1200.webp 800w, https:\/\/annika.jewelry\/wp-content\/uploads\/2025\/10\/2025-06-11-Beatrich-Zmones01160013.jpg-64x96.webp 64w, https:\/\/annika.jewelry\/wp-content\/uploads\/2025\/10\/2025-06-11-Beatrich-Zmones01160013.jpg-200x300.webp 200w, https:\/\/annika.jewelry\/wp-content\/uploads\/2025\/10\/2025-06-11-Beatrich-Zmones01160013.jpg-768x1152.webp 768w, https:\/\/annika.jewelry\/wp-content\/uploads\/2025\/10\/2025-06-11-Beatrich-Zmones01160013.jpg-1024x1536.webp 1024w, https:\/\/annika.jewelry\/wp-content\/uploads\/2025\/10\/2025-06-11-Beatrich-Zmones01160013.jpg-8x12.webp 8w, https:\/\/annika.jewelry\/wp-content\/uploads\/2025\/10\/2025-06-11-Beatrich-Zmones01160013.jpg-512x768.webp 512w, https:\/\/annika.jewelry\/wp-content\/uploads\/2025\/10\/2025-06-11-Beatrich-Zmones01160013.jpg.webp 1365w\" sizes=\"(max-width: 640px) 100vw, 640px\" title=\"\">\t\t\t\t\t\t\t\t\t\t\t\t\t\t\t<\/div>\n\t\t\t\t<\/div>\n\t\t\t\t<\/div>\n\t\t\t\t\t<\/div>\n\t\t\t\t<\/div>\n\t\t<div class=\"elementor-element elementor-element-0519264 e-flex e-con-boxed e-con e-parent\" data-id=\"0519264\" data-element_type=\"container\" data-e-type=\"container\">\n\t\t\t\t\t<div class=\"e-con-inner\">\n\t\t\t\t<div class=\"elementor-element elementor-element-7352f83 elementor-widget__width-initial elementor-widget elementor-widget-image\" data-id=\"7352f83\" data-element_type=\"widget\" data-e-type=\"widget\" data-widget_type=\"image.default\">\n\t\t\t\t<div class=\"elementor-widget-container\">\n\t\t\t\t\t\t\t\t\t\t\t\t\t\t\t<img decoding=\"async\" width=\"640\" height=\"426\" src=\"https:\/\/annika.jewelry\/wp-content\/uploads\/2025\/10\/2025-06-11-Beatrich-Zmones00430012.jpg-1024x682.webp\" class=\"attachment-large size-large wp-image-9966596119477\" alt=\"| Annika.jewelry\" srcset=\"https:\/\/annika.jewelry\/wp-content\/uploads\/2025\/10\/2025-06-11-Beatrich-Zmones00430012.jpg-1024x682.webp 1024w, https:\/\/annika.jewelry\/wp-content\/uploads\/2025\/10\/2025-06-11-Beatrich-Zmones00430012.jpg-150x100.webp 150w, https:\/\/annika.jewelry\/wp-content\/uploads\/2025\/10\/2025-06-11-Beatrich-Zmones00430012.jpg-400x267.webp 400w, https:\/\/annika.jewelry\/wp-content\/uploads\/2025\/10\/2025-06-11-Beatrich-Zmones00430012.jpg-800x533.webp 800w, https:\/\/annika.jewelry\/wp-content\/uploads\/2025\/10\/2025-06-11-Beatrich-Zmones00430012.jpg-64x43.webp 64w, https:\/\/annika.jewelry\/wp-content\/uploads\/2025\/10\/2025-06-11-Beatrich-Zmones00430012.jpg-300x200.webp 300w, https:\/\/annika.jewelry\/wp-content\/uploads\/2025\/10\/2025-06-11-Beatrich-Zmones00430012.jpg-768x512.webp 768w, https:\/\/annika.jewelry\/wp-content\/uploads\/2025\/10\/2025-06-11-Beatrich-Zmones00430012.jpg-1536x1023.webp 1536w, https:\/\/annika.jewelry\/wp-content\/uploads\/2025\/10\/2025-06-11-Beatrich-Zmones00430012.jpg-18x12.webp 18w, https:\/\/annika.jewelry\/wp-content\/uploads\/2025\/10\/2025-06-11-Beatrich-Zmones00430012.jpg-512x341.webp 512w, https:\/\/annika.jewelry\/wp-content\/uploads\/2025\/10\/2025-06-11-Beatrich-Zmones00430012.jpg.webp 1600w\" sizes=\"(max-width: 640px) 100vw, 640px\" title=\"\">\t\t\t\t\t\t\t\t\t\t\t\t\t\t\t<\/div>\n\t\t\t\t<\/div>\n\t\t\t\t\t<\/div>\n\t\t\t\t<\/div>\n\t\t<div class=\"elementor-element elementor-element-31a5de2 e-flex e-con-boxed e-con e-parent\" data-id=\"31a5de2\" data-element_type=\"container\" data-e-type=\"container\">\n\t\t\t\t\t<div class=\"e-con-inner\">\n\t\t<div class=\"elementor-element elementor-element-98e628a e-grid e-con-full e-con e-child\" data-id=\"98e628a\" data-element_type=\"container\" data-e-type=\"container\">\n\t\t\t\t<div class=\"elementor-element elementor-element-f73f95f elementor-widget elementor-widget-image\" data-id=\"f73f95f\" data-element_type=\"widget\" data-e-type=\"widget\" data-widget_type=\"image.default\">\n\t\t\t\t<div class=\"elementor-widget-container\">\n\t\t\t\t\t\t\t\t\t\t\t\t\t\t\t<img loading=\"lazy\" decoding=\"async\" width=\"640\" height=\"960\" src=\"https:\/\/annika.jewelry\/wp-content\/uploads\/2025\/10\/2025-06-11-Beatrich-Zmones18020019.jpg-683x1024.webp\" class=\"attachment-large size-large wp-image-9966596119480\" alt=\"| Annika.jewelry\" srcset=\"https:\/\/annika.jewelry\/wp-content\/uploads\/2025\/10\/2025-06-11-Beatrich-Zmones18020019.jpg-683x1024.webp 683w, https:\/\/annika.jewelry\/wp-content\/uploads\/2025\/10\/2025-06-11-Beatrich-Zmones18020019.jpg-150x225.webp 150w, https:\/\/annika.jewelry\/wp-content\/uploads\/2025\/10\/2025-06-11-Beatrich-Zmones18020019.jpg-400x600.webp 400w, https:\/\/annika.jewelry\/wp-content\/uploads\/2025\/10\/2025-06-11-Beatrich-Zmones18020019.jpg-800x1200.webp 800w, https:\/\/annika.jewelry\/wp-content\/uploads\/2025\/10\/2025-06-11-Beatrich-Zmones18020019.jpg-64x96.webp 64w, https:\/\/annika.jewelry\/wp-content\/uploads\/2025\/10\/2025-06-11-Beatrich-Zmones18020019.jpg-200x300.webp 200w, https:\/\/annika.jewelry\/wp-content\/uploads\/2025\/10\/2025-06-11-Beatrich-Zmones18020019.jpg-768x1152.webp 768w, https:\/\/annika.jewelry\/wp-content\/uploads\/2025\/10\/2025-06-11-Beatrich-Zmones18020019.jpg-1024x1536.webp 1024w, https:\/\/annika.jewelry\/wp-content\/uploads\/2025\/10\/2025-06-11-Beatrich-Zmones18020019.jpg-8x12.webp 8w, https:\/\/annika.jewelry\/wp-content\/uploads\/2025\/10\/2025-06-11-Beatrich-Zmones18020019.jpg-512x768.webp 512w, https:\/\/annika.jewelry\/wp-content\/uploads\/2025\/10\/2025-06-11-Beatrich-Zmones18020019.jpg.webp 1365w\" sizes=\"(max-width: 640px) 100vw, 640px\" title=\"\">\t\t\t\t\t\t\t\t\t\t\t\t\t\t\t<\/div>\n\t\t\t\t<\/div>\n\t\t\t\t<div class=\"elementor-element elementor-element-a64d525 elementor-widget elementor-widget-image\" data-id=\"a64d525\" data-element_type=\"widget\" data-e-type=\"widget\" data-widget_type=\"image.default\">\n\t\t\t\t<div class=\"elementor-widget-container\">\n\t\t\t\t\t\t\t\t\t\t\t\t\t\t\t<img loading=\"lazy\" decoding=\"async\" width=\"640\" height=\"960\" src=\"https:\/\/annika.jewelry\/wp-content\/uploads\/2025\/10\/2025-06-11-Beatrich-Zmones00040011.jpg-683x1024.webp\" class=\"attachment-large size-large wp-image-9966596119479\" alt=\"| Annika.jewelry\" srcset=\"https:\/\/annika.jewelry\/wp-content\/uploads\/2025\/10\/2025-06-11-Beatrich-Zmones00040011.jpg-683x1024.webp 683w, https:\/\/annika.jewelry\/wp-content\/uploads\/2025\/10\/2025-06-11-Beatrich-Zmones00040011.jpg-150x225.webp 150w, https:\/\/annika.jewelry\/wp-content\/uploads\/2025\/10\/2025-06-11-Beatrich-Zmones00040011.jpg-400x600.webp 400w, https:\/\/annika.jewelry\/wp-content\/uploads\/2025\/10\/2025-06-11-Beatrich-Zmones00040011.jpg-800x1200.webp 800w, https:\/\/annika.jewelry\/wp-content\/uploads\/2025\/10\/2025-06-11-Beatrich-Zmones00040011.jpg-64x96.webp 64w, https:\/\/annika.jewelry\/wp-content\/uploads\/2025\/10\/2025-06-11-Beatrich-Zmones00040011.jpg-200x300.webp 200w, https:\/\/annika.jewelry\/wp-content\/uploads\/2025\/10\/2025-06-11-Beatrich-Zmones00040011.jpg-768x1152.webp 768w, https:\/\/annika.jewelry\/wp-content\/uploads\/2025\/10\/2025-06-11-Beatrich-Zmones00040011.jpg-1024x1536.webp 1024w, https:\/\/annika.jewelry\/wp-content\/uploads\/2025\/10\/2025-06-11-Beatrich-Zmones00040011.jpg-8x12.webp 8w, https:\/\/annika.jewelry\/wp-content\/uploads\/2025\/10\/2025-06-11-Beatrich-Zmones00040011.jpg-512x768.webp 512w, https:\/\/annika.jewelry\/wp-content\/uploads\/2025\/10\/2025-06-11-Beatrich-Zmones00040011.jpg.webp 1365w\" sizes=\"(max-width: 640px) 100vw, 640px\" title=\"\">\t\t\t\t\t\t\t\t\t\t\t\t\t\t\t<\/div>\n\t\t\t\t<\/div>\n\t\t\t\t<\/div>\n\t\t\t\t\t<\/div>\n\t\t\t\t<\/div>\n\t\t\t\t<\/div>","protected":false},"excerpt":{"rendered":"<p>Zp\u011bva\u010dka Beatrich zdob\u00ed ob\u00e1lku nejnov\u011bj\u0161\u00edho \u010dasopisu \u017dMON\u0116S \u2013 z\u00e1\u0159iv\u00e1, odv\u00e1\u017en\u00e1 a neomyln\u011b sama sebou. Na ka\u017ed\u00e9 fotografii nos\u00ed \u0161perky ANNIKA \u2013 kousky zvolen\u00e9 tak, aby odr\u00e1\u017eely jej\u00ed s\u00edlu, n\u011b\u017enost a nezam\u011bnitelnou p\u0159\u00edtomnost. Ka\u017ed\u00fd look vypr\u00e1v\u00ed p\u0159\u00edb\u011bh a na\u0161e \u0161perky jsou jeho sou\u010d\u00e1st\u00ed.   T\u00fdm: Fotograf @tomjuskeviciusStylist @miikalauskaiteMUA a vlasy @eginta_mua\u0160perky @annika.jewelry.store<\/p>","protected":false},"author":8,"featured_media":0,"parent":0,"menu_order":0,"comment_status":"closed","ping_status":"closed","template":"","meta":{"_glsr_average":0,"_glsr_ranking":0,"_glsr_reviews":0,"footnotes":""},"class_list":["post-9966596119475","page","type-page","status-publish","hentry","post-no-thumbnail"],"_links":{"self":[{"href":"https:\/\/annika.jewelry\/cs\/wp-json\/wp\/v2\/pages\/9966596119475","targetHints":{"allow":["GET"]}}],"collection":[{"href":"https:\/\/annika.jewelry\/cs\/wp-json\/wp\/v2\/pages"}],"about":[{"href":"https:\/\/annika.jewelry\/cs\/wp-json\/wp\/v2\/types\/page"}],"author":[{"embeddable":true,"href":"https:\/\/annika.jewelry\/cs\/wp-json\/wp\/v2\/users\/8"}],"replies":[{"embeddable":true,"href":"https:\/\/annika.jewelry\/cs\/wp-json\/wp\/v2\/comments?post=9966596119475"}],"version-history":[{"count":47,"href":"https:\/\/annika.jewelry\/cs\/wp-json\/wp\/v2\/pages\/9966596119475\/revisions"}],"predecessor-version":[{"id":9966596123427,"href":"https:\/\/annika.jewelry\/cs\/wp-json\/wp\/v2\/pages\/9966596119475\/revisions\/9966596123427"}],"wp:attachment":[{"href":"https:\/\/annika.jewelry\/cs\/wp-json\/wp\/v2\/media?parent=9966596119475"}],"curies":[{"name":"wp","href":"https:\/\/api.w.org\/{rel}","templated":true}]}}