{"id":9966596119419,"date":"2025-10-11T15:18:06","date_gmt":"2025-10-11T15:18:06","guid":{"rendered":"https:\/\/annika.jewelry\/?page_id=9966596119419"},"modified":"2025-12-24T21:30:46","modified_gmt":"2025-12-24T21:30:46","slug":"magazine","status":"publish","type":"page","link":"https:\/\/annika.jewelry\/cs\/magazine\/","title":{"rendered":"Magaz\u00edn"},"content":{"rendered":"<div data-elementor-type=\"wp-page\" data-elementor-id=\"9966596119419\" class=\"elementor elementor-9966596119419\" data-elementor-post-type=\"page\">\n\t\t\t\t<div class=\"elementor-element elementor-element-9bfb8f9 e-con-full e-flex e-con e-parent\" data-id=\"9bfb8f9\" data-element_type=\"container\" data-e-type=\"container\">\n\t\t<div class=\"elementor-element elementor-element-9d21602 e-flex e-con-boxed e-con e-child\" data-id=\"9d21602\" data-element_type=\"container\" data-e-type=\"container\">\n\t\t\t\t\t<div class=\"e-con-inner\">\n\t\t\t\t<div class=\"elementor-element elementor-element-3592c00 elementor-widget elementor-widget-heading\" data-id=\"3592c00\" data-element_type=\"widget\" data-e-type=\"widget\" data-widget_type=\"heading.default\">\n\t\t\t\t<div class=\"elementor-widget-container\">\n\t\t\t\t\t<h2 class=\"elementor-heading-title elementor-size-default\">Magaz\u00edn<\/h2>\t\t\t\t<\/div>\n\t\t\t\t<\/div>\n\t\t\t\t<div class=\"elementor-element elementor-element-9fa23f9 elementor-widget__width-initial elementor-widget elementor-widget-text-editor\" data-id=\"9fa23f9\" data-element_type=\"widget\" data-e-type=\"widget\" data-widget_type=\"text-editor.default\">\n\t\t\t\t<div class=\"elementor-widget-container\">\n\t\t\t\t\t\t\t\t\t<p>Od ob\u00e1lek magaz\u00edn\u016f po kur\u00e1torsk\u00e9 playlisty \u2014 nahl\u00e9dn\u011bte do vyv\u00edjej\u00edc\u00edho se sv\u011bta ANNIKA, pln\u00e9ho kr\u00e1sy, rytmu a identity.<\/p>\t\t\t\t\t\t\t\t<\/div>\n\t\t\t\t<\/div>\n\t\t\t\t\t<\/div>\n\t\t\t\t<\/div>\n\t\t\t\t<\/div>\n\t\t<div class=\"elementor-element elementor-element-c8bfe15 e-grid e-con-full e-con e-parent\" data-id=\"c8bfe15\" data-element_type=\"container\" data-e-type=\"container\">\n\t\t\t\t<div class=\"elementor-element elementor-element-5d15706 minimog-box-animation-move-up minimog-animation-zoom-in elementor-widget elementor-widget-tm-image-box\" data-id=\"5d15706\" data-element_type=\"widget\" data-e-type=\"widget\" data-widget_type=\"tm-image-box.default\">\n\t\t\t\t<div class=\"elementor-widget-container\">\n\t\t\t\t\t\t\t<a class=\"tm-image-box minimog-box tm-image-box--image-top tm-image-box--style-1 link-secret\" href=\"https:\/\/annika.jewelry\/beatrich-x-annika-cover-story-in-zmones-magazine\/\">\t\t<div class=\"tm-image-box__wrap\">\n\n\t\t\t\t\t\t\t<div class=\"tm-image-box__image\">\n\t\t\t\t\t<m-image class=\"minimog-lazy-image minimog-image\" style=\"--lazy-image-width: 1365px;--lazy-image-height: 150.03663003663%;\" data-image-loading><img loading=\"lazy\" decoding=\"async\" src=\"https:\/\/annika.jewelry\/wp-content\/uploads\/2025\/10\/2025-06-11-Beatrich-Zmones18890020.jpg.webp\" width=\"1365\" height=\"2048\" alt=\"2025-06-11-Beatrich-Zmones18890020.jpg\" class=\"attachment-full size-full\" title=\"\"><\/m-image>\t\t\t\t\t\t\t\t\t<\/div>\n\t\t\t\n\t\t\t<div class=\"tm-image-box__content\">\n\t\t\t\t<div class=\"tm-image-box__title-wrapper\"><h3 class=\"tm-image-box__title\"><span class=\"tm-image-box__title-text\">BEATRICH X ANNIKA: TITULN\u00cd P\u0158\u00cdB\u011aH V MAGAZ\u00cdNU \u017dMON\u0116S<\/span><\/h3><\/div>\n\t\t\t\t\t\t<div class=\"tm-image-box__description\">\n\t\t\tZp\u011bva\u010dka Beatrich zdob\u00ed ob\u00e1lku nejnov\u011bj\u0161\u00edho vyd\u00e1n\u00ed magaz\u00ednu \u017dMON\u0116S \u2014 z\u00e1\u0159iv\u00e1, odv\u00e1\u017en\u00e1 a neomlouvaj\u00edc\u00ed se sama za sebe. Na ka\u017ed\u00e9 fotografii nos\u00ed \u0161perky ANNIKA \u2014 kousky, kter\u00e9 odr\u00e1\u017e\u00ed jej\u00ed s\u00edlu, n\u011b\u017enost a nezam\u011bnitelnou p\u0159\u00edtomnost.\t\t<\/div>\n\t\t\n\t\t\t\t\t\t<div class=\"tm-button-wrapper\">\n\t\t\t<div class=\"tm-button style-bottom-thick-line tm-button-nm\">\n\t\t\t<div class=\"button-content-wrapper\">\n\t\t\t\t\n\t\t\t\t\t\t\t\t\t<span class=\"button-text\">\u010c\u00cdST D\u00c1L<\/span>\n\n\t\t\t\t\t\t\t\t\t\n\t\t\t\t\t\t\t<\/div>\n\t\t\t<\/div>\t\t<\/div>\n\t\t\t\t\t<\/div>\n\n\t\t<\/div>\n\t\t<\/a>\t\t\t\t\t\t<\/div>\n\t\t\t\t<\/div>\n\t\t\t\t<div class=\"elementor-element elementor-element-affa0ad minimog-box-animation-move-up minimog-animation-zoom-in elementor-widget elementor-widget-tm-image-box\" data-id=\"affa0ad\" data-element_type=\"widget\" data-e-type=\"widget\" data-widget_type=\"tm-image-box.default\">\n\t\t\t\t<div class=\"elementor-widget-container\">\n\t\t\t\t\t\t\t<a class=\"tm-image-box minimog-box tm-image-box--image-top tm-image-box--style-1 link-secret\" href=\"https:\/\/annika.jewelry\/hoop-earrings-guide\/\">\t\t<div class=\"tm-image-box__wrap\">\n\n\t\t\t\t\t\t\t<div class=\"tm-image-box__image\">\n\t\t\t\t\t<m-image class=\"minimog-lazy-image minimog-image\" style=\"--lazy-image-width: 1080px;--lazy-image-height: 177.77777777778%;\" data-image-loading><img loading=\"lazy\" decoding=\"async\" src=\"https:\/\/annika.jewelry\/wp-content\/uploads\/2025\/10\/Untitled_design_22.png.webp\" width=\"1080\" height=\"1920\" alt=\"Untitleddesign22.png\" class=\"attachment-full size-full\" title=\"\"><\/m-image>\t\t\t\t\t\t\t\t\t<\/div>\n\t\t\t\n\t\t\t<div class=\"tm-image-box__content\">\n\t\t\t\t<div class=\"tm-image-box__title-wrapper\"><h3 class=\"tm-image-box__title\"><span class=\"tm-image-box__title-text\">PR\u016eVODCE KRUHOV\u00ddMI N\u00c1U\u0160NICEMI<\/span><\/h3><\/div>\n\t\t\t\t\t\t<div class=\"tm-image-box__description\">\n\t\t\tV\u00e1\u0161 prvn\u00ed p\u00e1r kruhov\u00fdch n\u00e1u\u0161nic by m\u011bl b\u00fdt jednoduch\u00fd a univerz\u00e1ln\u00ed \u2013 ide\u00e1ln\u00ed od r\u00e1na do ve\u010dera. Ale co ten dal\u0161\u00ed? Pro\u010d nezkusit n\u011bco odv\u00e1\u017en\u011bj\u0161\u00edho?\t\t<\/div>\n\t\t\n\t\t\t\t\t\t<div class=\"tm-button-wrapper\">\n\t\t\t<div class=\"tm-button style-bottom-thick-line tm-button-nm\">\n\t\t\t<div class=\"button-content-wrapper\">\n\t\t\t\t\n\t\t\t\t\t\t\t\t\t<span class=\"button-text\">\u010c\u00cdST D\u00c1L<\/span>\n\n\t\t\t\t\t\t\t\t\t\n\t\t\t\t\t\t\t<\/div>\n\t\t\t<\/div>\t\t<\/div>\n\t\t\t\t\t<\/div>\n\n\t\t<\/div>\n\t\t<\/a>\t\t\t\t\t\t<\/div>\n\t\t\t\t<\/div>\n\t\t\t\t<div class=\"elementor-element elementor-element-406e472 minimog-box-animation-move-up minimog-animation-zoom-in elementor-widget elementor-widget-tm-image-box\" data-id=\"406e472\" data-element_type=\"widget\" data-e-type=\"widget\" data-widget_type=\"tm-image-box.default\">\n\t\t\t\t<div class=\"elementor-widget-container\">\n\t\t\t\t\t\t\t<a class=\"tm-image-box minimog-box tm-image-box--image-top tm-image-box--style-1 link-secret\" href=\"https:\/\/open.spotify.com\/playlist\/47XAq3ILlFQMy3Alhv6loJ?si=VVPBZnHRRkCEGEVh4Cx-zA&#038;nd=1&#038;dlsi=c9e40702d1994b0f\" target=\"_blank\" rel=\"noopener\">\t\t<div class=\"tm-image-box__wrap\">\n\n\t\t\t\t\t\t\t<div class=\"tm-image-box__image\">\n\t\t\t\t\t<m-image class=\"minimog-lazy-image minimog-image\" style=\"--lazy-image-width: 564px;--lazy-image-height: 141.48936170213%;\" data-image-loading><img loading=\"lazy\" decoding=\"async\" src=\"https:\/\/annika.jewelry\/wp-content\/uploads\/2025\/10\/01_LOVE_2.png.webp\" width=\"564\" height=\"798\" alt=\"01LOVE2.png\" class=\"attachment-full size-full\" title=\"\"><\/m-image>\t\t\t\t\t\t\t\t\t<\/div>\n\t\t\t\n\t\t\t<div class=\"tm-image-box__content\">\n\t\t\t\t<div class=\"tm-image-box__title-wrapper\"><h3 class=\"tm-image-box__title\"><span class=\"tm-image-box__title-text\">ANNIKA LISTEN: 03 DREAMER<\/span><\/h3><\/div>\n\t\t\t\t\t\t<div class=\"tm-image-box__description\">\n\t\t\tT\u0159et\u00ed playlist ANNIKA: f\u00faze elektroniky, soulu a experiment\u00e1ln\u00edch zvukov\u00fdch krajin. U\u017eijte si!\t\t<\/div>\n\t\t\n\t\t\t\t\t\t<div class=\"tm-button-wrapper\">\n\t\t\t<div class=\"tm-button style-bottom-thick-line tm-button-nm\">\n\t\t\t<div class=\"button-content-wrapper\">\n\t\t\t\t\n\t\t\t\t\t\t\t\t\t<span class=\"button-text\">POSLOUCHAT<\/span>\n\n\t\t\t\t\t\t\t\t\t\n\t\t\t\t\t\t\t<\/div>\n\t\t\t<\/div>\t\t<\/div>\n\t\t\t\t\t<\/div>\n\n\t\t<\/div>\n\t\t<\/a>\t\t\t\t\t\t<\/div>\n\t\t\t\t<\/div>\n\t\t\t\t<div class=\"elementor-element elementor-element-1cfcb61 minimog-box-animation-move-up minimog-animation-zoom-in elementor-widget elementor-widget-tm-image-box\" data-id=\"1cfcb61\" data-element_type=\"widget\" data-e-type=\"widget\" data-widget_type=\"tm-image-box.default\">\n\t\t\t\t<div class=\"elementor-widget-container\">\n\t\t\t\t\t\t\t<a class=\"tm-image-box minimog-box tm-image-box--image-top tm-image-box--style-1 link-secret\" href=\"https:\/\/annika.jewelry\/jewelry-care\/\">\t\t<div class=\"tm-image-box__wrap\">\n\n\t\t\t\t\t\t\t<div class=\"tm-image-box__image\">\n\t\t\t\t\t<m-image class=\"minimog-lazy-image minimog-image\" style=\"--lazy-image-width: 1600px;--lazy-image-height: 150.3125%;\" data-image-loading><img loading=\"lazy\" decoding=\"async\" src=\"https:\/\/annika.jewelry\/wp-content\/uploads\/2025\/10\/anika-lookbook-0147-scaled.jpg.webp\" width=\"1600\" height=\"2405\" alt=\"anika-lookbook-0147-scaled.jpg\" class=\"attachment-full size-full\" title=\"\"><\/m-image>\t\t\t\t\t\t\t\t\t<\/div>\n\t\t\t\n\t\t\t<div class=\"tm-image-box__content\">\n\t\t\t\t<div class=\"tm-image-box__title-wrapper\"><h3 class=\"tm-image-box__title\"><span class=\"tm-image-box__title-text\">P\u00c9\u010cE O \u0160PERKY<\/span><\/h3><\/div>\n\t\t\t\t\t\t<div class=\"tm-image-box__description\">\n\t\t\tSpr\u00e1vn\u00e1 p\u00e9\u010de je kl\u00ed\u010dem k tomu, aby va\u0161e \u0161perky z\u016fstaly kr\u00e1sn\u00e9 po cel\u00fd \u017eivot. A\u0165 u\u017e jde o st\u0159\u00edbro 925, nerezovou ocel nebo kousky zdoben\u00e9 diamanty \u2014 ka\u017ed\u00fd materi\u00e1l vy\u017eaduje svou pozornost.\t\t<\/div>\n\t\t\n\t\t\t\t\t\t<div class=\"tm-button-wrapper\">\n\t\t\t<div class=\"tm-button style-bottom-thick-line tm-button-nm\">\n\t\t\t<div class=\"button-content-wrapper\">\n\t\t\t\t\n\t\t\t\t\t\t\t\t\t<span class=\"button-text\">\u010c\u00cdST D\u00c1L<\/span>\n\n\t\t\t\t\t\t\t\t\t\n\t\t\t\t\t\t\t<\/div>\n\t\t\t<\/div>\t\t<\/div>\n\t\t\t\t\t<\/div>\n\n\t\t<\/div>\n\t\t<\/a>\t\t\t\t\t\t<\/div>\n\t\t\t\t<\/div>\n\t\t\t\t<\/div>\n\t\t<div class=\"elementor-element elementor-element-62f4f0c e-flex e-con-boxed e-con e-parent\" data-id=\"62f4f0c\" data-element_type=\"container\" data-e-type=\"container\">\n\t\t\t\t\t<div class=\"e-con-inner\">\n\t\t\t\t<div class=\"elementor-element elementor-element-63f1129 elementor-widget elementor-widget-spacer\" data-id=\"63f1129\" data-element_type=\"widget\" data-e-type=\"widget\" data-widget_type=\"spacer.default\">\n\t\t\t\t<div class=\"elementor-widget-container\">\n\t\t\t\t\t\t\t<div class=\"elementor-spacer\">\n\t\t\t<div class=\"elementor-spacer-inner\"><\/div>\n\t\t<\/div>\n\t\t\t\t\t\t<\/div>\n\t\t\t\t<\/div>\n\t\t\t\t\t<\/div>\n\t\t\t\t<\/div>\n\t\t<div class=\"elementor-element elementor-element-feced08 e-flex e-con-boxed e-con e-parent\" data-id=\"feced08\" data-element_type=\"container\" data-e-type=\"container\" data-settings=\"{&quot;background_background&quot;:&quot;classic&quot;}\">\n\t\t\t\t\t<div class=\"e-con-inner\">\n\t\t\t\t<div class=\"elementor-element elementor-element-5fa2313 minimog-animation-zoom-in elementor-widget__width-initial elementor-widget elementor-widget-tm-image-box\" data-id=\"5fa2313\" data-element_type=\"widget\" data-e-type=\"widget\" data-widget_type=\"tm-image-box.default\">\n\t\t\t\t<div class=\"elementor-widget-container\">\n\t\t\t\t\t\t\t<a class=\"tm-image-box minimog-box tm-image-box--image- tm-image-box--style-1 link-secret\" href=\"https:\/\/minimog.thememove.com\/robust\/shop\" target=\"_blank\" rel=\"noopener\">\t\t<div class=\"tm-image-box__wrap\">\n\n\t\t\t\n\t\t\t<div class=\"tm-image-box__content\">\n\t\t\t\t<div class=\"tm-image-box__title-wrapper\"><h3 class=\"tm-image-box__title\"><span class=\"tm-image-box__title-text\">Z\u00cdSKEJTE 15 % SLEVU NA PRVN\u00cd OBJEDN\u00c1VKU<\/span><\/h3><\/div>\n\t\t\t\t\t\t<div class=\"tm-image-box__description\">\n\t\t\tZaregistrujte se a z\u00edskejte 15 % slevu na prvn\u00ed n\u00e1kup, plus VIP p\u0159\u00edstup k exkluzivn\u00edm novink\u00e1m a nab\u00eddk\u00e1m ANNIKA.\t\t<\/div>\n\t\t\n\t\t\t\t\t\t\t<\/div>\n\n\t\t<\/div>\n\t\t<\/a>\t\t\t\t\t\t<\/div>\n\t\t\t\t<\/div>\n\t\t\t\t\t<\/div>\n\t\t\t\t<\/div>\n\t\t<div class=\"elementor-element elementor-element-686d38d e-flex e-con-boxed e-con e-parent\" data-id=\"686d38d\" data-element_type=\"container\" data-e-type=\"container\">\n\t\t\t\t\t<div class=\"e-con-inner\">\n\t\t\t\t<div class=\"elementor-element elementor-element-4818db9 elementor-widget elementor-widget-spacer\" data-id=\"4818db9\" data-element_type=\"widget\" data-e-type=\"widget\" data-widget_type=\"spacer.default\">\n\t\t\t\t<div class=\"elementor-widget-container\">\n\t\t\t\t\t\t\t<div class=\"elementor-spacer\">\n\t\t\t<div class=\"elementor-spacer-inner\"><\/div>\n\t\t<\/div>\n\t\t\t\t\t\t<\/div>\n\t\t\t\t<\/div>\n\t\t\t\t\t<\/div>\n\t\t\t\t<\/div>\n\t\t<div class=\"elementor-element elementor-element-5a590ac e-grid e-con-full e-con e-parent\" data-id=\"5a590ac\" data-element_type=\"container\" data-e-type=\"container\">\n\t\t\t\t<div class=\"elementor-element elementor-element-7fe391a minimog-box-animation-move-up minimog-animation-zoom-in elementor-widget elementor-widget-tm-image-box\" data-id=\"7fe391a\" data-element_type=\"widget\" data-e-type=\"widget\" data-widget_type=\"tm-image-box.default\">\n\t\t\t\t<div class=\"elementor-widget-container\">\n\t\t\t\t\t\t\t<a class=\"tm-image-box minimog-box tm-image-box--image-top tm-image-box--style-1 link-secret\" href=\"https:\/\/open.spotify.com\/playlist\/4xyY4V2egq1M7ms8INt1EM?si=x2ylttKqRIeIJ-SBhfoi8Q&#038;nd=1&#038;dlsi=e5eb0380925d46a0\" target=\"_blank\" rel=\"noopener\">\t\t<div class=\"tm-image-box__wrap\">\n\n\t\t\t\t\t\t\t<div class=\"tm-image-box__image\">\n\t\t\t\t\t<m-image class=\"minimog-lazy-image minimog-image\" style=\"--lazy-image-width: 940px;--lazy-image-height: 150.31914893617%;\" data-image-loading><img loading=\"lazy\" decoding=\"async\" src=\"https:\/\/annika.jewelry\/wp-content\/uploads\/2025\/10\/ZURNALO_DYDIS_1_cb74a550-2281-4f38-a5a4-7c37fd48dd1a.png.webp\" width=\"940\" height=\"1413\" alt=\"ZURNALODYDIS1cb74a550-2281-4f38-a5a4-7c37fd48dd1a.png\" class=\"attachment-full size-full\" title=\"\"><\/m-image>\t\t\t\t\t\t\t\t\t<\/div>\n\t\t\t\n\t\t\t<div class=\"tm-image-box__content\">\n\t\t\t\t<div class=\"tm-image-box__title-wrapper\"><h3 class=\"tm-image-box__title\"><span class=\"tm-image-box__title-text\">ANNIKA LISTEN: 02 KESSINI<\/span><\/h3><\/div>\n\t\t\t\t\t\t<div class=\"tm-image-box__description\">\n\t\t\tJarn\u00ed n\u00e1lada s p\u0159\u00edtelem ANNIKA, KESSINI.\t\t<\/div>\n\t\t\n\t\t\t\t\t\t<div class=\"tm-button-wrapper\">\n\t\t\t<div class=\"tm-button style-bottom-thick-line tm-button-nm\">\n\t\t\t<div class=\"button-content-wrapper\">\n\t\t\t\t\n\t\t\t\t\t\t\t\t\t<span class=\"button-text\">listen \u2192<\/span>\n\n\t\t\t\t\t\t\t\t\t\n\t\t\t\t\t\t\t<\/div>\n\t\t\t<\/div>\t\t<\/div>\n\t\t\t\t\t<\/div>\n\n\t\t<\/div>\n\t\t<\/a>\t\t\t\t\t\t<\/div>\n\t\t\t\t<\/div>\n\t\t\t\t<div class=\"elementor-element elementor-element-c110b22 minimog-box-animation-move-up minimog-animation-zoom-in elementor-widget elementor-widget-tm-image-box\" data-id=\"c110b22\" data-element_type=\"widget\" data-e-type=\"widget\" data-widget_type=\"tm-image-box.default\">\n\t\t\t\t<div class=\"elementor-widget-container\">\n\t\t\t\t\t\t\t<a class=\"tm-image-box minimog-box tm-image-box--image-top tm-image-box--style-1 link-secret\" href=\"https:\/\/annika.jewelry\/elementor-page-9966596119597\/\">\t\t<div class=\"tm-image-box__wrap\">\n\n\t\t\t\t\t\t\t<div class=\"tm-image-box__image\">\n\t\t\t\t\t<m-image class=\"minimog-lazy-image minimog-image\" style=\"--lazy-image-width: 990px;--lazy-image-height: 125.05050505051%;\" data-image-loading><img loading=\"lazy\" decoding=\"async\" src=\"https:\/\/annika.jewelry\/wp-content\/uploads\/2025\/10\/Untitled-design-5.png.webp\" width=\"990\" height=\"1238\" alt=\"Untitled-design-5.png\" class=\"attachment-full size-full\" title=\"\"><\/m-image>\t\t\t\t\t\t\t\t\t<\/div>\n\t\t\t\n\t\t\t<div class=\"tm-image-box__content\">\n\t\t\t\t<div class=\"tm-image-box__title-wrapper\"><h3 class=\"tm-image-box__title\"><span class=\"tm-image-box__title-text\">TABULKA VELIKOST\u00cd PRSTEN\u016e<\/span><\/h3><\/div>\n\t\t\t\t\t\t<div class=\"tm-image-box__description\">\n\t\t\tP\u0159i n\u00e1kupu prstenu online nebo v\u00fdb\u011bru pro n\u011bkoho jin\u00e9ho je d\u016fle\u017eit\u00e9 zn\u00e1t p\u0159esnou velikost. N\u00ed\u017ee najdete p\u0159evodn\u00ed tabulku z r\u016fzn\u00fdch sv\u011btov\u00fdch velikost\u00ed na standardy ANNIKA.\t\t<\/div>\n\t\t\n\t\t\t\t\t\t<div class=\"tm-button-wrapper\">\n\t\t\t<div class=\"tm-button style-bottom-thick-line tm-button-nm\">\n\t\t\t<div class=\"button-content-wrapper\">\n\t\t\t\t\n\t\t\t\t\t\t\t\t\t<span class=\"button-text\">\u010c\u00cdST D\u00c1L<\/span>\n\n\t\t\t\t\t\t\t\t\t\n\t\t\t\t\t\t\t<\/div>\n\t\t\t<\/div>\t\t<\/div>\n\t\t\t\t\t<\/div>\n\n\t\t<\/div>\n\t\t<\/a>\t\t\t\t\t\t<\/div>\n\t\t\t\t<\/div>\n\t\t\t\t<div class=\"elementor-element elementor-element-5f7b2ad minimog-box-animation-move-up minimog-animation-zoom-in elementor-widget elementor-widget-tm-image-box\" data-id=\"5f7b2ad\" data-element_type=\"widget\" data-e-type=\"widget\" data-widget_type=\"tm-image-box.default\">\n\t\t\t\t<div class=\"elementor-widget-container\">\n\t\t\t\t\t\t\t<a class=\"tm-image-box minimog-box tm-image-box--image-top tm-image-box--style-1 link-secret\" href=\"https:\/\/open.spotify.com\/playlist\/4HSg5K86hNie8zAia77K0f?si=dR7nXJ1AQfi3BvYBGik9rg&#038;nd=1&#038;dlsi=949a221bb9d54d91\" target=\"_blank\" rel=\"noopener\">\t\t<div class=\"tm-image-box__wrap\">\n\n\t\t\t\t\t\t\t<div class=\"tm-image-box__image\">\n\t\t\t\t\t<m-image class=\"minimog-lazy-image minimog-image\" style=\"--lazy-image-width: 564px;--lazy-image-height: 141.48936170213%;\" data-image-loading><img loading=\"lazy\" decoding=\"async\" src=\"https:\/\/annika.jewelry\/wp-content\/uploads\/2025\/10\/01_LOVE.png.webp\" width=\"564\" height=\"798\" alt=\"01LOVE.png\" class=\"attachment-full size-full\" title=\"\"><\/m-image>\t\t\t\t\t\t\t\t\t<\/div>\n\t\t\t\n\t\t\t<div class=\"tm-image-box__content\">\n\t\t\t\t<div class=\"tm-image-box__title-wrapper\"><h3 class=\"tm-image-box__title\"><span class=\"tm-image-box__title-text\">ANNIKA LISTEN: 01 LOVE<\/span><\/h3><\/div>\n\t\t\t\t\t\t<div class=\"tm-image-box__description\">\n\t\t\tPlaylist stvo\u0159en\u00fd pro \u00fanor, m\u011bs\u00edc l\u00e1sky \u2014 ale nad\u010dasov\u00fd pro ka\u017ed\u00fd den. Oslavte l\u00e1sku ve v\u0161ech ro\u010dn\u00edch obdob\u00edch a p\u0159ijm\u011bte z\u00e1\u017eitky, kter\u00e9 skute\u010dn\u011b prom\u011b\u0148uj\u00ed.\t\t<\/div>\n\t\t\n\t\t\t\t\t\t<div class=\"tm-button-wrapper\">\n\t\t\t<div class=\"tm-button style-bottom-thick-line tm-button-sm\">\n\t\t\t<div class=\"button-content-wrapper\">\n\t\t\t\t\n\t\t\t\t\t\t\t\t\t<span class=\"button-text\">listen \u2192<\/span>\n\n\t\t\t\t\t\t\t\t\t\n\t\t\t\t\t\t\t<\/div>\n\t\t\t<\/div>\t\t<\/div>\n\t\t\t\t\t<\/div>\n\n\t\t<\/div>\n\t\t<\/a>\t\t\t\t\t\t<\/div>\n\t\t\t\t<\/div>\n\t\t\t\t<\/div>\n\t\t<div class=\"elementor-element elementor-element-691d823 e-flex e-con-boxed e-con e-parent\" data-id=\"691d823\" data-element_type=\"container\" data-e-type=\"container\">\n\t\t\t\t\t<div class=\"e-con-inner\">\n\t\t\t\t<div class=\"elementor-element elementor-element-024711e elementor-widget elementor-widget-spacer\" data-id=\"024711e\" data-element_type=\"widget\" data-e-type=\"widget\" data-widget_type=\"spacer.default\">\n\t\t\t\t<div class=\"elementor-widget-container\">\n\t\t\t\t\t\t\t<div class=\"elementor-spacer\">\n\t\t\t<div class=\"elementor-spacer-inner\"><\/div>\n\t\t<\/div>\n\t\t\t\t\t\t<\/div>\n\t\t\t\t<\/div>\n\t\t\t\t\t<\/div>\n\t\t\t\t<\/div>\n\t\t\t\t<\/div>","protected":false},"excerpt":{"rendered":"<p>Magazine From magazine covers to curated playlists \u2014 a glimpse into ANNIKA\u2019s evolving universe of beauty, rhythm, and identity. BEATRICH X ANNIKA: COVER STORY IN \u017dMON\u0116S MAGAZINE Singer Beatrich graces the cover of the latest \u017dMON\u0116S magazine \u2014 radiant, bold, and unapologetically herself. In every shot, she wears ANNIKA jewelry \u2014 pieces chosen to reflect her strength, softness, and unmistakable presence. Read More \u2192 HOOP EARRINGS GUIDE Your first pair of hoop earrings should be simple and versatile &#8211; perfect for wearing from morning to evening. But for your next pair, why not try something bolder? Read More \u2192 ANNIKA LISTEN: 03 DREAMER ANNIKA&#8217;s third playlist: a fusion of electronic, soul, and experimental soundscapes. Enjoy! Listen \u2192 JEWELRY CARE Proper care is essential to keep your jewelry beautiful and lasting a lifetime. Whether it\u2019s 925 sterling silver, stainless steel, or pieces adorned with diamonds, each material requires attention to maintain its brilliance. Read More \u2192 ENJOY 15% OFF YOUR FIRST ORDER Sign up now to get 15% off your first purchase, plus VIP access to exclusive ANNIKA.LT updates and offers. ANNIKA LISTEN: 02 KESSINI A touch of spring vibes with ANNIKA\u2019s friend, KESSINI. listen \u2192 RING SIZE CHART When buying a ring online or selecting one for someone else, it\u2019s important to know the most accurate ring size. Below, you\u2019ll find a conversion chart from various regional sizes to ANNIKA\u2019s standards. Read More \u2192 ANNIKA LISTEN: 01 LOVE A playlist created for February, the month of love, yet timeless for every day! Let\u2019s celebrate love across all seasons and embrace experiences that truly transform. listen \u2192<\/p>","protected":false},"author":8,"featured_media":0,"parent":0,"menu_order":0,"comment_status":"closed","ping_status":"closed","template":"","meta":{"_glsr_average":0,"_glsr_ranking":0,"_glsr_reviews":0,"footnotes":""},"class_list":["post-9966596119419","page","type-page","status-publish","hentry","post-no-thumbnail"],"_links":{"self":[{"href":"https:\/\/annika.jewelry\/cs\/wp-json\/wp\/v2\/pages\/9966596119419","targetHints":{"allow":["GET"]}}],"collection":[{"href":"https:\/\/annika.jewelry\/cs\/wp-json\/wp\/v2\/pages"}],"about":[{"href":"https:\/\/annika.jewelry\/cs\/wp-json\/wp\/v2\/types\/page"}],"author":[{"embeddable":true,"href":"https:\/\/annika.jewelry\/cs\/wp-json\/wp\/v2\/users\/8"}],"replies":[{"embeddable":true,"href":"https:\/\/annika.jewelry\/cs\/wp-json\/wp\/v2\/comments?post=9966596119419"}],"version-history":[{"count":175,"href":"https:\/\/annika.jewelry\/cs\/wp-json\/wp\/v2\/pages\/9966596119419\/revisions"}],"predecessor-version":[{"id":9966596124028,"href":"https:\/\/annika.jewelry\/cs\/wp-json\/wp\/v2\/pages\/9966596119419\/revisions\/9966596124028"}],"wp:attachment":[{"href":"https:\/\/annika.jewelry\/cs\/wp-json\/wp\/v2\/media?parent=9966596119419"}],"curies":[{"name":"wp","href":"https:\/\/api.w.org\/{rel}","templated":true}]}}